{"id":37,"date":"2022-09-13T15:29:40","date_gmt":"2022-09-13T13:29:40","guid":{"rendered":"https:\/?page_id=37"},"modified":"2023-10-31T11:39:17","modified_gmt":"2023-10-31T10:39:17","slug":"ruckerstattung_ruckgaben","status":"publish","type":"page","link":"https:\/\/home-charging.eu\/de\/ruckerstattung_ruckgaben\/","title":{"rendered":"R\u00dcCKGABE UND R\u00dcCKERSTATTUNG"},"content":{"rendered":"<div data-elementor-type=\"wp-page\" data-elementor-id=\"37\" class=\"elementor elementor-37\" data-elementor-post-type=\"page\">\n\t\t\t\t\t\t<section class=\"elementor-section elementor-top-section elementor-element elementor-element-1afcfb54 elementor-section-boxed elementor-section-height-default elementor-section-height-default\" data-id=\"1afcfb54\" data-element_type=\"section\" data-settings=\"{&quot;shape_divider_top&quot;:&quot;opacity-tilt&quot;}\">\n\t\t\t\t\t<div class=\"elementor-shape elementor-shape-top\" aria-hidden=\"true\" data-negative=\"false\">\n\t\t\t<svg xmlns=\"http:\/\/www.w3.org\/2000\/svg\" viewbox=\"0 0 2600 131.1\" preserveaspectratio=\"none\">\n\t<path class=\"elementor-shape-fill\" d=\"M0 0L2600 0 2600 69.1 0 0z\"\/>\n\t<path class=\"elementor-shape-fill\" style=\"opacity:0.5\" d=\"M0 0L2600 0 2600 69.1 0 69.1z\"\/>\n\t<path class=\"elementor-shape-fill\" style=\"opacity:0.25\" d=\"M2600 0L0 0 0 130.1 2600 69.1z\"\/>\n<\/svg>\t\t<\/div>\n\t\t\t\t\t<div class=\"elementor-container elementor-column-gap-no\">\n\t\t\t\t\t<div class=\"elementor-column elementor-col-100 elementor-top-column elementor-element elementor-element-128ac87\" data-id=\"128ac87\" data-element_type=\"column\">\n\t\t\t<div class=\"elementor-widget-wrap elementor-element-populated\">\n\t\t\t\t\t\t<div class=\"elementor-element elementor-element-400bd96f elementor-widget elementor-widget-heading\" data-id=\"400bd96f\" data-element_type=\"widget\" data-widget_type=\"heading.default\">\n\t\t\t\t<div class=\"elementor-widget-container\">\n\t\t\t\t\t<h2 class=\"elementor-heading-title elementor-size-default\">R\u00fcckgabe und R\u00fcckerstattung<\/h2>\t\t\t\t<\/div>\n\t\t\t\t<\/div>\n\t\t\t\t<div class=\"elementor-element elementor-element-9513e98 elementor-widget-divider--view-line elementor-widget elementor-widget-divider\" data-id=\"9513e98\" data-element_type=\"widget\" data-widget_type=\"divider.default\">\n\t\t\t\t<div class=\"elementor-widget-container\">\n\t\t\t\t\t\t\t<div class=\"elementor-divider\">\n\t\t\t<span class=\"elementor-divider-separator\">\n\t\t\t\t\t\t<\/span>\n\t\t<\/div>\n\t\t\t\t\t\t<\/div>\n\t\t\t\t<\/div>\n\t\t\t\t<div class=\"elementor-element elementor-element-7d50ceb1 elementor-widget elementor-widget-text-editor\" data-id=\"7d50ceb1\" data-element_type=\"widget\" data-widget_type=\"text-editor.default\">\n\t\t\t\t<div class=\"elementor-widget-container\">\n\t\t\t\t\t\t\t\t\t<h4><strong>\u00dcbersicht<\/strong><\/h4>\n<p><span style=\"font-weight: 400;\">Unsere Erstattungs- und R\u00fcckgabebestimmungen gelten f\u00fcr 30 Tage. Wenn 30 Tage seit Ihrem Kauf vergangen sind, k\u00f6nnen wir Ihnen keine volle R\u00fcckerstattung oder Umtausch anbieten.<\/span><\/p>\n<p><span style=\"font-weight: 400;\">Zus\u00e4tzliche nicht r\u00fcckgabef\u00e4hige Artikel:<\/span><\/p>\n<ul>\n<li style=\"font-weight: 400;\" aria-level=\"1\">\n<p><span style=\"font-weight: 400;\">Geschenkkarten<\/span><\/p>\n<\/li>\n<li style=\"font-weight: 400;\" aria-level=\"1\">\n<p><span style=\"font-weight: 400;\">Herunterladbare Software-Produkte<\/span><\/p>\n<\/li>\n<\/ul>\n<p><span style=\"font-weight: 400;\">Um Ihre R\u00fccksendung abzuschlie\u00dfen, ben\u00f6tigen wir eine Quittung oder einen Kaufbeleg.<\/span><\/p>\n<p><span style=\"font-weight: 400;\">Bitte senden Sie Ihren Einkauf nicht an unsere Rechnungsadresse zur\u00fcck, da die Ware aus einem Fulfillment-Center kommt. Bitte beachten Sie, dass der Kunde die Kosten f\u00fcr den R\u00fcckversand zu tragen hat.<\/span><\/p>\n<p><span style=\"font-weight: 400;\">Es gibt bestimmte Situationen, in denen nur Teilerstattungen gew\u00e4hrt werden:<\/span><\/p>\n<ul>\n<li style=\"font-weight: 400;\" aria-level=\"1\">\n<p><span style=\"font-weight: 400;\">Jeder Artikel, der sich nicht im Originalzustand befindet, besch\u00e4digt ist oder Teile fehlen, die nicht auf unseren Fehler zur\u00fcckzuf\u00fchren sind.<\/span><\/p>\n<\/li>\n<li style=\"font-weight: 400;\" aria-level=\"1\">\n<p><span style=\"font-weight: 400;\">Jeder Artikel, der mehr als 30 Tage nach der Lieferung zur\u00fcckgegeben wird<\/span><\/p>\n<\/li>\n<\/ul>\n<h4><strong>Erstattungen<\/strong><\/h4>\n<p><span style=\"font-weight: 400;\">Sobald wir Ihre R\u00fccksendung erhalten und gepr\u00fcft haben, senden wir Ihnen eine E-Mail, um Sie dar\u00fcber zu informieren, dass wir Ihren zur\u00fcckgesandten Artikel erhalten haben. Wir werden Sie auch \u00fcber die Genehmigung oder Ablehnung Ihrer R\u00fcckerstattung informieren.<\/span><\/p>\n<p><span style=\"font-weight: 400;\">Wenn Sie genehmigt werden, wird Ihre R\u00fcckerstattung bearbeitet und eine Gutschrift wird automatisch auf Ihre Kreditkarte oder Ihre urspr\u00fcngliche Zahlungsmethode innerhalb von 3-5 Werktagen erfolgen.<\/span><\/p>\n<p><strong>Versp\u00e4tete oder fehlende Erstattungen<\/strong><\/p>\n<p><span style=\"font-weight: 400;\">Wenn Sie noch keine R\u00fcckerstattung erhalten haben, \u00fcberpr\u00fcfen Sie zun\u00e4chst Ihr Bankkonto erneut.<\/span><\/p>\n<p><span style=\"font-weight: 400;\">Wenden Sie sich dann an Ihr Kreditkartenunternehmen. Es kann einige Zeit dauern, bis Ihre R\u00fcckerstattung offiziell verbucht wird.<\/span><\/p>\n<p><span style=\"font-weight: 400;\">Wenden Sie sich dann an Ihre Bank. Oft dauert es einige Zeit, bis eine Erstattung verbucht wird.<\/span><\/p>\n<p><span style=\"font-weight: 400;\">Wenn Sie all dies getan haben und Ihre R\u00fcckerstattung immer noch nicht erhalten haben, kontaktieren Sie uns bitte unter hello@.<\/span><\/p>\n<h4><strong>Tauschb\u00f6rsen<\/strong><\/h4>\n<p><span style=\"font-weight: 400;\">Wir ersetzen nur Artikel, wenn sie defekt oder besch\u00e4digt sind. Wenn Sie den Artikel gegen denselben austauschen m\u00f6chten, senden Sie uns eine E-Mail an hello@.<\/span><\/p>\n<h4><strong>R\u00fccksendungen<\/strong><\/h4>\n<p><span style=\"font-weight: 400;\">Wenn Sie Ihr Produkt zur\u00fcckgeben m\u00f6chten, erhalten Sie eine E-Mail mit den entsprechenden Anweisungen von unserem Kundendienst.<\/span><\/p>\n<p><span style=\"font-weight: 400;\">Sie m\u00fcssen die Versandkosten f\u00fcr die R\u00fccksendung der Artikel selbst tragen.\u00a0<\/span><\/p>\n<p><span style=\"font-weight: 400;\">Je nachdem, wo Sie wohnen, kann es unterschiedlich lange dauern, bis Ihr ausgetauschtes Produkt bei Ihnen eintrifft.<\/span><\/p>\n<p><span style=\"font-weight: 400;\">Wenn Sie teurere Artikel zur\u00fccksenden, sollten Sie einen verfolgbaren Versanddienst nutzen oder eine Versandversicherung abschlie\u00dfen.\u00a0<\/span><\/p>\n<h4><strong>Brauchen Sie Hilfe?<\/strong><\/h4>\n<p><span style=\"font-weight: 400;\">Wenden Sie sich bei Fragen zu Erstattungen und R\u00fcckgaben an hello@.<\/span><\/p>\t\t\t\t\t\t\t\t<\/div>\n\t\t\t\t<\/div>\n\t\t\t\t\t<\/div>\n\t\t<\/div>\n\t\t\t\t\t<\/div>\n\t\t<\/section>\n\t\t\t\t<section class=\"elementor-section elementor-top-section elementor-element elementor-element-1baa5beb elementor-section-boxed elementor-section-height-default elementor-section-height-default\" data-id=\"1baa5beb\" data-element_type=\"section\" data-settings=\"{&quot;shape_divider_bottom&quot;:&quot;opacity-tilt&quot;}\">\n\t\t\t\t\t<div class=\"elementor-shape elementor-shape-bottom\" aria-hidden=\"true\" data-negative=\"false\">\n\t\t\t<svg xmlns=\"http:\/\/www.w3.org\/2000\/svg\" viewbox=\"0 0 2600 131.1\" preserveaspectratio=\"none\">\n\t<path class=\"elementor-shape-fill\" d=\"M0 0L2600 0 2600 69.1 0 0z\"\/>\n\t<path class=\"elementor-shape-fill\" style=\"opacity:0.5\" d=\"M0 0L2600 0 2600 69.1 0 69.1z\"\/>\n\t<path class=\"elementor-shape-fill\" style=\"opacity:0.25\" d=\"M2600 0L0 0 0 130.1 2600 69.1z\"\/>\n<\/svg>\t\t<\/div>\n\t\t\t\t\t<div class=\"elementor-container elementor-column-gap-default\">\n\t\t\t\t\t<div class=\"elementor-column elementor-col-100 elementor-top-column elementor-element elementor-element-21f68f74\" data-id=\"21f68f74\" data-element_type=\"column\">\n\t\t\t<div class=\"elementor-widget-wrap elementor-element-populated\">\n\t\t\t\t\t\t<div class=\"elementor-element elementor-element-2754604a elementor-widget-divider--view-line elementor-widget elementor-widget-divider\" data-id=\"2754604a\" data-element_type=\"widget\" data-widget_type=\"divider.default\">\n\t\t\t\t<div class=\"elementor-widget-container\">\n\t\t\t\t\t\t\t<div class=\"elementor-divider\">\n\t\t\t<span class=\"elementor-divider-separator\">\n\t\t\t\t\t\t<\/span>\n\t\t<\/div>\n\t\t\t\t\t\t<\/div>\n\t\t\t\t<\/div>\n\t\t\t\t<div class=\"elementor-element elementor-element-4409f8f6 elementor-widget elementor-widget-heading\" data-id=\"4409f8f6\" data-element_type=\"widget\" data-widget_type=\"heading.default\">\n\t\t\t\t<div class=\"elementor-widget-container\">\n\t\t\t\t\t<h2 class=\"elementor-heading-title elementor-size-default\">Kundenrezensionen<\/h2>\t\t\t\t<\/div>\n\t\t\t\t<\/div>\n\t\t\t\t<div class=\"elementor-element elementor-element-4e81332e elementor-widget-divider--view-line elementor-widget elementor-widget-divider\" data-id=\"4e81332e\" data-element_type=\"widget\" data-widget_type=\"divider.default\">\n\t\t\t\t<div class=\"elementor-widget-container\">\n\t\t\t\t\t\t\t<div class=\"elementor-divider\">\n\t\t\t<span class=\"elementor-divider-separator\">\n\t\t\t\t\t\t<\/span>\n\t\t<\/div>\n\t\t\t\t\t\t<\/div>\n\t\t\t\t<\/div>\n\t\t\t\t<div class=\"elementor-element elementor-element-129084ee elementor-widget elementor-widget-html\" data-id=\"129084ee\" data-element_type=\"widget\" data-widget_type=\"html.default\">\n\t\t\t\t<div class=\"elementor-widget-container\">\n\t\t\t\t\t<!-- Begin eTrusted widget tag -->\r\n<etrusted-widget data-etrusted-widget-id=\"wdg-8303d63b-094d-4f10-aa81-b16f41f19520\"><\/etrusted-widget>\r\n<!-- End eTrusted widget tag -->\t\t\t\t<\/div>\n\t\t\t\t<\/div>\n\t\t\t\t\t<\/div>\n\t\t<\/div>\n\t\t\t\t\t<\/div>\n\t\t<\/section>\n\t\t\t\t<\/div>","protected":false},"excerpt":{"rendered":"<p>R\u00fccksendungen und R\u00fcckerstattungen \u00dcbersicht Unsere R\u00fcckerstattungs- und R\u00fcckgabebestimmungen gelten 30 Tage lang. Wenn 30 Tage seit Ihrem Kauf vergangen sind, k\u00f6nnen wir Ihnen keine volle R\u00fcckerstattung oder keinen Umtausch anbieten. Zus\u00e4tzliche Artikel, die nicht zur\u00fcckgegeben werden k\u00f6nnen: Geschenkkarten Herunterladbare Softwareprodukte Um Ihre R\u00fcckgabe abzuschlie\u00dfen, ben\u00f6tigen wir eine Quittung oder einen Kaufbeleg. Bitte senden Sie Ihren Kauf nicht [...]<\/p>","protected":false},"author":1,"featured_media":0,"parent":0,"menu_order":0,"comment_status":"closed","ping_status":"closed","template":"elementor_header_footer","meta":{"footnotes":""},"class_list":["post-37","page","type-page","status-publish","hentry"],"yoast_head":"<!-- This site is optimized with the Yoast SEO plugin v25.3.1 - https:\/\/yoast.com\/wordpress\/plugins\/seo\/ -->\n<title>RETURNS AND REFUNDS - home-charging.eu<\/title>\n<meta name=\"robots\" content=\"index, follow, max-snippet:-1, max-image-preview:large, max-video-preview:-1\" \/>\n<link rel=\"canonical\" href=\"https:\/\/home-charging.eu\/de\/ruckerstattung_ruckgaben\/\" \/>\n<meta property=\"og:locale\" content=\"de_DE\" \/>\n<meta property=\"og:type\" content=\"article\" \/>\n<meta property=\"og:title\" content=\"RETURNS AND REFUNDS - home-charging.eu\" \/>\n<meta property=\"og:description\" content=\"returns and refunds Overview Our refund and returns policy lasts 30 days. If 30 days have passed since your purchase, we can\u2019t offer you a full refund or exchange. Additional non-returnable items: Gift cards Downloadable software products To complete your return, we require a receipt or proof of purchase. Please do not send your purchase [&hellip;]\" \/>\n<meta property=\"og:url\" content=\"https:\/\/home-charging.eu\/de\/ruckerstattung_ruckgaben\/\" \/>\n<meta property=\"og:site_name\" content=\"home-charging.eu\" \/>\n<meta property=\"article:modified_time\" content=\"2023-10-31T10:39:17+00:00\" \/>\n<meta name=\"twitter:card\" content=\"summary_large_image\" \/>\n<meta name=\"twitter:label1\" content=\"Gesch\u00e4tzte Lesezeit\" \/>\n\t<meta name=\"twitter:data1\" content=\"2\u00a0Minuten\" \/>\n<script type=\"application\/ld+json\" class=\"yoast-schema-graph\">{\"@context\":\"https:\/\/schema.org\",\"@graph\":[{\"@type\":\"WebPage\",\"@id\":\"https:\/\/home-charging.eu\/refund_returns\/\",\"url\":\"https:\/\/home-charging.eu\/refund_returns\/\",\"name\":\"RETURNS AND REFUNDS - home-charging.eu\",\"isPartOf\":{\"@id\":\"https:\/\/home-charging.eu\/es\/#website\"},\"datePublished\":\"2022-09-13T13:29:40+00:00\",\"dateModified\":\"2023-10-31T10:39:17+00:00\",\"breadcrumb\":{\"@id\":\"https:\/\/home-charging.eu\/refund_returns\/#breadcrumb\"},\"inLanguage\":\"de\",\"potentialAction\":[{\"@type\":\"ReadAction\",\"target\":[\"https:\/\/home-charging.eu\/refund_returns\/\"]}]},{\"@type\":\"BreadcrumbList\",\"@id\":\"https:\/\/home-charging.eu\/refund_returns\/#breadcrumb\",\"itemListElement\":[{\"@type\":\"ListItem\",\"position\":1,\"name\":\"Home\",\"item\":\"https:\/\/home-charging.eu\/sl\/\"},{\"@type\":\"ListItem\",\"position\":2,\"name\":\"RETURNS AND REFUNDS\"}]},{\"@type\":\"WebSite\",\"@id\":\"https:\/\/home-charging.eu\/es\/#website\",\"url\":\"https:\/\/home-charging.eu\/es\/\",\"name\":\"home-charging.eu\",\"description\":\"One-stop shop for all of your renewable energy and electric transportation needs, offering a wide range of products to suit every budget and need.\",\"publisher\":{\"@id\":\"https:\/\/home-charging.eu\/es\/#organization\"},\"potentialAction\":[{\"@type\":\"SearchAction\",\"target\":{\"@type\":\"EntryPoint\",\"urlTemplate\":\"https:\/\/home-charging.eu\/es\/?s={search_term_string}\"},\"query-input\":{\"@type\":\"PropertyValueSpecification\",\"valueRequired\":true,\"valueName\":\"search_term_string\"}}],\"inLanguage\":\"de\"},{\"@type\":\"Organization\",\"@id\":\"https:\/\/home-charging.eu\/es\/#organization\",\"name\":\"home-charging.eu\",\"url\":\"https:\/\/home-charging.eu\/es\/\",\"logo\":{\"@type\":\"ImageObject\",\"inLanguage\":\"de\",\"@id\":\"https:\/\/home-charging.eu\/es\/#\/schema\/logo\/image\/\",\"url\":\"https:\/\/home-charging.eu\/wp-content\/uploads\/2023\/03\/cropped-Logo-jo-szinu.png\",\"contentUrl\":\"https:\/\/home-charging.eu\/wp-content\/uploads\/2023\/03\/cropped-Logo-jo-szinu.png\",\"width\":929,\"height\":97,\"caption\":\"home-charging.eu\"},\"image\":{\"@id\":\"https:\/\/home-charging.eu\/es\/#\/schema\/logo\/image\/\"}}]}<\/script>\n<!-- \/ Yoast SEO plugin. -->","yoast_head_json":{"title":"R\u00dcCKGABE UND ERSTATTUNG - home-charging.eu","robots":{"index":"index","follow":"follow","max-snippet":"max-snippet:-1","max-image-preview":"max-image-preview:large","max-video-preview":"max-video-preview:-1"},"canonical":"https:\/\/home-charging.eu\/de\/ruckerstattung_ruckgaben\/","og_locale":"de_DE","og_type":"article","og_title":"RETURNS AND REFUNDS - home-charging.eu","og_description":"returns and refunds Overview Our refund and returns policy lasts 30 days. If 30 days have passed since your purchase, we can\u2019t offer you a full refund or exchange. Additional non-returnable items: Gift cards Downloadable software products To complete your return, we require a receipt or proof of purchase. Please do not send your purchase [&hellip;]","og_url":"https:\/\/home-charging.eu\/de\/ruckerstattung_ruckgaben\/","og_site_name":"home-charging.eu","article_modified_time":"2023-10-31T10:39:17+00:00","twitter_card":"summary_large_image","twitter_misc":{"Gesch\u00e4tzte Lesezeit":"2\u00a0Minuten"},"schema":{"@context":"https:\/\/schema.org","@graph":[{"@type":"WebPage","@id":"https:\/\/home-charging.eu\/refund_returns\/","url":"https:\/\/home-charging.eu\/refund_returns\/","name":"R\u00dcCKGABE UND ERSTATTUNG - home-charging.eu","isPartOf":{"@id":"https:\/\/home-charging.eu\/es\/#website"},"datePublished":"2022-09-13T13:29:40+00:00","dateModified":"2023-10-31T10:39:17+00:00","breadcrumb":{"@id":"https:\/\/home-charging.eu\/refund_returns\/#breadcrumb"},"inLanguage":"de","potentialAction":[{"@type":"ReadAction","target":["https:\/\/home-charging.eu\/refund_returns\/"]}]},{"@type":"BreadcrumbList","@id":"https:\/\/home-charging.eu\/refund_returns\/#breadcrumb","itemListElement":[{"@type":"ListItem","position":1,"name":"Home","item":"https:\/\/home-charging.eu\/sl\/"},{"@type":"ListItem","position":2,"name":"RETURNS AND REFUNDS"}]},{"@type":"WebSite","@id":"https:\/\/home-charging.eu\/es\/#website","url":"https:\/\/home-charging.eu\/es\/","name":"home-charging.eu","description":"Eine zentrale Anlaufstelle f\u00fcr alle Ihre Bed\u00fcrfnisse in den Bereichen erneuerbare Energien und Elektromobilit\u00e4t, die eine breite Produktpalette f\u00fcr jedes Budget und jeden Bedarf bietet.","publisher":{"@id":"https:\/\/home-charging.eu\/es\/#organization"},"potentialAction":[{"@type":"SearchAction","target":{"@type":"EntryPoint","urlTemplate":"https:\/\/home-charging.eu\/es\/?s={search_term_string}"},"query-input":{"@type":"PropertyValueSpecification","valueRequired":true,"valueName":"search_term_string"}}],"inLanguage":"de"},{"@type":"Organization","@id":"https:\/\/home-charging.eu\/es\/#organization","name":"home-charging.eu","url":"https:\/\/home-charging.eu\/es\/","logo":{"@type":"ImageObject","inLanguage":"de","@id":"https:\/\/home-charging.eu\/es\/#\/schema\/logo\/image\/","url":"https:\/\/home-charging.eu\/wp-content\/uploads\/2023\/03\/cropped-Logo-jo-szinu.png","contentUrl":"https:\/\/home-charging.eu\/wp-content\/uploads\/2023\/03\/cropped-Logo-jo-szinu.png","width":929,"height":97,"caption":"home-charging.eu"},"image":{"@id":"https:\/\/home-charging.eu\/es\/#\/schema\/logo\/image\/"}}]}},"_links":{"self":[{"href":"https:\/\/home-charging.eu\/de\/wp-json\/wp\/v2\/pages\/37","targetHints":{"allow":["GET"]}}],"collection":[{"href":"https:\/\/home-charging.eu\/de\/wp-json\/wp\/v2\/pages"}],"about":[{"href":"https:\/\/home-charging.eu\/de\/wp-json\/wp\/v2\/types\/page"}],"author":[{"embeddable":true,"href":"https:\/\/home-charging.eu\/de\/wp-json\/wp\/v2\/users\/1"}],"replies":[{"embeddable":true,"href":"https:\/\/home-charging.eu\/de\/wp-json\/wp\/v2\/comments?post=37"}],"version-history":[{"count":55,"href":"https:\/\/home-charging.eu\/de\/wp-json\/wp\/v2\/pages\/37\/revisions"}],"predecessor-version":[{"id":4378,"href":"https:\/\/home-charging.eu\/de\/wp-json\/wp\/v2\/pages\/37\/revisions\/4378"}],"wp:attachment":[{"href":"https:\/\/home-charging.eu\/de\/wp-json\/wp\/v2\/media?parent=37"}],"curies":[{"name":"wp","href":"https:\/\/api.w.org\/{rel}","templated":true}]}}