{"id":10,"date":"2017-05-10T14:53:42","date_gmt":"2017-05-10T12:53:42","guid":{"rendered":"https:\/?page_id=10"},"modified":"2023-01-06T18:13:39","modified_gmt":"2023-01-06T17:13:39","slug":"blog","status":"publish","type":"page","link":"https:\/\/home-charging.eu\/es\/blog\/","title":{"rendered":"BLOG"},"content":{"rendered":"<div data-elementor-type=\"wp-page\" data-elementor-id=\"10\" class=\"elementor elementor-10\" data-elementor-post-type=\"page\">\n\t\t\t\t\t\t<section class=\"elementor-section elementor-top-section elementor-element elementor-element-1923fd32 elementor-section-full_width elementor-section-height-default elementor-section-height-default\" data-id=\"1923fd32\" data-element_type=\"section\" data-settings=\"{&quot;shape_divider_top&quot;:&quot;opacity-tilt&quot;,&quot;shape_divider_bottom&quot;:&quot;opacity-tilt&quot;}\">\n\t\t\t\t\t<div class=\"elementor-shape elementor-shape-top\" aria-hidden=\"true\" data-negative=\"false\">\n\t\t\t<svg xmlns=\"http:\/\/www.w3.org\/2000\/svg\" viewbox=\"0 0 2600 131.1\" preserveaspectratio=\"none\">\n\t<path class=\"elementor-shape-fill\" d=\"M0 0L2600 0 2600 69.1 0 0z\"\/>\n\t<path class=\"elementor-shape-fill\" style=\"opacity:0.5\" d=\"M0 0L2600 0 2600 69.1 0 69.1z\"\/>\n\t<path class=\"elementor-shape-fill\" style=\"opacity:0.25\" d=\"M2600 0L0 0 0 130.1 2600 69.1z\"\/>\n<\/svg>\t\t<\/div>\n\t\t\t\t<div class=\"elementor-shape elementor-shape-bottom\" aria-hidden=\"true\" data-negative=\"false\">\n\t\t\t<svg xmlns=\"http:\/\/www.w3.org\/2000\/svg\" viewbox=\"0 0 2600 131.1\" preserveaspectratio=\"none\">\n\t<path class=\"elementor-shape-fill\" d=\"M0 0L2600 0 2600 69.1 0 0z\"\/>\n\t<path class=\"elementor-shape-fill\" style=\"opacity:0.5\" d=\"M0 0L2600 0 2600 69.1 0 69.1z\"\/>\n\t<path class=\"elementor-shape-fill\" style=\"opacity:0.25\" d=\"M2600 0L0 0 0 130.1 2600 69.1z\"\/>\n<\/svg>\t\t<\/div>\n\t\t\t\t\t<div class=\"elementor-container elementor-column-gap-no\">\n\t\t\t\t\t<div class=\"elementor-column elementor-col-100 elementor-top-column elementor-element elementor-element-6d847140\" data-id=\"6d847140\" data-element_type=\"column\">\n\t\t\t<div class=\"elementor-widget-wrap elementor-element-populated\">\n\t\t\t\t\t\t<div class=\"elementor-element elementor-element-73704acf elementor-widget elementor-widget-heading\" data-id=\"73704acf\" data-element_type=\"widget\" data-widget_type=\"heading.default\">\n\t\t\t\t<div class=\"elementor-widget-container\">\n\t\t\t\t\t<h2 class=\"elementor-heading-title elementor-size-default\">pronto...<\/h2>\t\t\t\t<\/div>\n\t\t\t\t<\/div>\n\t\t\t\t\t<\/div>\n\t\t<\/div>\n\t\t\t\t\t<\/div>\n\t\t<\/section>\n\t\t\t\t<\/div>","protected":false},"excerpt":{"rendered":"<p>pronto...<\/p>","protected":false},"author":1,"featured_media":6,"parent":0,"menu_order":0,"comment_status":"closed","ping_status":"closed","template":"elementor_header_footer","meta":{"footnotes":""},"class_list":["post-10","page","type-page","status-publish","has-post-thumbnail","hentry"],"yoast_head":"<!-- This site is optimized with the Yoast SEO plugin v25.3.1 - https:\/\/yoast.com\/wordpress\/plugins\/seo\/ -->\n<title>BLOG - home-charging.eu<\/title>\n<meta name=\"robots\" content=\"index, follow, max-snippet:-1, max-image-preview:large, max-video-preview:-1\" \/>\n<link rel=\"canonical\" href=\"https:\/\/home-charging.eu\/es\/blog\/\" \/>\n<meta property=\"og:locale\" content=\"es_ES\" \/>\n<meta property=\"og:type\" content=\"article\" \/>\n<meta property=\"og:title\" content=\"BLOG - home-charging.eu\" \/>\n<meta property=\"og:description\" content=\"soon&#8230;\" \/>\n<meta property=\"og:url\" content=\"https:\/\/home-charging.eu\/es\/blog\/\" \/>\n<meta property=\"og:site_name\" content=\"home-charging.eu\" \/>\n<meta property=\"article:modified_time\" content=\"2023-01-06T17:13:39+00:00\" \/>\n<meta property=\"og:image\" content=\"https:\/\/home-charging.eu\/wp-content\/uploads\/2017\/05\/coffee.jpg\" \/>\n\t<meta property=\"og:image:width\" content=\"2000\" \/>\n\t<meta property=\"og:image:height\" content=\"1200\" \/>\n\t<meta property=\"og:image:type\" content=\"image\/jpeg\" \/>\n<meta name=\"twitter:card\" content=\"summary_large_image\" \/>\n<meta name=\"twitter:label1\" content=\"Tiempo de lectura\" \/>\n\t<meta name=\"twitter:data1\" content=\"1 minuto\" \/>\n<script type=\"application\/ld+json\" class=\"yoast-schema-graph\">{\"@context\":\"https:\/\/schema.org\",\"@graph\":[{\"@type\":\"WebPage\",\"@id\":\"https:\/\/home-charging.eu\/es\/blog\/\",\"url\":\"https:\/\/home-charging.eu\/es\/blog\/\",\"name\":\"BLOG - home-charging.eu\",\"isPartOf\":{\"@id\":\"https:\/\/home-charging.eu\/es\/#website\"},\"primaryImageOfPage\":{\"@id\":\"https:\/\/home-charging.eu\/es\/blog\/#primaryimage\"},\"image\":{\"@id\":\"https:\/\/home-charging.eu\/es\/blog\/#primaryimage\"},\"thumbnailUrl\":\"https:\/\/home-charging.eu\/wp-content\/uploads\/2017\/05\/coffee.jpg\",\"datePublished\":\"2017-05-10T12:53:42+00:00\",\"dateModified\":\"2023-01-06T17:13:39+00:00\",\"breadcrumb\":{\"@id\":\"https:\/\/home-charging.eu\/es\/blog\/#breadcrumb\"},\"inLanguage\":\"es\",\"potentialAction\":[{\"@type\":\"ReadAction\",\"target\":[\"https:\/\/home-charging.eu\/es\/blog\/\"]}]},{\"@type\":\"ImageObject\",\"inLanguage\":\"es\",\"@id\":\"https:\/\/home-charging.eu\/es\/blog\/#primaryimage\",\"url\":\"https:\/\/home-charging.eu\/wp-content\/uploads\/2017\/05\/coffee.jpg\",\"contentUrl\":\"https:\/\/home-charging.eu\/wp-content\/uploads\/2017\/05\/coffee.jpg\",\"width\":2000,\"height\":1200},{\"@type\":\"BreadcrumbList\",\"@id\":\"https:\/\/home-charging.eu\/es\/blog\/#breadcrumb\",\"itemListElement\":[{\"@type\":\"ListItem\",\"position\":1,\"name\":\"Home\",\"item\":\"https:\/\/home-charging.eu\/sl\/\"},{\"@type\":\"ListItem\",\"position\":2,\"name\":\"BLOG\"}]},{\"@type\":\"WebSite\",\"@id\":\"https:\/\/home-charging.eu\/es\/#website\",\"url\":\"https:\/\/home-charging.eu\/es\/\",\"name\":\"home-charging.eu\",\"description\":\"One-stop shop for all of your renewable energy and electric transportation needs, offering a wide range of products to suit every budget and need.\",\"publisher\":{\"@id\":\"https:\/\/home-charging.eu\/es\/#organization\"},\"potentialAction\":[{\"@type\":\"SearchAction\",\"target\":{\"@type\":\"EntryPoint\",\"urlTemplate\":\"https:\/\/home-charging.eu\/es\/?s={search_term_string}\"},\"query-input\":{\"@type\":\"PropertyValueSpecification\",\"valueRequired\":true,\"valueName\":\"search_term_string\"}}],\"inLanguage\":\"es\"},{\"@type\":\"Organization\",\"@id\":\"https:\/\/home-charging.eu\/es\/#organization\",\"name\":\"home-charging.eu\",\"url\":\"https:\/\/home-charging.eu\/es\/\",\"logo\":{\"@type\":\"ImageObject\",\"inLanguage\":\"es\",\"@id\":\"https:\/\/home-charging.eu\/es\/#\/schema\/logo\/image\/\",\"url\":\"https:\/\/home-charging.eu\/wp-content\/uploads\/2023\/03\/cropped-Logo-jo-szinu.png\",\"contentUrl\":\"https:\/\/home-charging.eu\/wp-content\/uploads\/2023\/03\/cropped-Logo-jo-szinu.png\",\"width\":929,\"height\":97,\"caption\":\"home-charging.eu\"},\"image\":{\"@id\":\"https:\/\/home-charging.eu\/es\/#\/schema\/logo\/image\/\"}}]}<\/script>\n<!-- \/ Yoast SEO plugin. -->","yoast_head_json":{"title":"BLOG - home-charging.eu","robots":{"index":"index","follow":"follow","max-snippet":"max-snippet:-1","max-image-preview":"max-image-preview:large","max-video-preview":"max-video-preview:-1"},"canonical":"https:\/\/home-charging.eu\/es\/blog\/","og_locale":"es_ES","og_type":"article","og_title":"BLOG - home-charging.eu","og_description":"soon&#8230;","og_url":"https:\/\/home-charging.eu\/es\/blog\/","og_site_name":"home-charging.eu","article_modified_time":"2023-01-06T17:13:39+00:00","og_image":[{"width":2000,"height":1200,"url":"https:\/\/home-charging.eu\/wp-content\/uploads\/2017\/05\/coffee.jpg","type":"image\/jpeg"}],"twitter_card":"summary_large_image","twitter_misc":{"Tiempo de lectura":"1 minuto"},"schema":{"@context":"https:\/\/schema.org","@graph":[{"@type":"WebPage","@id":"https:\/\/home-charging.eu\/es\/blog\/","url":"https:\/\/home-charging.eu\/es\/blog\/","name":"BLOG - home-charging.eu","isPartOf":{"@id":"https:\/\/home-charging.eu\/es\/#website"},"primaryImageOfPage":{"@id":"https:\/\/home-charging.eu\/es\/blog\/#primaryimage"},"image":{"@id":"https:\/\/home-charging.eu\/es\/blog\/#primaryimage"},"thumbnailUrl":"https:\/\/home-charging.eu\/wp-content\/uploads\/2017\/05\/coffee.jpg","datePublished":"2017-05-10T12:53:42+00:00","dateModified":"2023-01-06T17:13:39+00:00","breadcrumb":{"@id":"https:\/\/home-charging.eu\/es\/blog\/#breadcrumb"},"inLanguage":"es","potentialAction":[{"@type":"ReadAction","target":["https:\/\/home-charging.eu\/es\/blog\/"]}]},{"@type":"ImageObject","inLanguage":"es","@id":"https:\/\/home-charging.eu\/es\/blog\/#primaryimage","url":"https:\/\/home-charging.eu\/wp-content\/uploads\/2017\/05\/coffee.jpg","contentUrl":"https:\/\/home-charging.eu\/wp-content\/uploads\/2017\/05\/coffee.jpg","width":2000,"height":1200},{"@type":"BreadcrumbList","@id":"https:\/\/home-charging.eu\/es\/blog\/#breadcrumb","itemListElement":[{"@type":"ListItem","position":1,"name":"Home","item":"https:\/\/home-charging.eu\/sl\/"},{"@type":"ListItem","position":2,"name":"BLOG"}]},{"@type":"WebSite","@id":"https:\/\/home-charging.eu\/es\/#website","url":"https:\/\/home-charging.eu\/es\/","name":"home-charging.eu","description":"Una ventanilla \u00fanica para todas sus necesidades de energ\u00eda renovable y transporte el\u00e9ctrico, que ofrece una amplia gama de productos para todos los presupuestos y necesidades.","publisher":{"@id":"https:\/\/home-charging.eu\/es\/#organization"},"potentialAction":[{"@type":"SearchAction","target":{"@type":"EntryPoint","urlTemplate":"https:\/\/home-charging.eu\/es\/?s={search_term_string}"},"query-input":{"@type":"PropertyValueSpecification","valueRequired":true,"valueName":"search_term_string"}}],"inLanguage":"es"},{"@type":"Organization","@id":"https:\/\/home-charging.eu\/es\/#organization","name":"home-charging.eu","url":"https:\/\/home-charging.eu\/es\/","logo":{"@type":"ImageObject","inLanguage":"es","@id":"https:\/\/home-charging.eu\/es\/#\/schema\/logo\/image\/","url":"https:\/\/home-charging.eu\/wp-content\/uploads\/2023\/03\/cropped-Logo-jo-szinu.png","contentUrl":"https:\/\/home-charging.eu\/wp-content\/uploads\/2023\/03\/cropped-Logo-jo-szinu.png","width":929,"height":97,"caption":"home-charging.eu"},"image":{"@id":"https:\/\/home-charging.eu\/es\/#\/schema\/logo\/image\/"}}]}},"_links":{"self":[{"href":"https:\/\/home-charging.eu\/es\/wp-json\/wp\/v2\/pages\/10","targetHints":{"allow":["GET"]}}],"collection":[{"href":"https:\/\/home-charging.eu\/es\/wp-json\/wp\/v2\/pages"}],"about":[{"href":"https:\/\/home-charging.eu\/es\/wp-json\/wp\/v2\/types\/page"}],"author":[{"embeddable":true,"href":"https:\/\/home-charging.eu\/es\/wp-json\/wp\/v2\/users\/1"}],"replies":[{"embeddable":true,"href":"https:\/\/home-charging.eu\/es\/wp-json\/wp\/v2\/comments?post=10"}],"version-history":[{"count":21,"href":"https:\/\/home-charging.eu\/es\/wp-json\/wp\/v2\/pages\/10\/revisions"}],"predecessor-version":[{"id":6338,"href":"https:\/\/home-charging.eu\/es\/wp-json\/wp\/v2\/pages\/10\/revisions\/6338"}],"wp:featuredmedia":[{"embeddable":true,"href":"https:\/\/home-charging.eu\/es\/wp-json\/wp\/v2\/media\/6"}],"wp:attachment":[{"href":"https:\/\/home-charging.eu\/es\/wp-json\/wp\/v2\/media?parent=10"}],"curies":[{"name":"wp","href":"https:\/\/api.w.org\/{rel}","templated":true}]}}