{"id":3472,"date":"2023-04-18T18:01:26","date_gmt":"2023-04-18T16:01:26","guid":{"rendered":"https:\/it\/myai-account\/"},"modified":"2023-04-18T18:01:26","modified_gmt":"2023-04-18T16:01:26","slug":"cuenta-myai","status":"publish","type":"page","link":"https:\/\/home-charging.eu\/es\/cuenta-myai\/","title":{"rendered":"Mi cuenta AI"},"content":{"rendered":"<p>[wpaicg_my_account]<\/p>","protected":false},"excerpt":{"rendered":"<p>[wpaicg_my_account]<\/p>","protected":false},"author":0,"featured_media":0,"parent":0,"menu_order":0,"comment_status":"closed","ping_status":"closed","template":"","meta":{"footnotes":""},"class_list":["post-3472","page","type-page","status-publish","hentry"],"yoast_head":"<!-- This site is optimized with the Yoast SEO plugin v27.4 - https:\/\/yoast.com\/product\/yoast-seo-wordpress\/ -->\n<title>My AI Account - home-charging.eu<\/title>\n<meta name=\"robots\" content=\"index, follow, max-snippet:-1, max-image-preview:large, max-video-preview:-1\" \/>\n<link rel=\"canonical\" href=\"https:\/\/home-charging.eu\/es\/cuenta-myai\/\" \/>\n<meta property=\"og:locale\" content=\"es_ES\" \/>\n<meta property=\"og:type\" content=\"article\" \/>\n<meta property=\"og:title\" content=\"My AI Account - home-charging.eu\" \/>\n<meta property=\"og:description\" content=\"[wpaicg_my_account]\" \/>\n<meta property=\"og:url\" content=\"https:\/\/home-charging.eu\/es\/cuenta-myai\/\" \/>\n<meta property=\"og:site_name\" content=\"home-charging.eu\" \/>\n<meta name=\"twitter:card\" content=\"summary_large_image\" \/>\n<script type=\"application\/ld+json\" class=\"yoast-schema-graph\">{\"@context\":\"https:\\\/\\\/schema.org\",\"@graph\":[{\"@type\":\"WebPage\",\"@id\":\"https:\\\/\\\/home-charging.eu\\\/sk\\\/ucet-myai\\\/\",\"url\":\"https:\\\/\\\/home-charging.eu\\\/sk\\\/ucet-myai\\\/\",\"name\":\"My AI Account - home-charging.eu\",\"isPartOf\":{\"@id\":\"https:\\\/\\\/home-charging.eu\\\/es\\\/#website\"},\"datePublished\":\"2023-04-18T16:01:26+00:00\",\"breadcrumb\":{\"@id\":\"https:\\\/\\\/home-charging.eu\\\/sk\\\/ucet-myai\\\/#breadcrumb\"},\"inLanguage\":\"es\",\"potentialAction\":[{\"@type\":\"ReadAction\",\"target\":[\"https:\\\/\\\/home-charging.eu\\\/sk\\\/ucet-myai\\\/\"]}]},{\"@type\":\"BreadcrumbList\",\"@id\":\"https:\\\/\\\/home-charging.eu\\\/sk\\\/ucet-myai\\\/#breadcrumb\",\"itemListElement\":[{\"@type\":\"ListItem\",\"position\":1,\"name\":\"Home\",\"item\":\"https:\\\/\\\/home-charging.eu\\\/sl\\\/\"},{\"@type\":\"ListItem\",\"position\":2,\"name\":\"My AI Account\"}]},{\"@type\":\"WebSite\",\"@id\":\"https:\\\/\\\/home-charging.eu\\\/es\\\/#website\",\"url\":\"https:\\\/\\\/home-charging.eu\\\/es\\\/\",\"name\":\"home-charging.eu\",\"description\":\"One-stop shop for all of your renewable energy and electric transportation needs, offering a wide range of products to suit every budget and need.\",\"publisher\":{\"@id\":\"https:\\\/\\\/home-charging.eu\\\/es\\\/#organization\"},\"potentialAction\":[{\"@type\":\"SearchAction\",\"target\":{\"@type\":\"EntryPoint\",\"urlTemplate\":\"https:\\\/\\\/home-charging.eu\\\/es\\\/?s={search_term_string}\"},\"query-input\":{\"@type\":\"PropertyValueSpecification\",\"valueRequired\":true,\"valueName\":\"search_term_string\"}}],\"inLanguage\":\"es\"},{\"@type\":\"Organization\",\"@id\":\"https:\\\/\\\/home-charging.eu\\\/es\\\/#organization\",\"name\":\"home-charging.eu\",\"url\":\"https:\\\/\\\/home-charging.eu\\\/es\\\/\",\"logo\":{\"@type\":\"ImageObject\",\"inLanguage\":\"es\",\"@id\":\"https:\\\/\\\/home-charging.eu\\\/es\\\/#\\\/schema\\\/logo\\\/image\\\/\",\"url\":\"https:\\\/\\\/home-charging.eu\\\/wp-content\\\/uploads\\\/2023\\\/03\\\/cropped-Logo-jo-szinu.png\",\"contentUrl\":\"https:\\\/\\\/home-charging.eu\\\/wp-content\\\/uploads\\\/2023\\\/03\\\/cropped-Logo-jo-szinu.png\",\"width\":929,\"height\":97,\"caption\":\"home-charging.eu\"},\"image\":{\"@id\":\"https:\\\/\\\/home-charging.eu\\\/es\\\/#\\\/schema\\\/logo\\\/image\\\/\"}}]}<\/script>\n<!-- \/ Yoast SEO plugin. -->","yoast_head_json":{"title":"Mi cuenta AI - home-charging.eu","robots":{"index":"index","follow":"follow","max-snippet":"max-snippet:-1","max-image-preview":"max-image-preview:large","max-video-preview":"max-video-preview:-1"},"canonical":"https:\/\/home-charging.eu\/es\/cuenta-myai\/","og_locale":"es_ES","og_type":"article","og_title":"My AI Account - home-charging.eu","og_description":"[wpaicg_my_account]","og_url":"https:\/\/home-charging.eu\/es\/cuenta-myai\/","og_site_name":"home-charging.eu","twitter_card":"summary_large_image","schema":{"@context":"https:\/\/schema.org","@graph":[{"@type":"WebPage","@id":"https:\/\/home-charging.eu\/sk\/ucet-myai\/","url":"https:\/\/home-charging.eu\/sk\/ucet-myai\/","name":"Mi cuenta AI - home-charging.eu","isPartOf":{"@id":"https:\/\/home-charging.eu\/es\/#website"},"datePublished":"2023-04-18T16:01:26+00:00","breadcrumb":{"@id":"https:\/\/home-charging.eu\/sk\/ucet-myai\/#breadcrumb"},"inLanguage":"es","potentialAction":[{"@type":"ReadAction","target":["https:\/\/home-charging.eu\/sk\/ucet-myai\/"]}]},{"@type":"BreadcrumbList","@id":"https:\/\/home-charging.eu\/sk\/ucet-myai\/#breadcrumb","itemListElement":[{"@type":"ListItem","position":1,"name":"Home","item":"https:\/\/home-charging.eu\/sl\/"},{"@type":"ListItem","position":2,"name":"My AI Account"}]},{"@type":"WebSite","@id":"https:\/\/home-charging.eu\/es\/#website","url":"https:\/\/home-charging.eu\/es\/","name":"home-charging.eu","description":"Una ventanilla \u00fanica para todas sus necesidades de energ\u00eda renovable y transporte el\u00e9ctrico, que ofrece una amplia gama de productos para todos los presupuestos y necesidades.","publisher":{"@id":"https:\/\/home-charging.eu\/es\/#organization"},"potentialAction":[{"@type":"SearchAction","target":{"@type":"EntryPoint","urlTemplate":"https:\/\/home-charging.eu\/es\/?s={search_term_string}"},"query-input":{"@type":"PropertyValueSpecification","valueRequired":true,"valueName":"search_term_string"}}],"inLanguage":"es"},{"@type":"Organization","@id":"https:\/\/home-charging.eu\/es\/#organization","name":"home-charging.eu","url":"https:\/\/home-charging.eu\/es\/","logo":{"@type":"ImageObject","inLanguage":"es","@id":"https:\/\/home-charging.eu\/es\/#\/schema\/logo\/image\/","url":"https:\/\/home-charging.eu\/wp-content\/uploads\/2023\/03\/cropped-Logo-jo-szinu.png","contentUrl":"https:\/\/home-charging.eu\/wp-content\/uploads\/2023\/03\/cropped-Logo-jo-szinu.png","width":929,"height":97,"caption":"home-charging.eu"},"image":{"@id":"https:\/\/home-charging.eu\/es\/#\/schema\/logo\/image\/"}}]}},"_links":{"self":[{"href":"https:\/\/home-charging.eu\/es\/wp-json\/wp\/v2\/pages\/3472","targetHints":{"allow":["GET"]}}],"collection":[{"href":"https:\/\/home-charging.eu\/es\/wp-json\/wp\/v2\/pages"}],"about":[{"href":"https:\/\/home-charging.eu\/es\/wp-json\/wp\/v2\/types\/page"}],"replies":[{"embeddable":true,"href":"https:\/\/home-charging.eu\/es\/wp-json\/wp\/v2\/comments?post=3472"}],"version-history":[{"count":0,"href":"https:\/\/home-charging.eu\/es\/wp-json\/wp\/v2\/pages\/3472\/revisions"}],"wp:attachment":[{"href":"https:\/\/home-charging.eu\/es\/wp-json\/wp\/v2\/media?parent=3472"}],"curies":[{"name":"wp","href":"https:\/\/api.w.org\/{rel}","templated":true}]}}