{"id":37,"date":"2022-09-13T15:29:40","date_gmt":"2022-09-13T13:29:40","guid":{"rendered":"https:\/?page_id=37"},"modified":"2023-10-31T11:39:17","modified_gmt":"2023-10-31T10:39:17","slug":"devoluciones_devolucion","status":"publish","type":"page","link":"https:\/\/home-charging.eu\/es\/devoluciones_devolucion\/","title":{"rendered":"DEVOLUCIONES Y REEMBOLSOS"},"content":{"rendered":"<div data-elementor-type=\"wp-page\" data-elementor-id=\"37\" class=\"elementor elementor-37\" data-elementor-post-type=\"page\">\n\t\t\t\t\t\t<section class=\"elementor-section elementor-top-section elementor-element elementor-element-1afcfb54 elementor-section-boxed elementor-section-height-default elementor-section-height-default\" data-id=\"1afcfb54\" data-element_type=\"section\" data-settings=\"{&quot;shape_divider_top&quot;:&quot;opacity-tilt&quot;}\">\n\t\t\t\t\t<div class=\"elementor-shape elementor-shape-top\" aria-hidden=\"true\" data-negative=\"false\">\n\t\t\t<svg xmlns=\"http:\/\/www.w3.org\/2000\/svg\" viewbox=\"0 0 2600 131.1\" preserveaspectratio=\"none\">\n\t<path class=\"elementor-shape-fill\" d=\"M0 0L2600 0 2600 69.1 0 0z\"\/>\n\t<path class=\"elementor-shape-fill\" style=\"opacity:0.5\" d=\"M0 0L2600 0 2600 69.1 0 69.1z\"\/>\n\t<path class=\"elementor-shape-fill\" style=\"opacity:0.25\" d=\"M2600 0L0 0 0 130.1 2600 69.1z\"\/>\n<\/svg>\t\t<\/div>\n\t\t\t\t\t<div class=\"elementor-container elementor-column-gap-no\">\n\t\t\t\t\t<div class=\"elementor-column elementor-col-100 elementor-top-column elementor-element elementor-element-128ac87\" data-id=\"128ac87\" data-element_type=\"column\">\n\t\t\t<div class=\"elementor-widget-wrap elementor-element-populated\">\n\t\t\t\t\t\t<div class=\"elementor-element elementor-element-400bd96f elementor-widget elementor-widget-heading\" data-id=\"400bd96f\" data-element_type=\"widget\" data-widget_type=\"heading.default\">\n\t\t\t\t<div class=\"elementor-widget-container\">\n\t\t\t\t\t<h2 class=\"elementor-heading-title elementor-size-default\">devoluciones y reembolsos<\/h2>\t\t\t\t<\/div>\n\t\t\t\t<\/div>\n\t\t\t\t<div class=\"elementor-element elementor-element-9513e98 elementor-widget-divider--view-line elementor-widget elementor-widget-divider\" data-id=\"9513e98\" data-element_type=\"widget\" data-widget_type=\"divider.default\">\n\t\t\t\t<div class=\"elementor-widget-container\">\n\t\t\t\t\t\t\t<div class=\"elementor-divider\">\n\t\t\t<span class=\"elementor-divider-separator\">\n\t\t\t\t\t\t<\/span>\n\t\t<\/div>\n\t\t\t\t\t\t<\/div>\n\t\t\t\t<\/div>\n\t\t\t\t<div class=\"elementor-element elementor-element-7d50ceb1 elementor-widget elementor-widget-text-editor\" data-id=\"7d50ceb1\" data-element_type=\"widget\" data-widget_type=\"text-editor.default\">\n\t\t\t\t<div class=\"elementor-widget-container\">\n\t\t\t\t\t\t\t\t\t<h4><strong>Visi\u00f3n general<\/strong><\/h4>\n<p><span style=\"font-weight: 400;\">Nuestra pol\u00edtica de reembolsos y devoluciones dura 30 d\u00edas. Si han pasado 30 d\u00edas desde tu compra, no podemos ofrecerte un reembolso o cambio completo.<\/span><\/p>\n<p><span style=\"font-weight: 400;\">Art\u00edculos adicionales no retornables:<\/span><\/p>\n<ul>\n<li style=\"font-weight: 400;\" aria-level=\"1\">\n<p><span style=\"font-weight: 400;\">Tarjetas regalo<\/span><\/p>\n<\/li>\n<li style=\"font-weight: 400;\" aria-level=\"1\">\n<p><span style=\"font-weight: 400;\">Programas descargables<\/span><\/p>\n<\/li>\n<\/ul>\n<p><span style=\"font-weight: 400;\">Para completar su devoluci\u00f3n, necesitamos un recibo o prueba de compra.<\/span><\/p>\n<p><span style=\"font-weight: 400;\">Por favor, no env\u00ede su compra de vuelta a nuestra direcci\u00f3n de facturaci\u00f3n, ya que las mercanc\u00edas provienen de centros de cumplimiento. Tenga en cuenta que el cliente debe pagar los gastos de env\u00edo de la devoluci\u00f3n.<\/span><\/p>\n<p><span style=\"font-weight: 400;\">Hay determinadas situaciones en las que s\u00f3lo se conceden devoluciones parciales:<\/span><\/p>\n<ul>\n<li style=\"font-weight: 400;\" aria-level=\"1\">\n<p><span style=\"font-weight: 400;\">Cualquier art\u00edculo que no se encuentre en su estado original, est\u00e9 da\u00f1ado o le falten piezas por motivos que no se deban a un error nuestro.<\/span><\/p>\n<\/li>\n<li style=\"font-weight: 400;\" aria-level=\"1\">\n<p><span style=\"font-weight: 400;\">Cualquier art\u00edculo que se devuelva m\u00e1s de 30 d\u00edas despu\u00e9s de la entrega<\/span><\/p>\n<\/li>\n<\/ul>\n<h4><strong>Reembolsos<\/strong><\/h4>\n<p><span style=\"font-weight: 400;\">Una vez recibida e inspeccionada su devoluci\u00f3n, le enviaremos un correo electr\u00f3nico para notificarle que hemos recibido su art\u00edculo devuelto. Tambi\u00e9n le notificaremos la aprobaci\u00f3n o el rechazo de su devoluci\u00f3n.<\/span><\/p>\n<p><span style=\"font-weight: 400;\">Si se aprueba, se procesar\u00e1 el reembolso y se aplicar\u00e1 autom\u00e1ticamente un cr\u00e9dito a su tarjeta de cr\u00e9dito o m\u00e9todo de pago original, normalmente en un plazo de 3 a 5 d\u00edas laborables.<\/span><\/p>\n<p><strong>Reembolsos atrasados o no efectuados<\/strong><\/p>\n<p><span style=\"font-weight: 400;\">Si a\u00fan no ha recibido el reembolso, compruebe primero de nuevo su cuenta bancaria.<\/span><\/p>\n<p><span style=\"font-weight: 400;\">A continuaci\u00f3n, p\u00f3ngase en contacto con la entidad emisora de su tarjeta de cr\u00e9dito, ya que el reembolso puede tardar alg\u00fan tiempo en hacerse efectivo oficialmente.<\/span><\/p>\n<p><span style=\"font-weight: 400;\">A continuaci\u00f3n, p\u00f3ngase en contacto con su banco. A menudo transcurre alg\u00fan tiempo antes de que se contabilice el reembolso.<\/span><\/p>\n<p><span style=\"font-weight: 400;\">Si ha hecho todo esto y a\u00fan no ha recibido el reembolso, p\u00f3ngase en contacto con nosotros en hello@.<\/span><\/p>\n<h4><strong>Intercambios<\/strong><\/h4>\n<p><span style=\"font-weight: 400;\">S\u00f3lo cambiamos art\u00edculos si est\u00e1n defectuosos o da\u00f1ados. Si necesitas cambiarlo por el mismo art\u00edculo, env\u00edanos un correo electr\u00f3nico a hello@.<\/span><\/p>\n<h4><strong>Devoluciones<\/strong><\/h4>\n<p><span style=\"font-weight: 400;\">Para devolver su producto, recibir\u00e1 un correo electr\u00f3nico con las instrucciones de nuestro servicio de atenci\u00f3n al cliente.<\/span><\/p>\n<p><span style=\"font-weight: 400;\">Los gastos de env\u00edo de la devoluci\u00f3n correr\u00e1n por su cuenta.\u00a0<\/span><\/p>\n<p><span style=\"font-weight: 400;\">Dependiendo de d\u00f3nde viva, el tiempo que puede tardar en llegarle el producto intercambiado puede variar.<\/span><\/p>\n<p><span style=\"font-weight: 400;\">Si va a devolver art\u00edculos m\u00e1s caros, puede considerar la posibilidad de utilizar un servicio de env\u00edo con seguimiento o contratar un seguro de env\u00edo.\u00a0<\/span><\/p>\n<h4><strong>\u00bfNecesitas ayuda?<\/strong><\/h4>\n<p><span style=\"font-weight: 400;\">P\u00f3ngase en contacto con nosotros en hello@ para cuestiones relacionadas con reembolsos y devoluciones.<\/span><\/p>\t\t\t\t\t\t\t\t<\/div>\n\t\t\t\t<\/div>\n\t\t\t\t\t<\/div>\n\t\t<\/div>\n\t\t\t\t\t<\/div>\n\t\t<\/section>\n\t\t\t\t<section class=\"elementor-section elementor-top-section elementor-element elementor-element-1baa5beb elementor-section-boxed elementor-section-height-default elementor-section-height-default\" data-id=\"1baa5beb\" data-element_type=\"section\" data-settings=\"{&quot;shape_divider_bottom&quot;:&quot;opacity-tilt&quot;}\">\n\t\t\t\t\t<div class=\"elementor-shape elementor-shape-bottom\" aria-hidden=\"true\" data-negative=\"false\">\n\t\t\t<svg xmlns=\"http:\/\/www.w3.org\/2000\/svg\" viewbox=\"0 0 2600 131.1\" preserveaspectratio=\"none\">\n\t<path class=\"elementor-shape-fill\" d=\"M0 0L2600 0 2600 69.1 0 0z\"\/>\n\t<path class=\"elementor-shape-fill\" style=\"opacity:0.5\" d=\"M0 0L2600 0 2600 69.1 0 69.1z\"\/>\n\t<path class=\"elementor-shape-fill\" style=\"opacity:0.25\" d=\"M2600 0L0 0 0 130.1 2600 69.1z\"\/>\n<\/svg>\t\t<\/div>\n\t\t\t\t\t<div class=\"elementor-container elementor-column-gap-default\">\n\t\t\t\t\t<div class=\"elementor-column elementor-col-100 elementor-top-column elementor-element elementor-element-21f68f74\" data-id=\"21f68f74\" data-element_type=\"column\">\n\t\t\t<div class=\"elementor-widget-wrap elementor-element-populated\">\n\t\t\t\t\t\t<div class=\"elementor-element elementor-element-2754604a elementor-widget-divider--view-line elementor-widget elementor-widget-divider\" data-id=\"2754604a\" data-element_type=\"widget\" data-widget_type=\"divider.default\">\n\t\t\t\t<div class=\"elementor-widget-container\">\n\t\t\t\t\t\t\t<div class=\"elementor-divider\">\n\t\t\t<span class=\"elementor-divider-separator\">\n\t\t\t\t\t\t<\/span>\n\t\t<\/div>\n\t\t\t\t\t\t<\/div>\n\t\t\t\t<\/div>\n\t\t\t\t<div class=\"elementor-element elementor-element-4409f8f6 elementor-widget elementor-widget-heading\" data-id=\"4409f8f6\" data-element_type=\"widget\" data-widget_type=\"heading.default\">\n\t\t\t\t<div class=\"elementor-widget-container\">\n\t\t\t\t\t<h2 class=\"elementor-heading-title elementor-size-default\">Opiniones de los clientes<\/h2>\t\t\t\t<\/div>\n\t\t\t\t<\/div>\n\t\t\t\t<div class=\"elementor-element elementor-element-4e81332e elementor-widget-divider--view-line elementor-widget elementor-widget-divider\" data-id=\"4e81332e\" data-element_type=\"widget\" data-widget_type=\"divider.default\">\n\t\t\t\t<div class=\"elementor-widget-container\">\n\t\t\t\t\t\t\t<div class=\"elementor-divider\">\n\t\t\t<span class=\"elementor-divider-separator\">\n\t\t\t\t\t\t<\/span>\n\t\t<\/div>\n\t\t\t\t\t\t<\/div>\n\t\t\t\t<\/div>\n\t\t\t\t<div class=\"elementor-element elementor-element-129084ee elementor-widget elementor-widget-html\" data-id=\"129084ee\" data-element_type=\"widget\" data-widget_type=\"html.default\">\n\t\t\t\t<div class=\"elementor-widget-container\">\n\t\t\t\t\t<!-- Begin eTrusted widget tag -->\r\n<etrusted-widget data-etrusted-widget-id=\"wdg-8303d63b-094d-4f10-aa81-b16f41f19520\"><\/etrusted-widget>\r\n<!-- End eTrusted widget tag -->\t\t\t\t<\/div>\n\t\t\t\t<\/div>\n\t\t\t\t\t<\/div>\n\t\t<\/div>\n\t\t\t\t\t<\/div>\n\t\t<\/section>\n\t\t\t\t<\/div>","protected":false},"excerpt":{"rendered":"<p>devoluciones y reembolsos Informaci\u00f3n general Nuestra pol\u00edtica de devoluciones y reembolsos dura 30 d\u00edas. Si han pasado 30 d\u00edas desde su compra, no podemos ofrecerle un reembolso o cambio completo. Otros art\u00edculos que no se pueden devolver Tarjetas regalo Productos de software descargables Para completar su devoluci\u00f3n, necesitamos un recibo o prueba de compra. Por favor, no env\u00ede su compra [...]<\/p>","protected":false},"author":1,"featured_media":0,"parent":0,"menu_order":0,"comment_status":"closed","ping_status":"closed","template":"elementor_header_footer","meta":{"footnotes":""},"class_list":["post-37","page","type-page","status-publish","hentry"],"yoast_head":"<!-- This site is optimized with the Yoast SEO plugin v25.3.1 - https:\/\/yoast.com\/wordpress\/plugins\/seo\/ -->\n<title>RETURNS AND REFUNDS - home-charging.eu<\/title>\n<meta name=\"robots\" content=\"index, follow, max-snippet:-1, max-image-preview:large, max-video-preview:-1\" \/>\n<link rel=\"canonical\" href=\"https:\/\/home-charging.eu\/es\/devoluciones_devolucion\/\" \/>\n<meta property=\"og:locale\" content=\"es_ES\" \/>\n<meta property=\"og:type\" content=\"article\" \/>\n<meta property=\"og:title\" content=\"RETURNS AND REFUNDS - home-charging.eu\" \/>\n<meta property=\"og:description\" content=\"returns and refunds Overview Our refund and returns policy lasts 30 days. If 30 days have passed since your purchase, we can\u2019t offer you a full refund or exchange. Additional non-returnable items: Gift cards Downloadable software products To complete your return, we require a receipt or proof of purchase. Please do not send your purchase [&hellip;]\" \/>\n<meta property=\"og:url\" content=\"https:\/\/home-charging.eu\/es\/devoluciones_devolucion\/\" \/>\n<meta property=\"og:site_name\" content=\"home-charging.eu\" \/>\n<meta property=\"article:modified_time\" content=\"2023-10-31T10:39:17+00:00\" \/>\n<meta name=\"twitter:card\" content=\"summary_large_image\" \/>\n<meta name=\"twitter:label1\" content=\"Tiempo de lectura\" \/>\n\t<meta name=\"twitter:data1\" content=\"2 minutos\" \/>\n<script type=\"application\/ld+json\" class=\"yoast-schema-graph\">{\"@context\":\"https:\/\/schema.org\",\"@graph\":[{\"@type\":\"WebPage\",\"@id\":\"https:\/\/home-charging.eu\/refund_returns\/\",\"url\":\"https:\/\/home-charging.eu\/refund_returns\/\",\"name\":\"RETURNS AND REFUNDS - home-charging.eu\",\"isPartOf\":{\"@id\":\"https:\/\/home-charging.eu\/es\/#website\"},\"datePublished\":\"2022-09-13T13:29:40+00:00\",\"dateModified\":\"2023-10-31T10:39:17+00:00\",\"breadcrumb\":{\"@id\":\"https:\/\/home-charging.eu\/refund_returns\/#breadcrumb\"},\"inLanguage\":\"es\",\"potentialAction\":[{\"@type\":\"ReadAction\",\"target\":[\"https:\/\/home-charging.eu\/refund_returns\/\"]}]},{\"@type\":\"BreadcrumbList\",\"@id\":\"https:\/\/home-charging.eu\/refund_returns\/#breadcrumb\",\"itemListElement\":[{\"@type\":\"ListItem\",\"position\":1,\"name\":\"Home\",\"item\":\"https:\/\/home-charging.eu\/sl\/\"},{\"@type\":\"ListItem\",\"position\":2,\"name\":\"RETURNS AND REFUNDS\"}]},{\"@type\":\"WebSite\",\"@id\":\"https:\/\/home-charging.eu\/es\/#website\",\"url\":\"https:\/\/home-charging.eu\/es\/\",\"name\":\"home-charging.eu\",\"description\":\"One-stop shop for all of your renewable energy and electric transportation needs, offering a wide range of products to suit every budget and need.\",\"publisher\":{\"@id\":\"https:\/\/home-charging.eu\/es\/#organization\"},\"potentialAction\":[{\"@type\":\"SearchAction\",\"target\":{\"@type\":\"EntryPoint\",\"urlTemplate\":\"https:\/\/home-charging.eu\/es\/?s={search_term_string}\"},\"query-input\":{\"@type\":\"PropertyValueSpecification\",\"valueRequired\":true,\"valueName\":\"search_term_string\"}}],\"inLanguage\":\"es\"},{\"@type\":\"Organization\",\"@id\":\"https:\/\/home-charging.eu\/es\/#organization\",\"name\":\"home-charging.eu\",\"url\":\"https:\/\/home-charging.eu\/es\/\",\"logo\":{\"@type\":\"ImageObject\",\"inLanguage\":\"es\",\"@id\":\"https:\/\/home-charging.eu\/es\/#\/schema\/logo\/image\/\",\"url\":\"https:\/\/home-charging.eu\/wp-content\/uploads\/2023\/03\/cropped-Logo-jo-szinu.png\",\"contentUrl\":\"https:\/\/home-charging.eu\/wp-content\/uploads\/2023\/03\/cropped-Logo-jo-szinu.png\",\"width\":929,\"height\":97,\"caption\":\"home-charging.eu\"},\"image\":{\"@id\":\"https:\/\/home-charging.eu\/es\/#\/schema\/logo\/image\/\"}}]}<\/script>\n<!-- \/ Yoast SEO plugin. -->","yoast_head_json":{"title":"DEVOLUCIONES Y REEMBOLSOS - home-charging.eu","robots":{"index":"index","follow":"follow","max-snippet":"max-snippet:-1","max-image-preview":"max-image-preview:large","max-video-preview":"max-video-preview:-1"},"canonical":"https:\/\/home-charging.eu\/es\/devoluciones_devolucion\/","og_locale":"es_ES","og_type":"article","og_title":"RETURNS AND REFUNDS - home-charging.eu","og_description":"returns and refunds Overview Our refund and returns policy lasts 30 days. If 30 days have passed since your purchase, we can\u2019t offer you a full refund or exchange. Additional non-returnable items: Gift cards Downloadable software products To complete your return, we require a receipt or proof of purchase. Please do not send your purchase [&hellip;]","og_url":"https:\/\/home-charging.eu\/es\/devoluciones_devolucion\/","og_site_name":"home-charging.eu","article_modified_time":"2023-10-31T10:39:17+00:00","twitter_card":"summary_large_image","twitter_misc":{"Tiempo de lectura":"2 minutos"},"schema":{"@context":"https:\/\/schema.org","@graph":[{"@type":"WebPage","@id":"https:\/\/home-charging.eu\/refund_returns\/","url":"https:\/\/home-charging.eu\/refund_returns\/","name":"DEVOLUCIONES Y REEMBOLSOS - home-charging.eu","isPartOf":{"@id":"https:\/\/home-charging.eu\/es\/#website"},"datePublished":"2022-09-13T13:29:40+00:00","dateModified":"2023-10-31T10:39:17+00:00","breadcrumb":{"@id":"https:\/\/home-charging.eu\/refund_returns\/#breadcrumb"},"inLanguage":"es","potentialAction":[{"@type":"ReadAction","target":["https:\/\/home-charging.eu\/refund_returns\/"]}]},{"@type":"BreadcrumbList","@id":"https:\/\/home-charging.eu\/refund_returns\/#breadcrumb","itemListElement":[{"@type":"ListItem","position":1,"name":"Home","item":"https:\/\/home-charging.eu\/sl\/"},{"@type":"ListItem","position":2,"name":"RETURNS AND REFUNDS"}]},{"@type":"WebSite","@id":"https:\/\/home-charging.eu\/es\/#website","url":"https:\/\/home-charging.eu\/es\/","name":"home-charging.eu","description":"Una ventanilla \u00fanica para todas sus necesidades de energ\u00eda renovable y transporte el\u00e9ctrico, que ofrece una amplia gama de productos para todos los presupuestos y necesidades.","publisher":{"@id":"https:\/\/home-charging.eu\/es\/#organization"},"potentialAction":[{"@type":"SearchAction","target":{"@type":"EntryPoint","urlTemplate":"https:\/\/home-charging.eu\/es\/?s={search_term_string}"},"query-input":{"@type":"PropertyValueSpecification","valueRequired":true,"valueName":"search_term_string"}}],"inLanguage":"es"},{"@type":"Organization","@id":"https:\/\/home-charging.eu\/es\/#organization","name":"home-charging.eu","url":"https:\/\/home-charging.eu\/es\/","logo":{"@type":"ImageObject","inLanguage":"es","@id":"https:\/\/home-charging.eu\/es\/#\/schema\/logo\/image\/","url":"https:\/\/home-charging.eu\/wp-content\/uploads\/2023\/03\/cropped-Logo-jo-szinu.png","contentUrl":"https:\/\/home-charging.eu\/wp-content\/uploads\/2023\/03\/cropped-Logo-jo-szinu.png","width":929,"height":97,"caption":"home-charging.eu"},"image":{"@id":"https:\/\/home-charging.eu\/es\/#\/schema\/logo\/image\/"}}]}},"_links":{"self":[{"href":"https:\/\/home-charging.eu\/es\/wp-json\/wp\/v2\/pages\/37","targetHints":{"allow":["GET"]}}],"collection":[{"href":"https:\/\/home-charging.eu\/es\/wp-json\/wp\/v2\/pages"}],"about":[{"href":"https:\/\/home-charging.eu\/es\/wp-json\/wp\/v2\/types\/page"}],"author":[{"embeddable":true,"href":"https:\/\/home-charging.eu\/es\/wp-json\/wp\/v2\/users\/1"}],"replies":[{"embeddable":true,"href":"https:\/\/home-charging.eu\/es\/wp-json\/wp\/v2\/comments?post=37"}],"version-history":[{"count":55,"href":"https:\/\/home-charging.eu\/es\/wp-json\/wp\/v2\/pages\/37\/revisions"}],"predecessor-version":[{"id":4378,"href":"https:\/\/home-charging.eu\/es\/wp-json\/wp\/v2\/pages\/37\/revisions\/4378"}],"wp:attachment":[{"href":"https:\/\/home-charging.eu\/es\/wp-json\/wp\/v2\/media?parent=37"}],"curies":[{"name":"wp","href":"https:\/\/api.w.org\/{rel}","templated":true}]}}