{"id":3510,"date":"2023-05-08T12:01:44","date_gmt":"2023-05-08T10:01:44","guid":{"rendered":"https:\/?page_id=3510"},"modified":"2023-10-31T11:38:14","modified_gmt":"2023-10-31T10:38:14","slug":"elallasi-jog","status":"publish","type":"page","link":"https:\/\/home-charging.eu\/hu\/elallasi-jog\/","title":{"rendered":"Visszal\u00e9p\u00e9si jog"},"content":{"rendered":"<div data-elementor-type=\"wp-page\" data-elementor-id=\"3510\" class=\"elementor elementor-3510\" data-elementor-post-type=\"page\">\n\t\t\t\t\t\t<section class=\"elementor-section elementor-top-section elementor-element elementor-element-6ea0a0a elementor-section-boxed elementor-section-height-default elementor-section-height-default\" data-id=\"6ea0a0a\" data-element_type=\"section\" data-settings=\"{&quot;shape_divider_top&quot;:&quot;opacity-tilt&quot;}\">\n\t\t\t\t\t<div class=\"elementor-shape elementor-shape-top\" aria-hidden=\"true\" data-negative=\"false\">\n\t\t\t<svg xmlns=\"http:\/\/www.w3.org\/2000\/svg\" viewbox=\"0 0 2600 131.1\" preserveaspectratio=\"none\">\n\t<path class=\"elementor-shape-fill\" d=\"M0 0L2600 0 2600 69.1 0 0z\"\/>\n\t<path class=\"elementor-shape-fill\" style=\"opacity:0.5\" d=\"M0 0L2600 0 2600 69.1 0 69.1z\"\/>\n\t<path class=\"elementor-shape-fill\" style=\"opacity:0.25\" d=\"M2600 0L0 0 0 130.1 2600 69.1z\"\/>\n<\/svg>\t\t<\/div>\n\t\t\t\t\t<div class=\"elementor-container elementor-column-gap-default\">\n\t\t\t\t\t<div class=\"elementor-column elementor-col-100 elementor-top-column elementor-element elementor-element-f37c51f\" data-id=\"f37c51f\" data-element_type=\"column\">\n\t\t\t<div class=\"elementor-widget-wrap elementor-element-populated\">\n\t\t\t\t\t\t<div class=\"elementor-element elementor-element-7a50286 elementor-widget elementor-widget-heading\" data-id=\"7a50286\" data-element_type=\"widget\" data-widget_type=\"heading.default\">\n\t\t\t\t<div class=\"elementor-widget-container\">\n\t\t\t\t\t<h2 class=\"elementor-heading-title elementor-size-default\">Visszal\u00e9p\u00e9si jog<\/h2>\t\t\t\t<\/div>\n\t\t\t\t<\/div>\n\t\t\t\t<div class=\"elementor-element elementor-element-986f0ce elementor-widget-divider--view-line elementor-widget elementor-widget-divider\" data-id=\"986f0ce\" data-element_type=\"widget\" data-widget_type=\"divider.default\">\n\t\t\t\t<div class=\"elementor-widget-container\">\n\t\t\t\t\t\t\t<div class=\"elementor-divider\">\n\t\t\t<span class=\"elementor-divider-separator\">\n\t\t\t\t\t\t<\/span>\n\t\t<\/div>\n\t\t\t\t\t\t<\/div>\n\t\t\t\t<\/div>\n\t\t\t\t<div class=\"elementor-element elementor-element-c8e5102 elementor-widget elementor-widget-text-editor\" data-id=\"c8e5102\" data-element_type=\"widget\" data-widget_type=\"text-editor.default\">\n\t\t\t\t<div class=\"elementor-widget-container\">\n\t\t\t\t\t\t\t\t\t<h4><strong>A t\u00f6rl\u00e9si \u00e1rukra vonatkoz\u00f3 utas\u00edt\u00e1sok<\/strong><\/h4><p><span style=\"font-weight: 400;\">A fogyaszt\u00f3knak 30 napos felmond\u00e1si joguk van.<\/span><\/p><h4><strong>Lemond\u00e1si jog<\/strong><\/h4><p><span style=\"font-weight: 400;\">\u00d6n jogosult 30 napon bel\u00fcl indokl\u00e1s n\u00e9lk\u00fcl felmondani a szerz\u0151d\u00e9st. Az el\u00e1ll\u00e1si hat\u00e1rid\u0151 att\u00f3l a napt\u00f3l sz\u00e1m\u00edtott 30 nap eltelt\u00e9vel j\u00e1r le, amikor \u00d6n, vagy az \u00d6n \u00e1ltal megjel\u00f6lt, a fuvaroz\u00f3t\u00f3l elt\u00e9r\u0151 harmadik szem\u00e9ly az \u00e1ru fizikai birtok\u00e1ba ker\u00fcl.<\/span><\/p><p><span style=\"font-weight: 400;\">Az el\u00e1ll\u00e1si jog gyakorl\u00e1sa \u00e9rdek\u00e9ben t\u00e1j\u00e9koztatnia kell minket (AH PROJECTS Kft., Forraskut utca 54, 9012 Gy\u0151r, Magyarorsz\u00e1g, hello@, Telefon: +361411) egy\u00e9rtelm\u0171 nyilatkozatban (pl. postai \u00faton k\u00fcld\u00f6tt lev\u00e9lben vagy e-mailben) k\u00f6z\u00f6lni, hogy el k\u00edv\u00e1nja mondani a szerz\u0151d\u00e9st. Haszn\u00e1lhatja a mell\u00e9kelt felmond\u00e1si nyilatkozatmint\u00e1t, de ez nem k\u00f6telez\u0151.<\/span><\/p><p><span style=\"font-weight: 400;\">A lemond\u00e1si hat\u00e1rid\u0151 betart\u00e1s\u00e1hoz elegend\u0151, ha a lemond\u00e1si jog gyakorl\u00e1s\u00e1ra vonatkoz\u00f3 k\u00f6zlem\u00e9ny\u00e9t a lemond\u00e1si hat\u00e1rid\u0151 lej\u00e1rta el\u0151tt elk\u00fcldi.<\/span><\/p><h4><strong>A t\u00f6rl\u00e9s hat\u00e1sai<\/strong><\/h4><p><span style=\"font-weight: 400;\">Ha \u00d6n el\u00e1ll a szerz\u0151d\u00e9st\u0151l, indokolatlan k\u00e9sedelem n\u00e9lk\u00fcl, de legk\u00e9s\u0151bb att\u00f3l a napt\u00f3l sz\u00e1m\u00edtott 14 napon bel\u00fcl, amikor \u00e9rtes\u00fclt\u00fcnk az \u00d6n el\u00e1ll\u00e1si sz\u00e1nd\u00e9k\u00e1r\u00f3l, visszafizetj\u00fck \u00d6nnek az \u00d6nt\u0151l kapott \u00f6sszes kifizet\u00e9st, bele\u00e9rtve a sz\u00e1ll\u00edt\u00e1si k\u00f6lts\u00e9geket is (kiv\u00e9ve a kieg\u00e9sz\u00edt\u0151 k\u00f6lts\u00e9geket, amelyek akkor mer\u00fclnek fel, ha \u00d6n az \u00e1ltalunk k\u00edn\u00e1lt legolcs\u00f3bb szabv\u00e1nyos sz\u00e1ll\u00edt\u00e1si m\u00f3dt\u00f3l elt\u00e9r\u0151 sz\u00e1ll\u00edt\u00e1si m\u00f3dot v\u00e1lasztott). A visszat\u00e9r\u00edt\u00e9st ugyanazzal a fizet\u00e9si eszk\u00f6zzel v\u00e9gezz\u00fck el, mint amelyet \u00d6n az eredeti tranzakci\u00f3 sor\u00e1n haszn\u00e1lt, kiv\u00e9ve, ha \u00d6n kifejezetten m\u00e1sk\u00e9nt nem \u00e1llapodott meg; a visszat\u00e9r\u00edt\u00e9s k\u00f6vetkezt\u00e9ben \u00d6nt semmilyen d\u00edj nem terheli. Visszatarthatjuk a visszat\u00e9r\u00edt\u00e9st mindaddig, am\u00edg vissza nem kapjuk az \u00e1rut, vagy am\u00edg \u00d6n nem szolg\u00e1ltat bizony\u00edt\u00e9kot arr\u00f3l, hogy visszak\u00fcldte az \u00e1rut, att\u00f3l f\u00fcgg\u0151en, hogy melyik a kor\u00e1bbi id\u0151pont.<\/span><\/p><p><span style=\"font-weight: 400;\">\u00d6n k\u00f6teles az \u00e1rut indokolatlan k\u00e9sedelem n\u00e9lk\u00fcl, de legk\u00e9s\u0151bb att\u00f3l a napt\u00f3l sz\u00e1m\u00edtott 14 napon bel\u00fcl, amikor a szerz\u0151d\u00e9st\u0151l val\u00f3 el\u00e1ll\u00e1s\u00e1t k\u00f6z\u00f6lte vel\u00fcnk, visszak\u00fcldeni vagy \u00e1tadni nek\u00fcnk. A hat\u00e1rid\u0151 akkor teljes\u00fcl, ha \u00d6n a 14 napos hat\u00e1rid\u0151 lej\u00e1rta el\u0151tt visszak\u00fcldi az \u00e1rut. Az \u00e1ru visszak\u00fcld\u00e9s\u00e9nek k\u00f6zvetlen k\u00f6lts\u00e9geit \u00d6nnek kell viselnie. \u00d6n csak az \u00e1ru \u00e9rt\u00e9kcs\u00f6kken\u00e9s\u00e9\u00e9rt felel, amely az \u00e1ru term\u00e9szet\u00e9nek, jellemz\u0151inek \u00e9s m\u0171k\u00f6d\u00e9s\u00e9nek meg\u00e1llap\u00edt\u00e1s\u00e1hoz sz\u00fcks\u00e9ges kezel\u00e9sen k\u00edv\u00fcli kezel\u00e9sb\u0151l ered.<\/span><\/p><table><tbody><tr><td><h4><strong>Lemond\u00e1si formanyomtatv\u00e1ny minta<\/strong><\/h4><p><i><span style=\"font-weight: 400;\">(Ha fel k\u00edv\u00e1nja mondani a szerz\u0151d\u00e9st, k\u00e9rj\u00fck, t\u00f6ltse ki az al\u00e1bbi \u0171rlapot, \u00e9s k\u00fcldje vissza nek\u00fcnk.)<\/span><\/i><\/p><p>- To AH PROJECTS Kft, Forraskut utca 54, 9012 Gy\u0151r, Magyarorsz\u00e1g, hello@<\/p><p><span style=\"font-weight: 400;\">- Ez\u00faton \u00e9rtes\u00edtem\/jelentj\u00fck(*), hogy el\u00e1llok\/el\u00e1llunk(*) az al\u00e1bbi \u00e1ruk(*)\/az al\u00e1bbi szolg\u00e1ltat\u00e1s(*) ny\u00fajt\u00e1s\u00e1ra vonatkoz\u00f3 ad\u00e1sv\u00e9teli szerz\u0151d\u00e9semt\u0151l(*)<\/span><\/p><p><span style=\"font-weight: 400;\">- Megrendeltem (*) \/ megkaptam (*)<\/span><\/p><p><span style=\"font-weight: 400;\">- A fogyaszt\u00f3(k) neve<\/span><\/p><p><span style=\"font-weight: 400;\">- A fogyaszt\u00f3(k) c\u00edme<\/span><\/p><p><span style=\"font-weight: 400;\">- A fogyaszt\u00f3(k) al\u00e1\u00edr\u00e1sa (csak akkor, ha ezt pap\u00edron jelentik be)<\/span><\/p><p><span style=\"font-weight: 400;\">- D\u00e1tum<\/span><span style=\"font-weight: 400;\"><br \/><\/span><span style=\"font-weight: 400;\"><br \/><\/span><span style=\"font-weight: 400;\">(*) A megfelel\u0151t t\u00f6r\u00f6lni<\/span><\/p><\/td><\/tr><\/tbody><\/table>\t\t\t\t\t\t\t\t<\/div>\n\t\t\t\t<\/div>\n\t\t\t\t\t<\/div>\n\t\t<\/div>\n\t\t\t\t\t<\/div>\n\t\t<\/section>\n\t\t\t\t<section class=\"elementor-section elementor-top-section elementor-element elementor-element-204d2bc5 elementor-section-boxed elementor-section-height-default elementor-section-height-default\" data-id=\"204d2bc5\" data-element_type=\"section\" data-settings=\"{&quot;shape_divider_bottom&quot;:&quot;opacity-tilt&quot;}\">\n\t\t\t\t\t<div class=\"elementor-shape elementor-shape-bottom\" aria-hidden=\"true\" data-negative=\"false\">\n\t\t\t<svg xmlns=\"http:\/\/www.w3.org\/2000\/svg\" viewbox=\"0 0 2600 131.1\" preserveaspectratio=\"none\">\n\t<path class=\"elementor-shape-fill\" d=\"M0 0L2600 0 2600 69.1 0 0z\"\/>\n\t<path class=\"elementor-shape-fill\" style=\"opacity:0.5\" d=\"M0 0L2600 0 2600 69.1 0 69.1z\"\/>\n\t<path class=\"elementor-shape-fill\" style=\"opacity:0.25\" d=\"M2600 0L0 0 0 130.1 2600 69.1z\"\/>\n<\/svg>\t\t<\/div>\n\t\t\t\t\t<div class=\"elementor-container elementor-column-gap-default\">\n\t\t\t\t\t<div class=\"elementor-column elementor-col-100 elementor-top-column elementor-element elementor-element-4e20e587\" data-id=\"4e20e587\" data-element_type=\"column\">\n\t\t\t<div class=\"elementor-widget-wrap elementor-element-populated\">\n\t\t\t\t\t\t<div class=\"elementor-element elementor-element-2b679067 elementor-widget-divider--view-line elementor-widget elementor-widget-divider\" data-id=\"2b679067\" data-element_type=\"widget\" data-widget_type=\"divider.default\">\n\t\t\t\t<div class=\"elementor-widget-container\">\n\t\t\t\t\t\t\t<div class=\"elementor-divider\">\n\t\t\t<span class=\"elementor-divider-separator\">\n\t\t\t\t\t\t<\/span>\n\t\t<\/div>\n\t\t\t\t\t\t<\/div>\n\t\t\t\t<\/div>\n\t\t\t\t<div class=\"elementor-element elementor-element-6af261e3 elementor-widget elementor-widget-heading\" data-id=\"6af261e3\" data-element_type=\"widget\" data-widget_type=\"heading.default\">\n\t\t\t\t<div class=\"elementor-widget-container\">\n\t\t\t\t\t<h2 class=\"elementor-heading-title elementor-size-default\">V\u00e1s\u00e1rl\u00f3i v\u00e9lem\u00e9nyek<\/h2>\t\t\t\t<\/div>\n\t\t\t\t<\/div>\n\t\t\t\t<div class=\"elementor-element elementor-element-1dea518 elementor-widget-divider--view-line elementor-widget elementor-widget-divider\" data-id=\"1dea518\" data-element_type=\"widget\" data-widget_type=\"divider.default\">\n\t\t\t\t<div class=\"elementor-widget-container\">\n\t\t\t\t\t\t\t<div class=\"elementor-divider\">\n\t\t\t<span class=\"elementor-divider-separator\">\n\t\t\t\t\t\t<\/span>\n\t\t<\/div>\n\t\t\t\t\t\t<\/div>\n\t\t\t\t<\/div>\n\t\t\t\t<div class=\"elementor-element elementor-element-287686e8 elementor-widget elementor-widget-html\" data-id=\"287686e8\" data-element_type=\"widget\" data-widget_type=\"html.default\">\n\t\t\t\t<div class=\"elementor-widget-container\">\n\t\t\t\t\t<!-- Begin eTrusted widget tag -->\r\n<etrusted-widget data-etrusted-widget-id=\"wdg-8303d63b-094d-4f10-aa81-b16f41f19520\"><\/etrusted-widget>\r\n<!-- End eTrusted widget tag -->\t\t\t\t<\/div>\n\t\t\t\t<\/div>\n\t\t\t\t\t<\/div>\n\t\t<\/div>\n\t\t\t\t\t<\/div>\n\t\t<\/section>\n\t\t\t\t<\/div>","protected":false},"excerpt":{"rendered":"<p>El\u00e1ll\u00e1si jog Az el\u00e1ll\u00e1si \u00e1rura vonatkoz\u00f3 utas\u00edt\u00e1sok A fogyaszt\u00f3knak 30 napos el\u00e1ll\u00e1si joguk van. El\u00e1ll\u00e1si jog \u00d6n jogosult 30 napon bel\u00fcl indokl\u00e1s n\u00e9lk\u00fcl el\u00e1llni a szerz\u0151d\u00e9st\u0151l. Az el\u00e1ll\u00e1si hat\u00e1rid\u0151 att\u00f3l a napt\u00f3l sz\u00e1m\u00edtott 30 nap eltelt\u00e9vel j\u00e1r le, amelyen \u00d6n vagy egy harmadik f\u00e9l, aki nem [...]<\/p>","protected":false},"author":1,"featured_media":0,"parent":0,"menu_order":0,"comment_status":"closed","ping_status":"closed","template":"elementor_header_footer","meta":{"footnotes":""},"class_list":["post-3510","page","type-page","status-publish","hentry"],"yoast_head":"<!-- This site is optimized with the Yoast SEO plugin v25.3.1 - https:\/\/yoast.com\/wordpress\/plugins\/seo\/ -->\n<title>Right of Withdrawal - home-charging.eu<\/title>\n<meta name=\"robots\" content=\"index, follow, max-snippet:-1, max-image-preview:large, max-video-preview:-1\" \/>\n<link rel=\"canonical\" href=\"https:\/\/home-charging.eu\/hu\/elallasi-jog\/\" \/>\n<meta property=\"og:locale\" content=\"hu_HU\" \/>\n<meta property=\"og:type\" content=\"article\" \/>\n<meta property=\"og:title\" content=\"Right of Withdrawal - home-charging.eu\" \/>\n<meta property=\"og:description\" content=\"Right of Withdrawal Instructions on cancellation goods Consumers have a 30 days right to cancel. Right to cancel You have the right to cancel this contract within 30 days without giving any reason. The cancellation period will expire after 30 days from the day on which you acquire, or a third party other than the [&hellip;]\" \/>\n<meta property=\"og:url\" content=\"https:\/\/home-charging.eu\/hu\/elallasi-jog\/\" \/>\n<meta property=\"og:site_name\" content=\"home-charging.eu\" \/>\n<meta property=\"article:modified_time\" content=\"2023-10-31T10:38:14+00:00\" \/>\n<meta name=\"twitter:card\" content=\"summary_large_image\" \/>\n<meta name=\"twitter:label1\" content=\"Becs\u00fclt olvas\u00e1si id\u0151\" \/>\n\t<meta name=\"twitter:data1\" content=\"3 perc\" \/>\n<script type=\"application\/ld+json\" class=\"yoast-schema-graph\">{\"@context\":\"https:\/\/schema.org\",\"@graph\":[{\"@type\":\"WebPage\",\"@id\":\"https:\/\/home-charging.eu\/sk\/pravo-na-odstupenie-od-zmluvy\/\",\"url\":\"https:\/\/home-charging.eu\/sk\/pravo-na-odstupenie-od-zmluvy\/\",\"name\":\"Right of Withdrawal - home-charging.eu\",\"isPartOf\":{\"@id\":\"https:\/\/home-charging.eu\/es\/#website\"},\"datePublished\":\"2023-05-08T10:01:44+00:00\",\"dateModified\":\"2023-10-31T10:38:14+00:00\",\"breadcrumb\":{\"@id\":\"https:\/\/home-charging.eu\/sk\/pravo-na-odstupenie-od-zmluvy\/#breadcrumb\"},\"inLanguage\":\"hu\",\"potentialAction\":[{\"@type\":\"ReadAction\",\"target\":[\"https:\/\/home-charging.eu\/sk\/pravo-na-odstupenie-od-zmluvy\/\"]}]},{\"@type\":\"BreadcrumbList\",\"@id\":\"https:\/\/home-charging.eu\/sk\/pravo-na-odstupenie-od-zmluvy\/#breadcrumb\",\"itemListElement\":[{\"@type\":\"ListItem\",\"position\":1,\"name\":\"Home\",\"item\":\"https:\/\/home-charging.eu\/sl\/\"},{\"@type\":\"ListItem\",\"position\":2,\"name\":\"Right of Withdrawal\"}]},{\"@type\":\"WebSite\",\"@id\":\"https:\/\/home-charging.eu\/es\/#website\",\"url\":\"https:\/\/home-charging.eu\/es\/\",\"name\":\"home-charging.eu\",\"description\":\"One-stop shop for all of your renewable energy and electric transportation needs, offering a wide range of products to suit every budget and need.\",\"publisher\":{\"@id\":\"https:\/\/home-charging.eu\/es\/#organization\"},\"potentialAction\":[{\"@type\":\"SearchAction\",\"target\":{\"@type\":\"EntryPoint\",\"urlTemplate\":\"https:\/\/home-charging.eu\/es\/?s={search_term_string}\"},\"query-input\":{\"@type\":\"PropertyValueSpecification\",\"valueRequired\":true,\"valueName\":\"search_term_string\"}}],\"inLanguage\":\"hu\"},{\"@type\":\"Organization\",\"@id\":\"https:\/\/home-charging.eu\/es\/#organization\",\"name\":\"home-charging.eu\",\"url\":\"https:\/\/home-charging.eu\/es\/\",\"logo\":{\"@type\":\"ImageObject\",\"inLanguage\":\"hu\",\"@id\":\"https:\/\/home-charging.eu\/es\/#\/schema\/logo\/image\/\",\"url\":\"https:\/\/home-charging.eu\/wp-content\/uploads\/2023\/03\/cropped-Logo-jo-szinu.png\",\"contentUrl\":\"https:\/\/home-charging.eu\/wp-content\/uploads\/2023\/03\/cropped-Logo-jo-szinu.png\",\"width\":929,\"height\":97,\"caption\":\"home-charging.eu\"},\"image\":{\"@id\":\"https:\/\/home-charging.eu\/es\/#\/schema\/logo\/image\/\"}}]}<\/script>\n<!-- \/ Yoast SEO plugin. -->","yoast_head_json":{"title":"El\u00e1ll\u00e1si jog - home-charging.eu","robots":{"index":"index","follow":"follow","max-snippet":"max-snippet:-1","max-image-preview":"max-image-preview:large","max-video-preview":"max-video-preview:-1"},"canonical":"https:\/\/home-charging.eu\/hu\/elallasi-jog\/","og_locale":"hu_HU","og_type":"article","og_title":"Right of Withdrawal - home-charging.eu","og_description":"Right of Withdrawal Instructions on cancellation goods Consumers have a 30 days right to cancel. Right to cancel You have the right to cancel this contract within 30 days without giving any reason. The cancellation period will expire after 30 days from the day on which you acquire, or a third party other than the [&hellip;]","og_url":"https:\/\/home-charging.eu\/hu\/elallasi-jog\/","og_site_name":"home-charging.eu","article_modified_time":"2023-10-31T10:38:14+00:00","twitter_card":"summary_large_image","twitter_misc":{"Becs\u00fclt olvas\u00e1si id\u0151":"3 perc"},"schema":{"@context":"https:\/\/schema.org","@graph":[{"@type":"WebPage","@id":"https:\/\/home-charging.eu\/sk\/pravo-na-odstupenie-od-zmluvy\/","url":"https:\/\/home-charging.eu\/sk\/pravo-na-odstupenie-od-zmluvy\/","name":"El\u00e1ll\u00e1si jog - home-charging.eu","isPartOf":{"@id":"https:\/\/home-charging.eu\/es\/#website"},"datePublished":"2023-05-08T10:01:44+00:00","dateModified":"2023-10-31T10:38:14+00:00","breadcrumb":{"@id":"https:\/\/home-charging.eu\/sk\/pravo-na-odstupenie-od-zmluvy\/#breadcrumb"},"inLanguage":"hu","potentialAction":[{"@type":"ReadAction","target":["https:\/\/home-charging.eu\/sk\/pravo-na-odstupenie-od-zmluvy\/"]}]},{"@type":"BreadcrumbList","@id":"https:\/\/home-charging.eu\/sk\/pravo-na-odstupenie-od-zmluvy\/#breadcrumb","itemListElement":[{"@type":"ListItem","position":1,"name":"Home","item":"https:\/\/home-charging.eu\/sl\/"},{"@type":"ListItem","position":2,"name":"Right of Withdrawal"}]},{"@type":"WebSite","@id":"https:\/\/home-charging.eu\/es\/#website","url":"https:\/\/home-charging.eu\/es\/","name":"home-charging.eu","description":"Egyablakos \u00fczlet a meg\u00fajul\u00f3 energi\u00e1val \u00e9s elektromos k\u00f6zleked\u00e9ssel kapcsolatos \u00f6sszes ig\u00e9nye kiel\u00e9g\u00edt\u00e9s\u00e9re, amely a term\u00e9kek sz\u00e9les v\u00e1laszt\u00e9k\u00e1t k\u00edn\u00e1lja minden k\u00f6lts\u00e9gvet\u00e9snek \u00e9s ig\u00e9nynek megfelel\u0151en.","publisher":{"@id":"https:\/\/home-charging.eu\/es\/#organization"},"potentialAction":[{"@type":"SearchAction","target":{"@type":"EntryPoint","urlTemplate":"https:\/\/home-charging.eu\/es\/?s={search_term_string}"},"query-input":{"@type":"PropertyValueSpecification","valueRequired":true,"valueName":"search_term_string"}}],"inLanguage":"hu"},{"@type":"Organization","@id":"https:\/\/home-charging.eu\/es\/#organization","name":"home-charging.eu","url":"https:\/\/home-charging.eu\/es\/","logo":{"@type":"ImageObject","inLanguage":"hu","@id":"https:\/\/home-charging.eu\/es\/#\/schema\/logo\/image\/","url":"https:\/\/home-charging.eu\/wp-content\/uploads\/2023\/03\/cropped-Logo-jo-szinu.png","contentUrl":"https:\/\/home-charging.eu\/wp-content\/uploads\/2023\/03\/cropped-Logo-jo-szinu.png","width":929,"height":97,"caption":"home-charging.eu"},"image":{"@id":"https:\/\/home-charging.eu\/es\/#\/schema\/logo\/image\/"}}]}},"_links":{"self":[{"href":"https:\/\/home-charging.eu\/hu\/wp-json\/wp\/v2\/pages\/3510","targetHints":{"allow":["GET"]}}],"collection":[{"href":"https:\/\/home-charging.eu\/hu\/wp-json\/wp\/v2\/pages"}],"about":[{"href":"https:\/\/home-charging.eu\/hu\/wp-json\/wp\/v2\/types\/page"}],"author":[{"embeddable":true,"href":"https:\/\/home-charging.eu\/hu\/wp-json\/wp\/v2\/users\/1"}],"replies":[{"embeddable":true,"href":"https:\/\/home-charging.eu\/hu\/wp-json\/wp\/v2\/comments?post=3510"}],"version-history":[{"count":46,"href":"https:\/\/home-charging.eu\/hu\/wp-json\/wp\/v2\/pages\/3510\/revisions"}],"predecessor-version":[{"id":4372,"href":"https:\/\/home-charging.eu\/hu\/wp-json\/wp\/v2\/pages\/3510\/revisions\/4372"}],"wp:attachment":[{"href":"https:\/\/home-charging.eu\/hu\/wp-json\/wp\/v2\/media?parent=3510"}],"curies":[{"name":"wp","href":"https:\/\/api.w.org\/{rel}","templated":true}]}}