{"id":37,"date":"2022-09-13T15:29:40","date_gmt":"2022-09-13T13:29:40","guid":{"rendered":"https:\/?page_id=37"},"modified":"2023-10-31T11:39:17","modified_gmt":"2023-10-31T10:39:17","slug":"refund_returns","status":"publish","type":"page","link":"https:\/\/home-charging.eu\/hu\/refund_returns\/","title":{"rendered":"VISSZAK\u00dcLD\u00c9S \u00c9S VISSZAT\u00c9R\u00cdT\u00c9S"},"content":{"rendered":"<div data-elementor-type=\"wp-page\" data-elementor-id=\"37\" class=\"elementor elementor-37\" data-elementor-post-type=\"page\">\n\t\t\t\t\t\t<section class=\"elementor-section elementor-top-section elementor-element elementor-element-1afcfb54 elementor-section-boxed elementor-section-height-default elementor-section-height-default\" data-id=\"1afcfb54\" data-element_type=\"section\" data-settings=\"{&quot;shape_divider_top&quot;:&quot;opacity-tilt&quot;}\">\n\t\t\t\t\t<div class=\"elementor-shape elementor-shape-top\" aria-hidden=\"true\" data-negative=\"false\">\n\t\t\t<svg xmlns=\"http:\/\/www.w3.org\/2000\/svg\" viewbox=\"0 0 2600 131.1\" preserveaspectratio=\"none\">\n\t<path class=\"elementor-shape-fill\" d=\"M0 0L2600 0 2600 69.1 0 0z\"\/>\n\t<path class=\"elementor-shape-fill\" style=\"opacity:0.5\" d=\"M0 0L2600 0 2600 69.1 0 69.1z\"\/>\n\t<path class=\"elementor-shape-fill\" style=\"opacity:0.25\" d=\"M2600 0L0 0 0 130.1 2600 69.1z\"\/>\n<\/svg>\t\t<\/div>\n\t\t\t\t\t<div class=\"elementor-container elementor-column-gap-no\">\n\t\t\t\t\t<div class=\"elementor-column elementor-col-100 elementor-top-column elementor-element elementor-element-128ac87\" data-id=\"128ac87\" data-element_type=\"column\">\n\t\t\t<div class=\"elementor-widget-wrap elementor-element-populated\">\n\t\t\t\t\t\t<div class=\"elementor-element elementor-element-400bd96f elementor-widget elementor-widget-heading\" data-id=\"400bd96f\" data-element_type=\"widget\" data-widget_type=\"heading.default\">\n\t\t\t\t<div class=\"elementor-widget-container\">\n\t\t\t\t\t<h2 class=\"elementor-heading-title elementor-size-default\">visszak\u00fcld\u00e9s \u00e9s visszat\u00e9r\u00edt\u00e9s<\/h2>\t\t\t\t<\/div>\n\t\t\t\t<\/div>\n\t\t\t\t<div class=\"elementor-element elementor-element-9513e98 elementor-widget-divider--view-line elementor-widget elementor-widget-divider\" data-id=\"9513e98\" data-element_type=\"widget\" data-widget_type=\"divider.default\">\n\t\t\t\t<div class=\"elementor-widget-container\">\n\t\t\t\t\t\t\t<div class=\"elementor-divider\">\n\t\t\t<span class=\"elementor-divider-separator\">\n\t\t\t\t\t\t<\/span>\n\t\t<\/div>\n\t\t\t\t\t\t<\/div>\n\t\t\t\t<\/div>\n\t\t\t\t<div class=\"elementor-element elementor-element-7d50ceb1 elementor-widget elementor-widget-text-editor\" data-id=\"7d50ceb1\" data-element_type=\"widget\" data-widget_type=\"text-editor.default\">\n\t\t\t\t<div class=\"elementor-widget-container\">\n\t\t\t\t\t\t\t\t\t<h4><strong>\u00c1ttekint\u00e9s<\/strong><\/h4>\n<p><span style=\"font-weight: 400;\">Visszat\u00e9r\u00edt\u00e9si \u00e9s visszat\u00e9r\u00edt\u00e9si szab\u00e1lyzatunk 30 napig tart. Ha a v\u00e1s\u00e1rl\u00e1s \u00f3ta eltelt 30 nap, nem tudjuk teljes visszat\u00e9r\u00edt\u00e9st vagy cser\u00e9t aj\u00e1nlani.<\/span><\/p>\n<p><span style=\"font-weight: 400;\">Tov\u00e1bbi nem visszav\u00e1lthat\u00f3 t\u00e9telek:<\/span><\/p>\n<ul>\n<li style=\"font-weight: 400;\" aria-level=\"1\">\n<p><span style=\"font-weight: 400;\">Aj\u00e1nd\u00e9kk\u00e1rty\u00e1k<\/span><\/p>\n<\/li>\n<li style=\"font-weight: 400;\" aria-level=\"1\">\n<p><span style=\"font-weight: 400;\">Let\u00f6lthet\u0151 szoftverterm\u00e9kek<\/span><\/p>\n<\/li>\n<\/ul>\n<p><span style=\"font-weight: 400;\">A visszak\u00fcld\u00e9s befejez\u00e9s\u00e9hez sz\u00fcks\u00e9g\u00fcnk van a v\u00e1s\u00e1rl\u00e1st igazol\u00f3 nyugt\u00e1ra vagy bizonylatra.<\/span><\/p>\n<p><span style=\"font-weight: 400;\">K\u00e9rj\u00fck, ne k\u00fcldje vissza v\u00e1s\u00e1rl\u00e1s\u00e1t a sz\u00e1ml\u00e1z\u00e1si c\u00edm\u00fcnkre, mivel az \u00e1ru a teljes\u00edt\u0151 k\u00f6zpontokb\u00f3l \u00e9rkezik. Felh\u00edvjuk figyelm\u00e9t, hogy a visszak\u00fcld\u00e9s d\u00edj\u00e1t a v\u00e1s\u00e1rl\u00f3nak kell megfizetnie.<\/span><\/p>\n<p><span style=\"font-weight: 400;\">Vannak bizonyos helyzetek, amikor csak r\u00e9szleges visszat\u00e9r\u00edt\u00e9sre ker\u00fcl sor:<\/span><\/p>\n<ul>\n<li style=\"font-weight: 400;\" aria-level=\"1\">\n<p><span style=\"font-weight: 400;\">B\u00e1rmely olyan term\u00e9k, amely nem az eredeti \u00e1llapot\u00e1ban van, s\u00e9r\u00fclt vagy hi\u00e1nyzik bel\u0151le olyan okokb\u00f3l, amelyek nem a mi hib\u00e1nkb\u00f3l erednek.<\/span><\/p>\n<\/li>\n<li style=\"font-weight: 400;\" aria-level=\"1\">\n<p><span style=\"font-weight: 400;\">B\u00e1rmely olyan term\u00e9k, amelyet a sz\u00e1ll\u00edt\u00e1st\u00f3l sz\u00e1m\u00edtott 30 napn\u00e1l hosszabb id\u0151n bel\u00fcl visszak\u00fcldenek.<\/span><\/p>\n<\/li>\n<\/ul>\n<h4><strong>Visszat\u00e9r\u00edt\u00e9sek<\/strong><\/h4>\n<p><span style=\"font-weight: 400;\">Miut\u00e1n a visszak\u00fcld\u00f6tt term\u00e9ket megkaptuk \u00e9s megvizsg\u00e1ltuk, k\u00fcld\u00fcnk \u00d6nnek egy e-mailt, amelyben \u00e9rtes\u00edtj\u00fck, hogy megkaptuk a visszak\u00fcld\u00f6tt term\u00e9ket. A visszat\u00e9r\u00edt\u00e9s j\u00f3v\u00e1hagy\u00e1s\u00e1r\u00f3l vagy elutas\u00edt\u00e1s\u00e1r\u00f3l is \u00e9rtes\u00edtj\u00fck \u00d6nt.<\/span><\/p>\n<p><span style=\"font-weight: 400;\">Ha j\u00f3v\u00e1hagyj\u00e1k, akkor a visszat\u00e9r\u00edt\u00e9st feldolgozzuk, \u00e9s a j\u00f3v\u00e1\u00edr\u00e1st automatikusan a hitelk\u00e1rty\u00e1j\u00e1ra vagy az eredeti fizet\u00e9si m\u00f3dra \u00edrjuk j\u00f3v\u00e1, \u00e1ltal\u00e1ban 3-5 munkanapon bel\u00fcl.<\/span><\/p>\n<p><strong>K\u00e9sedelmes vagy hi\u00e1nyz\u00f3 visszat\u00e9r\u00edt\u00e9sek<\/strong><\/p>\n<p><span style=\"font-weight: 400;\">Ha m\u00e9g nem kapott visszat\u00e9r\u00edt\u00e9st, el\u0151sz\u00f6r ellen\u0151rizze \u00fajra a banksz\u00e1ml\u00e1j\u00e1t.<\/span><\/p>\n<p><span style=\"font-weight: 400;\">Ezut\u00e1n l\u00e9pjen kapcsolatba a hitelk\u00e1rtya-t\u00e1rsas\u00e1ggal, mert eltarthat egy ideig, am\u00edg a visszat\u00e9r\u00edt\u00e9st hivatalosan is elk\u00fcldik.<\/span><\/p>\n<p><span style=\"font-weight: 400;\">Ezut\u00e1n l\u00e9pjen kapcsolatba a bankj\u00e1val. A visszat\u00e9r\u00edt\u00e9s k\u00f6nyvel\u00e9se gyakran n\u00e9mi feldolgoz\u00e1si id\u0151t vesz ig\u00e9nybe.<\/span><\/p>\n<p><span style=\"font-weight: 400;\">Ha mindezt megtette, \u00e9s m\u00e9g mindig nem kapta meg a visszat\u00e9r\u00edt\u00e9st, k\u00e9rj\u00fck, l\u00e9pjen kapcsolatba vel\u00fcnk a hello@ e-mail c\u00edmen.<\/span><\/p>\n<h4><strong>Cser\u00e9k<\/strong><\/h4>\n<p><span style=\"font-weight: 400;\">Csak akkor cser\u00e9lj\u00fck ki a term\u00e9keket, ha azok hib\u00e1sak vagy s\u00e9r\u00fcltek. Ha ugyanarra a term\u00e9kre szeretn\u00e9 kicser\u00e9lni, k\u00fcldj\u00f6n nek\u00fcnk egy e-mailt a hello@ c\u00edmre.<\/span><\/p>\n<h4><strong>Sz\u00e1ll\u00edt\u00e1si visszat\u00e9r\u00edt\u00e9sek<\/strong><\/h4>\n<p><span style=\"font-weight: 400;\">A term\u00e9k visszak\u00fcld\u00e9s\u00e9hez kapni fog egy e-mailt az \u00fcgyf\u00e9lszolg\u00e1latunkt\u00f3l az utas\u00edt\u00e1sokkal.<\/span><\/p>\n<p><span style=\"font-weight: 400;\">A term\u00e9k(ek) visszak\u00fcld\u00e9s\u00e9nek sz\u00e1ll\u00edt\u00e1si k\u00f6lts\u00e9gei \u00d6nt terhelik.\u00a0<\/span><\/p>\n<p><span style=\"font-weight: 400;\">Att\u00f3l f\u00fcgg\u0151en, hogy hol \u00e9l, a kicser\u00e9lt term\u00e9k eljut\u00e1sa elt\u00e9r\u0151 id\u0151t vehet ig\u00e9nybe.<\/span><\/p>\n<p><span style=\"font-weight: 400;\">Ha dr\u00e1g\u00e1bb term\u00e9keket k\u00fcld vissza, fontolja meg, hogy nyomon k\u00f6vethet\u0151 sz\u00e1ll\u00edt\u00e1si szolg\u00e1ltat\u00e1st vesz ig\u00e9nybe, vagy sz\u00e1ll\u00edt\u00e1si biztos\u00edt\u00e1st k\u00f6t.\u00a0<\/span><\/p>\n<h4><strong>Seg\u00edts\u00e9gre van sz\u00fcks\u00e9ge?<\/strong><\/h4>\n<p><span style=\"font-weight: 400;\">A visszat\u00e9r\u00edt\u00e9ssel \u00e9s a visszak\u00fcld\u00e9ssel kapcsolatos k\u00e9rd\u00e9sekben forduljon hozz\u00e1nk a hello@ e-mail c\u00edmen.<\/span><\/p>\t\t\t\t\t\t\t\t<\/div>\n\t\t\t\t<\/div>\n\t\t\t\t\t<\/div>\n\t\t<\/div>\n\t\t\t\t\t<\/div>\n\t\t<\/section>\n\t\t\t\t<section class=\"elementor-section elementor-top-section elementor-element elementor-element-1baa5beb elementor-section-boxed elementor-section-height-default elementor-section-height-default\" data-id=\"1baa5beb\" data-element_type=\"section\" data-settings=\"{&quot;shape_divider_bottom&quot;:&quot;opacity-tilt&quot;}\">\n\t\t\t\t\t<div class=\"elementor-shape elementor-shape-bottom\" aria-hidden=\"true\" data-negative=\"false\">\n\t\t\t<svg xmlns=\"http:\/\/www.w3.org\/2000\/svg\" viewbox=\"0 0 2600 131.1\" preserveaspectratio=\"none\">\n\t<path class=\"elementor-shape-fill\" d=\"M0 0L2600 0 2600 69.1 0 0z\"\/>\n\t<path class=\"elementor-shape-fill\" style=\"opacity:0.5\" d=\"M0 0L2600 0 2600 69.1 0 69.1z\"\/>\n\t<path class=\"elementor-shape-fill\" style=\"opacity:0.25\" d=\"M2600 0L0 0 0 130.1 2600 69.1z\"\/>\n<\/svg>\t\t<\/div>\n\t\t\t\t\t<div class=\"elementor-container elementor-column-gap-default\">\n\t\t\t\t\t<div class=\"elementor-column elementor-col-100 elementor-top-column elementor-element elementor-element-21f68f74\" data-id=\"21f68f74\" data-element_type=\"column\">\n\t\t\t<div class=\"elementor-widget-wrap elementor-element-populated\">\n\t\t\t\t\t\t<div class=\"elementor-element elementor-element-2754604a elementor-widget-divider--view-line elementor-widget elementor-widget-divider\" data-id=\"2754604a\" data-element_type=\"widget\" data-widget_type=\"divider.default\">\n\t\t\t\t<div class=\"elementor-widget-container\">\n\t\t\t\t\t\t\t<div class=\"elementor-divider\">\n\t\t\t<span class=\"elementor-divider-separator\">\n\t\t\t\t\t\t<\/span>\n\t\t<\/div>\n\t\t\t\t\t\t<\/div>\n\t\t\t\t<\/div>\n\t\t\t\t<div class=\"elementor-element elementor-element-4409f8f6 elementor-widget elementor-widget-heading\" data-id=\"4409f8f6\" data-element_type=\"widget\" data-widget_type=\"heading.default\">\n\t\t\t\t<div class=\"elementor-widget-container\">\n\t\t\t\t\t<h2 class=\"elementor-heading-title elementor-size-default\">V\u00e1s\u00e1rl\u00f3i v\u00e9lem\u00e9nyek<\/h2>\t\t\t\t<\/div>\n\t\t\t\t<\/div>\n\t\t\t\t<div class=\"elementor-element elementor-element-4e81332e elementor-widget-divider--view-line elementor-widget elementor-widget-divider\" data-id=\"4e81332e\" data-element_type=\"widget\" data-widget_type=\"divider.default\">\n\t\t\t\t<div class=\"elementor-widget-container\">\n\t\t\t\t\t\t\t<div class=\"elementor-divider\">\n\t\t\t<span class=\"elementor-divider-separator\">\n\t\t\t\t\t\t<\/span>\n\t\t<\/div>\n\t\t\t\t\t\t<\/div>\n\t\t\t\t<\/div>\n\t\t\t\t<div class=\"elementor-element elementor-element-129084ee elementor-widget elementor-widget-html\" data-id=\"129084ee\" data-element_type=\"widget\" data-widget_type=\"html.default\">\n\t\t\t\t<div class=\"elementor-widget-container\">\n\t\t\t\t\t<!-- Begin eTrusted widget tag -->\r\n<etrusted-widget data-etrusted-widget-id=\"wdg-8303d63b-094d-4f10-aa81-b16f41f19520\"><\/etrusted-widget>\r\n<!-- End eTrusted widget tag -->\t\t\t\t<\/div>\n\t\t\t\t<\/div>\n\t\t\t\t\t<\/div>\n\t\t<\/div>\n\t\t\t\t\t<\/div>\n\t\t<\/section>\n\t\t\t\t<\/div>","protected":false},"excerpt":{"rendered":"<p>Visszat\u00e9r\u00edt\u00e9s \u00e9s visszat\u00e9r\u00edt\u00e9s \u00c1ttekint\u00e9s Visszat\u00e9r\u00edt\u00e9si \u00e9s visszat\u00e9r\u00edt\u00e9si szab\u00e1lyzatunk 30 napig tart. Ha a v\u00e1s\u00e1rl\u00e1s \u00f3ta eltelt 30 nap, nem tudjuk teljes visszat\u00e9r\u00edt\u00e9st vagy cser\u00e9t aj\u00e1nlani. Tov\u00e1bbi nem visszav\u00e1lthat\u00f3 t\u00e9telek: Aj\u00e1nd\u00e9kk\u00e1rty\u00e1k Let\u00f6lthet\u0151 szoftverterm\u00e9kek A visszak\u00fcld\u00e9s teljes\u00edt\u00e9s\u00e9hez sz\u00fcks\u00e9g\u00fcnk van a v\u00e1s\u00e1rl\u00e1st igazol\u00f3 nyugt\u00e1ra vagy bizonylatra. K\u00e9rj\u00fck, ne k\u00fcldje el a v\u00e1s\u00e1rl\u00e1st [...]<\/p>","protected":false},"author":1,"featured_media":0,"parent":0,"menu_order":0,"comment_status":"closed","ping_status":"closed","template":"elementor_header_footer","meta":{"footnotes":""},"class_list":["post-37","page","type-page","status-publish","hentry"],"yoast_head":"<!-- This site is optimized with the Yoast SEO plugin v25.3.1 - https:\/\/yoast.com\/wordpress\/plugins\/seo\/ -->\n<title>RETURNS AND REFUNDS - home-charging.eu<\/title>\n<meta name=\"robots\" content=\"index, follow, max-snippet:-1, max-image-preview:large, max-video-preview:-1\" \/>\n<link rel=\"canonical\" href=\"https:\/\/home-charging.eu\/hu\/refund_returns\/\" \/>\n<meta property=\"og:locale\" content=\"hu_HU\" \/>\n<meta property=\"og:type\" content=\"article\" \/>\n<meta property=\"og:title\" content=\"RETURNS AND REFUNDS - home-charging.eu\" \/>\n<meta property=\"og:description\" content=\"returns and refunds Overview Our refund and returns policy lasts 30 days. If 30 days have passed since your purchase, we can\u2019t offer you a full refund or exchange. Additional non-returnable items: Gift cards Downloadable software products To complete your return, we require a receipt or proof of purchase. Please do not send your purchase [&hellip;]\" \/>\n<meta property=\"og:url\" content=\"https:\/\/home-charging.eu\/hu\/refund_returns\/\" \/>\n<meta property=\"og:site_name\" content=\"home-charging.eu\" \/>\n<meta property=\"article:modified_time\" content=\"2023-10-31T10:39:17+00:00\" \/>\n<meta name=\"twitter:card\" content=\"summary_large_image\" \/>\n<meta name=\"twitter:label1\" content=\"Becs\u00fclt olvas\u00e1si id\u0151\" \/>\n\t<meta name=\"twitter:data1\" content=\"2 perc\" \/>\n<script type=\"application\/ld+json\" class=\"yoast-schema-graph\">{\"@context\":\"https:\/\/schema.org\",\"@graph\":[{\"@type\":\"WebPage\",\"@id\":\"https:\/\/home-charging.eu\/refund_returns\/\",\"url\":\"https:\/\/home-charging.eu\/refund_returns\/\",\"name\":\"RETURNS AND REFUNDS - home-charging.eu\",\"isPartOf\":{\"@id\":\"https:\/\/home-charging.eu\/es\/#website\"},\"datePublished\":\"2022-09-13T13:29:40+00:00\",\"dateModified\":\"2023-10-31T10:39:17+00:00\",\"breadcrumb\":{\"@id\":\"https:\/\/home-charging.eu\/refund_returns\/#breadcrumb\"},\"inLanguage\":\"hu\",\"potentialAction\":[{\"@type\":\"ReadAction\",\"target\":[\"https:\/\/home-charging.eu\/refund_returns\/\"]}]},{\"@type\":\"BreadcrumbList\",\"@id\":\"https:\/\/home-charging.eu\/refund_returns\/#breadcrumb\",\"itemListElement\":[{\"@type\":\"ListItem\",\"position\":1,\"name\":\"Home\",\"item\":\"https:\/\/home-charging.eu\/sl\/\"},{\"@type\":\"ListItem\",\"position\":2,\"name\":\"RETURNS AND REFUNDS\"}]},{\"@type\":\"WebSite\",\"@id\":\"https:\/\/home-charging.eu\/es\/#website\",\"url\":\"https:\/\/home-charging.eu\/es\/\",\"name\":\"home-charging.eu\",\"description\":\"One-stop shop for all of your renewable energy and electric transportation needs, offering a wide range of products to suit every budget and need.\",\"publisher\":{\"@id\":\"https:\/\/home-charging.eu\/es\/#organization\"},\"potentialAction\":[{\"@type\":\"SearchAction\",\"target\":{\"@type\":\"EntryPoint\",\"urlTemplate\":\"https:\/\/home-charging.eu\/es\/?s={search_term_string}\"},\"query-input\":{\"@type\":\"PropertyValueSpecification\",\"valueRequired\":true,\"valueName\":\"search_term_string\"}}],\"inLanguage\":\"hu\"},{\"@type\":\"Organization\",\"@id\":\"https:\/\/home-charging.eu\/es\/#organization\",\"name\":\"home-charging.eu\",\"url\":\"https:\/\/home-charging.eu\/es\/\",\"logo\":{\"@type\":\"ImageObject\",\"inLanguage\":\"hu\",\"@id\":\"https:\/\/home-charging.eu\/es\/#\/schema\/logo\/image\/\",\"url\":\"https:\/\/home-charging.eu\/wp-content\/uploads\/2023\/03\/cropped-Logo-jo-szinu.png\",\"contentUrl\":\"https:\/\/home-charging.eu\/wp-content\/uploads\/2023\/03\/cropped-Logo-jo-szinu.png\",\"width\":929,\"height\":97,\"caption\":\"home-charging.eu\"},\"image\":{\"@id\":\"https:\/\/home-charging.eu\/es\/#\/schema\/logo\/image\/\"}}]}<\/script>\n<!-- \/ Yoast SEO plugin. -->","yoast_head_json":{"title":"VISSZAFIZET\u00c9S \u00c9S VISSZAFIZET\u00c9S - home-charging.eu","robots":{"index":"index","follow":"follow","max-snippet":"max-snippet:-1","max-image-preview":"max-image-preview:large","max-video-preview":"max-video-preview:-1"},"canonical":"https:\/\/home-charging.eu\/hu\/refund_returns\/","og_locale":"hu_HU","og_type":"article","og_title":"RETURNS AND REFUNDS - home-charging.eu","og_description":"returns and refunds Overview Our refund and returns policy lasts 30 days. If 30 days have passed since your purchase, we can\u2019t offer you a full refund or exchange. Additional non-returnable items: Gift cards Downloadable software products To complete your return, we require a receipt or proof of purchase. Please do not send your purchase [&hellip;]","og_url":"https:\/\/home-charging.eu\/hu\/refund_returns\/","og_site_name":"home-charging.eu","article_modified_time":"2023-10-31T10:39:17+00:00","twitter_card":"summary_large_image","twitter_misc":{"Becs\u00fclt olvas\u00e1si id\u0151":"2 perc"},"schema":{"@context":"https:\/\/schema.org","@graph":[{"@type":"WebPage","@id":"https:\/\/home-charging.eu\/refund_returns\/","url":"https:\/\/home-charging.eu\/refund_returns\/","name":"VISSZAFIZET\u00c9S \u00c9S VISSZAFIZET\u00c9S - home-charging.eu","isPartOf":{"@id":"https:\/\/home-charging.eu\/es\/#website"},"datePublished":"2022-09-13T13:29:40+00:00","dateModified":"2023-10-31T10:39:17+00:00","breadcrumb":{"@id":"https:\/\/home-charging.eu\/refund_returns\/#breadcrumb"},"inLanguage":"hu","potentialAction":[{"@type":"ReadAction","target":["https:\/\/home-charging.eu\/refund_returns\/"]}]},{"@type":"BreadcrumbList","@id":"https:\/\/home-charging.eu\/refund_returns\/#breadcrumb","itemListElement":[{"@type":"ListItem","position":1,"name":"Home","item":"https:\/\/home-charging.eu\/sl\/"},{"@type":"ListItem","position":2,"name":"RETURNS AND REFUNDS"}]},{"@type":"WebSite","@id":"https:\/\/home-charging.eu\/es\/#website","url":"https:\/\/home-charging.eu\/es\/","name":"home-charging.eu","description":"Egyablakos \u00fczlet a meg\u00fajul\u00f3 energi\u00e1val \u00e9s elektromos k\u00f6zleked\u00e9ssel kapcsolatos \u00f6sszes ig\u00e9nye kiel\u00e9g\u00edt\u00e9s\u00e9re, amely a term\u00e9kek sz\u00e9les v\u00e1laszt\u00e9k\u00e1t k\u00edn\u00e1lja minden k\u00f6lts\u00e9gvet\u00e9snek \u00e9s ig\u00e9nynek megfelel\u0151en.","publisher":{"@id":"https:\/\/home-charging.eu\/es\/#organization"},"potentialAction":[{"@type":"SearchAction","target":{"@type":"EntryPoint","urlTemplate":"https:\/\/home-charging.eu\/es\/?s={search_term_string}"},"query-input":{"@type":"PropertyValueSpecification","valueRequired":true,"valueName":"search_term_string"}}],"inLanguage":"hu"},{"@type":"Organization","@id":"https:\/\/home-charging.eu\/es\/#organization","name":"home-charging.eu","url":"https:\/\/home-charging.eu\/es\/","logo":{"@type":"ImageObject","inLanguage":"hu","@id":"https:\/\/home-charging.eu\/es\/#\/schema\/logo\/image\/","url":"https:\/\/home-charging.eu\/wp-content\/uploads\/2023\/03\/cropped-Logo-jo-szinu.png","contentUrl":"https:\/\/home-charging.eu\/wp-content\/uploads\/2023\/03\/cropped-Logo-jo-szinu.png","width":929,"height":97,"caption":"home-charging.eu"},"image":{"@id":"https:\/\/home-charging.eu\/es\/#\/schema\/logo\/image\/"}}]}},"_links":{"self":[{"href":"https:\/\/home-charging.eu\/hu\/wp-json\/wp\/v2\/pages\/37","targetHints":{"allow":["GET"]}}],"collection":[{"href":"https:\/\/home-charging.eu\/hu\/wp-json\/wp\/v2\/pages"}],"about":[{"href":"https:\/\/home-charging.eu\/hu\/wp-json\/wp\/v2\/types\/page"}],"author":[{"embeddable":true,"href":"https:\/\/home-charging.eu\/hu\/wp-json\/wp\/v2\/users\/1"}],"replies":[{"embeddable":true,"href":"https:\/\/home-charging.eu\/hu\/wp-json\/wp\/v2\/comments?post=37"}],"version-history":[{"count":55,"href":"https:\/\/home-charging.eu\/hu\/wp-json\/wp\/v2\/pages\/37\/revisions"}],"predecessor-version":[{"id":4378,"href":"https:\/\/home-charging.eu\/hu\/wp-json\/wp\/v2\/pages\/37\/revisions\/4378"}],"wp:attachment":[{"href":"https:\/\/home-charging.eu\/hu\/wp-json\/wp\/v2\/media?parent=37"}],"curies":[{"name":"wp","href":"https:\/\/api.w.org\/{rel}","templated":true}]}}