{"id":2301,"date":"2023-01-05T16:34:11","date_gmt":"2023-01-05T15:34:11","guid":{"rendered":"https:\/?page_id=2301"},"modified":"2023-10-31T11:17:58","modified_gmt":"2023-10-31T10:17:58","slug":"impressum","status":"publish","type":"page","link":"https:\/\/home-charging.eu\/pl\/impressum\/","title":{"rendered":"IMPRINT"},"content":{"rendered":"<div data-elementor-type=\"wp-page\" data-elementor-id=\"2301\" class=\"elementor elementor-2301\" data-elementor-post-type=\"page\">\n\t\t\t\t\t\t<section class=\"elementor-section elementor-top-section elementor-element elementor-element-74a65fba elementor-section-boxed elementor-section-height-default elementor-section-height-default\" data-id=\"74a65fba\" data-element_type=\"section\" data-e-type=\"section\" data-settings=\"{&quot;shape_divider_top&quot;:&quot;opacity-tilt&quot;}\">\n\t\t\t\t\t<div class=\"elementor-shape elementor-shape-top\" aria-hidden=\"true\" data-negative=\"false\">\n\t\t\t<svg xmlns=\"http:\/\/www.w3.org\/2000\/svg\" viewbox=\"0 0 2600 131.1\" preserveaspectratio=\"none\">\n\t<path class=\"elementor-shape-fill\" d=\"M0 0L2600 0 2600 69.1 0 0z\"\/>\n\t<path class=\"elementor-shape-fill\" style=\"opacity:0.5\" d=\"M0 0L2600 0 2600 69.1 0 69.1z\"\/>\n\t<path class=\"elementor-shape-fill\" style=\"opacity:0.25\" d=\"M2600 0L0 0 0 130.1 2600 69.1z\"\/>\n<\/svg>\t\t<\/div>\n\t\t\t\t\t<div class=\"elementor-container elementor-column-gap-no\">\n\t\t\t\t\t<div class=\"elementor-column elementor-col-100 elementor-top-column elementor-element elementor-element-980cb88\" data-id=\"980cb88\" data-element_type=\"column\" data-e-type=\"column\">\n\t\t\t<div class=\"elementor-widget-wrap elementor-element-populated\">\n\t\t\t\t\t\t<div class=\"elementor-element elementor-element-2d4258b4 elementor-widget elementor-widget-heading\" data-id=\"2d4258b4\" data-element_type=\"widget\" data-e-type=\"widget\" data-widget_type=\"heading.default\">\n\t\t\t\t<div class=\"elementor-widget-container\">\n\t\t\t\t\t<h2 class=\"elementor-heading-title elementor-size-default\">odcisk<\/h2>\t\t\t\t<\/div>\n\t\t\t\t<\/div>\n\t\t\t\t<div class=\"elementor-element elementor-element-5423e02 elementor-widget-divider--view-line elementor-widget elementor-widget-divider\" data-id=\"5423e02\" data-element_type=\"widget\" data-e-type=\"widget\" data-widget_type=\"divider.default\">\n\t\t\t\t<div class=\"elementor-widget-container\">\n\t\t\t\t\t\t\t<div class=\"elementor-divider\">\n\t\t\t<span class=\"elementor-divider-separator\">\n\t\t\t\t\t\t<\/span>\n\t\t<\/div>\n\t\t\t\t\t\t<\/div>\n\t\t\t\t<\/div>\n\t\t\t\t<div class=\"elementor-element elementor-element-6c53c9c5 elementor-widget elementor-widget-text-editor\" data-id=\"6c53c9c5\" data-element_type=\"widget\" data-e-type=\"widget\" data-widget_type=\"text-editor.default\">\n\t\t\t\t<div class=\"elementor-widget-container\">\n\t\t\t\t\t\t\t\t\t<p><strong>Nazwa firmy:<\/strong><\/p><p>AH PROJECTS Kft.<\/p><p><strong>Siedziba g\u0142\u00f3wna:<\/strong><\/p><p>9012 Gy\u0151r, Forr\u00e1sk\u00fat street 54.<\/p><p>W\u0119gry<\/p><p>(Nie nale\u017cy zwraca\u0107 towar\u00f3w na ten adres!)<\/p><p><strong>E-mail:<\/strong><\/p><p>hello@<\/p><p><strong>Dyrektor generalny:<\/strong><\/p><p>Aryan Andras Hamed<\/p><p><strong>C<\/strong><strong>ompany Court:<\/strong><\/p><p>Sp\u00f3\u0142ka S\u0105d w Gy\u0151r<\/p><p><strong>Numer rejestracyjny firmy:<\/strong><\/p><p>08-09-027230<\/p><p><strong>Numer podatkowy:<\/strong><\/p><p>25293012-2-08, HU25293012<\/p><p><strong>Cz\u0142onkostwo w izbie:<\/strong><\/p><p>Izba Przemys\u0142owo-Handlowa Hrabstwa Gy\u0151r-Moson-Sopron<\/p><p><strong>Dane dostawcy us\u0142ug hostingowych:<\/strong><\/p><p>DOTROLL Kft.<br \/>Siedziba g\u0142\u00f3wna: 1148 Budapeszt, ulica Fogarasi 3-5.<br \/>Park serwer\u00f3w: 1101 Budapeszt, Expo t\u00e9r 5-7.<br \/>E-mail do dzia\u0142u obs\u0142ugi klienta (06-22): support@dotroll.com<\/p><p><strong>ROZWI\u0104ZYWANIE SPOR\u00d3W ONLINE<\/strong><\/p><p>Komisja Europejska udost\u0119pnia pozas\u0105dow\u0105 platform\u0119 internetowego rozstrzygania spor\u00f3w (platform\u0119 ODR), kt\u00f3r\u0105 mo\u017cna znale\u017a\u0107 tutaj:\u00a0<a href=\"https:\/\/ec.europa.eu\/consumers\/odr\" target=\"_blank\" rel=\"noopener\">www.ec.europa.eu\/consumers\/odr<\/a><\/p><p>Nasz adres e-mail mo\u017cna znale\u017a\u0107 w naszym nadruku.<\/p><p>Nie mamy obowi\u0105zku uczestniczenia w procesie arbitra\u017cowym i nie mo\u017cemy zaoferowa\u0107 udzia\u0142u w takim procesie.<\/p>\t\t\t\t\t\t\t\t<\/div>\n\t\t\t\t<\/div>\n\t\t\t\t\t<\/div>\n\t\t<\/div>\n\t\t\t\t\t<\/div>\n\t\t<\/section>\n\t\t\t\t<section class=\"elementor-section elementor-top-section elementor-element elementor-element-513ce131 elementor-section-boxed elementor-section-height-default elementor-section-height-default\" data-id=\"513ce131\" data-element_type=\"section\" data-e-type=\"section\" data-settings=\"{&quot;shape_divider_bottom&quot;:&quot;opacity-tilt&quot;}\">\n\t\t\t\t\t<div class=\"elementor-shape elementor-shape-bottom\" aria-hidden=\"true\" data-negative=\"false\">\n\t\t\t<svg xmlns=\"http:\/\/www.w3.org\/2000\/svg\" viewbox=\"0 0 2600 131.1\" preserveaspectratio=\"none\">\n\t<path class=\"elementor-shape-fill\" d=\"M0 0L2600 0 2600 69.1 0 0z\"\/>\n\t<path class=\"elementor-shape-fill\" style=\"opacity:0.5\" d=\"M0 0L2600 0 2600 69.1 0 69.1z\"\/>\n\t<path class=\"elementor-shape-fill\" style=\"opacity:0.25\" d=\"M2600 0L0 0 0 130.1 2600 69.1z\"\/>\n<\/svg>\t\t<\/div>\n\t\t\t\t\t<div class=\"elementor-container elementor-column-gap-default\">\n\t\t\t\t\t<div class=\"elementor-column elementor-col-100 elementor-top-column elementor-element elementor-element-276ca60b\" data-id=\"276ca60b\" data-element_type=\"column\" data-e-type=\"column\">\n\t\t\t<div class=\"elementor-widget-wrap elementor-element-populated\">\n\t\t\t\t\t\t<div class=\"elementor-element elementor-element-39d73419 elementor-widget-divider--view-line elementor-widget elementor-widget-divider\" data-id=\"39d73419\" data-element_type=\"widget\" data-e-type=\"widget\" data-widget_type=\"divider.default\">\n\t\t\t\t<div class=\"elementor-widget-container\">\n\t\t\t\t\t\t\t<div class=\"elementor-divider\">\n\t\t\t<span class=\"elementor-divider-separator\">\n\t\t\t\t\t\t<\/span>\n\t\t<\/div>\n\t\t\t\t\t\t<\/div>\n\t\t\t\t<\/div>\n\t\t\t\t<div class=\"elementor-element elementor-element-5d8e2ce4 elementor-widget elementor-widget-heading\" data-id=\"5d8e2ce4\" data-element_type=\"widget\" data-e-type=\"widget\" data-widget_type=\"heading.default\">\n\t\t\t\t<div class=\"elementor-widget-container\">\n\t\t\t\t\t<h2 class=\"elementor-heading-title elementor-size-default\">Opinie klient\u00f3w<\/h2>\t\t\t\t<\/div>\n\t\t\t\t<\/div>\n\t\t\t\t<div class=\"elementor-element elementor-element-719fce6 elementor-widget-divider--view-line elementor-widget elementor-widget-divider\" data-id=\"719fce6\" data-element_type=\"widget\" data-e-type=\"widget\" data-widget_type=\"divider.default\">\n\t\t\t\t<div class=\"elementor-widget-container\">\n\t\t\t\t\t\t\t<div class=\"elementor-divider\">\n\t\t\t<span class=\"elementor-divider-separator\">\n\t\t\t\t\t\t<\/span>\n\t\t<\/div>\n\t\t\t\t\t\t<\/div>\n\t\t\t\t<\/div>\n\t\t\t\t<div class=\"elementor-element elementor-element-7be0497c elementor-widget elementor-widget-html\" data-id=\"7be0497c\" data-element_type=\"widget\" data-e-type=\"widget\" data-widget_type=\"html.default\">\n\t\t\t\t<div class=\"elementor-widget-container\">\n\t\t\t\t\t<!-- Begin eTrusted widget tag -->\r\n<etrusted-widget data-etrusted-widget-id=\"wdg-8303d63b-094d-4f10-aa81-b16f41f19520\"><\/etrusted-widget>\r\n<!-- End eTrusted widget tag -->\t\t\t\t<\/div>\n\t\t\t\t<\/div>\n\t\t\t\t\t<\/div>\n\t\t<\/div>\n\t\t\t\t\t<\/div>\n\t\t<\/section>\n\t\t\t\t<\/div>","protected":false},"excerpt":{"rendered":"<p>imprint Nazwa firmy: AH PROJECTS Kft. Siedziba g\u0142\u00f3wna: 9012 Gy\u0151r, Forr\u00e1sk\u00fat street 54. W\u0119gry (Nie odsy\u0142a\u0107 towar\u00f3w na ten adres!) E-mail: hello@ Dyrektor generalny: Aryan Andras Hamed S\u0105d sp\u00f3\u0142ki: S\u0105d Gospodarczy w Gy\u0151r Numer rejestracyjny firmy: 08-09-027230 Numer podatkowy: 25293012-2-08, HU25293012 Przynale\u017cno\u015b\u0107 do Izby: Gy\u0151r-Moson-Sopron County Chamber of Commerce and Industry Dane dostawcy us\u0142ug hostingowych: [...]<\/p>","protected":false},"author":1,"featured_media":0,"parent":0,"menu_order":0,"comment_status":"closed","ping_status":"closed","template":"elementor_header_footer","meta":{"footnotes":""},"class_list":["post-2301","page","type-page","status-publish","hentry"],"yoast_head":"<!-- This site is optimized with the Yoast SEO plugin v27.4 - https:\/\/yoast.com\/product\/yoast-seo-wordpress\/ -->\n<title>IMPRINT - home-charging.eu<\/title>\n<meta name=\"robots\" content=\"index, follow, max-snippet:-1, max-image-preview:large, max-video-preview:-1\" \/>\n<link rel=\"canonical\" href=\"https:\/\/home-charging.eu\/pl\/impressum\/\" \/>\n<meta property=\"og:locale\" content=\"pl_PL\" \/>\n<meta property=\"og:type\" content=\"article\" \/>\n<meta property=\"og:title\" content=\"IMPRINT - home-charging.eu\" \/>\n<meta property=\"og:description\" content=\"imprint Company name: AH PROJECTS Kft. Headquarters: 9012 Gy\u0151r, Forr\u00e1sk\u00fat street 54. Hungary (Do not return goods to this address!) E-mail: hello@ General Manager: Aryan Andras Hamed Company Court: Company Court of Gy\u0151r Court Company registration number: 08-09-027230 Tax number: 25293012-2-08, HU25293012 Chamber membership: Gy\u0151r-Moson-Sopron County Chamber of Commerce and Industry Data of hosting provider: [&hellip;]\" \/>\n<meta property=\"og:url\" content=\"https:\/\/home-charging.eu\/pl\/impressum\/\" \/>\n<meta property=\"og:site_name\" content=\"home-charging.eu\" \/>\n<meta property=\"article:modified_time\" content=\"2023-10-31T10:17:58+00:00\" \/>\n<meta name=\"twitter:card\" content=\"summary_large_image\" \/>\n<meta name=\"twitter:label1\" content=\"Szacowany czas czytania\" \/>\n\t<meta name=\"twitter:data1\" content=\"1 minuta\" \/>\n<script type=\"application\/ld+json\" class=\"yoast-schema-graph\">{\"@context\":\"https:\\\/\\\/schema.org\",\"@graph\":[{\"@type\":\"WebPage\",\"@id\":\"https:\\\/\\\/home-charging.eu\\\/impressum\\\/\",\"url\":\"https:\\\/\\\/home-charging.eu\\\/impressum\\\/\",\"name\":\"IMPRINT - home-charging.eu\",\"isPartOf\":{\"@id\":\"https:\\\/\\\/home-charging.eu\\\/es\\\/#website\"},\"datePublished\":\"2023-01-05T15:34:11+00:00\",\"dateModified\":\"2023-10-31T10:17:58+00:00\",\"breadcrumb\":{\"@id\":\"https:\\\/\\\/home-charging.eu\\\/impressum\\\/#breadcrumb\"},\"inLanguage\":\"pl-PL\",\"potentialAction\":[{\"@type\":\"ReadAction\",\"target\":[\"https:\\\/\\\/home-charging.eu\\\/impressum\\\/\"]}]},{\"@type\":\"BreadcrumbList\",\"@id\":\"https:\\\/\\\/home-charging.eu\\\/impressum\\\/#breadcrumb\",\"itemListElement\":[{\"@type\":\"ListItem\",\"position\":1,\"name\":\"Home\",\"item\":\"https:\\\/\\\/home-charging.eu\\\/sl\\\/\"},{\"@type\":\"ListItem\",\"position\":2,\"name\":\"IMPRINT\"}]},{\"@type\":\"WebSite\",\"@id\":\"https:\\\/\\\/home-charging.eu\\\/es\\\/#website\",\"url\":\"https:\\\/\\\/home-charging.eu\\\/es\\\/\",\"name\":\"home-charging.eu\",\"description\":\"One-stop shop for all of your renewable energy and electric transportation needs, offering a wide range of products to suit every budget and need.\",\"publisher\":{\"@id\":\"https:\\\/\\\/home-charging.eu\\\/es\\\/#organization\"},\"potentialAction\":[{\"@type\":\"SearchAction\",\"target\":{\"@type\":\"EntryPoint\",\"urlTemplate\":\"https:\\\/\\\/home-charging.eu\\\/es\\\/?s={search_term_string}\"},\"query-input\":{\"@type\":\"PropertyValueSpecification\",\"valueRequired\":true,\"valueName\":\"search_term_string\"}}],\"inLanguage\":\"pl-PL\"},{\"@type\":\"Organization\",\"@id\":\"https:\\\/\\\/home-charging.eu\\\/es\\\/#organization\",\"name\":\"home-charging.eu\",\"url\":\"https:\\\/\\\/home-charging.eu\\\/es\\\/\",\"logo\":{\"@type\":\"ImageObject\",\"inLanguage\":\"pl-PL\",\"@id\":\"https:\\\/\\\/home-charging.eu\\\/es\\\/#\\\/schema\\\/logo\\\/image\\\/\",\"url\":\"https:\\\/\\\/home-charging.eu\\\/wp-content\\\/uploads\\\/2023\\\/03\\\/cropped-Logo-jo-szinu.png\",\"contentUrl\":\"https:\\\/\\\/home-charging.eu\\\/wp-content\\\/uploads\\\/2023\\\/03\\\/cropped-Logo-jo-szinu.png\",\"width\":929,\"height\":97,\"caption\":\"home-charging.eu\"},\"image\":{\"@id\":\"https:\\\/\\\/home-charging.eu\\\/es\\\/#\\\/schema\\\/logo\\\/image\\\/\"}}]}<\/script>\n<!-- \/ Yoast SEO plugin. -->","yoast_head_json":{"title":"IMPRINT - home-charging.eu","robots":{"index":"index","follow":"follow","max-snippet":"max-snippet:-1","max-image-preview":"max-image-preview:large","max-video-preview":"max-video-preview:-1"},"canonical":"https:\/\/home-charging.eu\/pl\/impressum\/","og_locale":"pl_PL","og_type":"article","og_title":"IMPRINT - home-charging.eu","og_description":"imprint Company name: AH PROJECTS Kft. Headquarters: 9012 Gy\u0151r, Forr\u00e1sk\u00fat street 54. Hungary (Do not return goods to this address!) E-mail: hello@ General Manager: Aryan Andras Hamed Company Court: Company Court of Gy\u0151r Court Company registration number: 08-09-027230 Tax number: 25293012-2-08, HU25293012 Chamber membership: Gy\u0151r-Moson-Sopron County Chamber of Commerce and Industry Data of hosting provider: [&hellip;]","og_url":"https:\/\/home-charging.eu\/pl\/impressum\/","og_site_name":"home-charging.eu","article_modified_time":"2023-10-31T10:17:58+00:00","twitter_card":"summary_large_image","twitter_misc":{"Szacowany czas czytania":"1 minuta"},"schema":{"@context":"https:\/\/schema.org","@graph":[{"@type":"WebPage","@id":"https:\/\/home-charging.eu\/impressum\/","url":"https:\/\/home-charging.eu\/impressum\/","name":"IMPRINT - home-charging.eu","isPartOf":{"@id":"https:\/\/home-charging.eu\/es\/#website"},"datePublished":"2023-01-05T15:34:11+00:00","dateModified":"2023-10-31T10:17:58+00:00","breadcrumb":{"@id":"https:\/\/home-charging.eu\/impressum\/#breadcrumb"},"inLanguage":"pl-PL","potentialAction":[{"@type":"ReadAction","target":["https:\/\/home-charging.eu\/impressum\/"]}]},{"@type":"BreadcrumbList","@id":"https:\/\/home-charging.eu\/impressum\/#breadcrumb","itemListElement":[{"@type":"ListItem","position":1,"name":"Home","item":"https:\/\/home-charging.eu\/sl\/"},{"@type":"ListItem","position":2,"name":"IMPRINT"}]},{"@type":"WebSite","@id":"https:\/\/home-charging.eu\/es\/#website","url":"https:\/\/home-charging.eu\/es\/","name":"home-charging.eu","description":"Kompleksowy sklep dla wszystkich potrzeb zwi\u0105zanych z energi\u0105 odnawialn\u0105 i transportem elektrycznym, oferuj\u0105cy szerok\u0105 gam\u0119 produkt\u00f3w dostosowanych do ka\u017cdego bud\u017cetu i potrzeb.","publisher":{"@id":"https:\/\/home-charging.eu\/es\/#organization"},"potentialAction":[{"@type":"SearchAction","target":{"@type":"EntryPoint","urlTemplate":"https:\/\/home-charging.eu\/es\/?s={search_term_string}"},"query-input":{"@type":"PropertyValueSpecification","valueRequired":true,"valueName":"search_term_string"}}],"inLanguage":"pl-PL"},{"@type":"Organization","@id":"https:\/\/home-charging.eu\/es\/#organization","name":"home-charging.eu","url":"https:\/\/home-charging.eu\/es\/","logo":{"@type":"ImageObject","inLanguage":"pl-PL","@id":"https:\/\/home-charging.eu\/es\/#\/schema\/logo\/image\/","url":"https:\/\/home-charging.eu\/wp-content\/uploads\/2023\/03\/cropped-Logo-jo-szinu.png","contentUrl":"https:\/\/home-charging.eu\/wp-content\/uploads\/2023\/03\/cropped-Logo-jo-szinu.png","width":929,"height":97,"caption":"home-charging.eu"},"image":{"@id":"https:\/\/home-charging.eu\/es\/#\/schema\/logo\/image\/"}}]}},"_links":{"self":[{"href":"https:\/\/home-charging.eu\/pl\/wp-json\/wp\/v2\/pages\/2301","targetHints":{"allow":["GET"]}}],"collection":[{"href":"https:\/\/home-charging.eu\/pl\/wp-json\/wp\/v2\/pages"}],"about":[{"href":"https:\/\/home-charging.eu\/pl\/wp-json\/wp\/v2\/types\/page"}],"author":[{"embeddable":true,"href":"https:\/\/home-charging.eu\/pl\/wp-json\/wp\/v2\/users\/1"}],"replies":[{"embeddable":true,"href":"https:\/\/home-charging.eu\/pl\/wp-json\/wp\/v2\/comments?post=2301"}],"version-history":[{"count":59,"href":"https:\/\/home-charging.eu\/pl\/wp-json\/wp\/v2\/pages\/2301\/revisions"}],"predecessor-version":[{"id":4322,"href":"https:\/\/home-charging.eu\/pl\/wp-json\/wp\/v2\/pages\/2301\/revisions\/4322"}],"wp:attachment":[{"href":"https:\/\/home-charging.eu\/pl\/wp-json\/wp\/v2\/media?parent=2301"}],"curies":[{"name":"wp","href":"https:\/\/api.w.org\/{rel}","templated":true}]}}