{"id":3510,"date":"2023-05-08T12:01:44","date_gmt":"2023-05-08T10:01:44","guid":{"rendered":"https:\/?page_id=3510"},"modified":"2023-10-31T11:38:14","modified_gmt":"2023-10-31T10:38:14","slug":"prawo-do-odstapienia-od-umowy","status":"publish","type":"page","link":"https:\/\/home-charging.eu\/pl\/prawo-do-odstapienia-od-umowy\/","title":{"rendered":"Prawo do odst\u0105pienia od umowy"},"content":{"rendered":"<div data-elementor-type=\"wp-page\" data-elementor-id=\"3510\" class=\"elementor elementor-3510\" data-elementor-post-type=\"page\">\n\t\t\t\t\t\t<section class=\"elementor-section elementor-top-section elementor-element elementor-element-6ea0a0a elementor-section-boxed elementor-section-height-default elementor-section-height-default\" data-id=\"6ea0a0a\" data-element_type=\"section\" data-settings=\"{&quot;shape_divider_top&quot;:&quot;opacity-tilt&quot;}\">\n\t\t\t\t\t<div class=\"elementor-shape elementor-shape-top\" aria-hidden=\"true\" data-negative=\"false\">\n\t\t\t<svg xmlns=\"http:\/\/www.w3.org\/2000\/svg\" viewbox=\"0 0 2600 131.1\" preserveaspectratio=\"none\">\n\t<path class=\"elementor-shape-fill\" d=\"M0 0L2600 0 2600 69.1 0 0z\"\/>\n\t<path class=\"elementor-shape-fill\" style=\"opacity:0.5\" d=\"M0 0L2600 0 2600 69.1 0 69.1z\"\/>\n\t<path class=\"elementor-shape-fill\" style=\"opacity:0.25\" d=\"M2600 0L0 0 0 130.1 2600 69.1z\"\/>\n<\/svg>\t\t<\/div>\n\t\t\t\t\t<div class=\"elementor-container elementor-column-gap-default\">\n\t\t\t\t\t<div class=\"elementor-column elementor-col-100 elementor-top-column elementor-element elementor-element-f37c51f\" data-id=\"f37c51f\" data-element_type=\"column\">\n\t\t\t<div class=\"elementor-widget-wrap elementor-element-populated\">\n\t\t\t\t\t\t<div class=\"elementor-element elementor-element-7a50286 elementor-widget elementor-widget-heading\" data-id=\"7a50286\" data-element_type=\"widget\" data-widget_type=\"heading.default\">\n\t\t\t\t<div class=\"elementor-widget-container\">\n\t\t\t\t\t<h2 class=\"elementor-heading-title elementor-size-default\">Prawo do odst\u0105pienia od umowy<\/h2>\t\t\t\t<\/div>\n\t\t\t\t<\/div>\n\t\t\t\t<div class=\"elementor-element elementor-element-986f0ce elementor-widget-divider--view-line elementor-widget elementor-widget-divider\" data-id=\"986f0ce\" data-element_type=\"widget\" data-widget_type=\"divider.default\">\n\t\t\t\t<div class=\"elementor-widget-container\">\n\t\t\t\t\t\t\t<div class=\"elementor-divider\">\n\t\t\t<span class=\"elementor-divider-separator\">\n\t\t\t\t\t\t<\/span>\n\t\t<\/div>\n\t\t\t\t\t\t<\/div>\n\t\t\t\t<\/div>\n\t\t\t\t<div class=\"elementor-element elementor-element-c8e5102 elementor-widget elementor-widget-text-editor\" data-id=\"c8e5102\" data-element_type=\"widget\" data-widget_type=\"text-editor.default\">\n\t\t\t\t<div class=\"elementor-widget-container\">\n\t\t\t\t\t\t\t\t\t<h4><strong>Instrukcje dotycz\u0105ce anulowania towar\u00f3w<\/strong><\/h4><p><span style=\"font-weight: 400;\">Konsumenci maj\u0105 30-dniowe prawo do anulowania umowy.<\/span><\/p><h4><strong>Prawo do anulowania<\/strong><\/h4><p><span style=\"font-weight: 400;\">U\u017cytkownik ma prawo odst\u0105pi\u0107 od niniejszej umowy w ci\u0105gu 30 dni bez podania przyczyny. Termin odst\u0105pienia od umowy wygasa po up\u0142ywie 30 dni od dnia, w kt\u00f3rym u\u017cytkownik wszed\u0142 w fizyczne posiadanie towar\u00f3w lub w kt\u00f3rym osoba trzecia inna ni\u017c przewo\u017anik i wskazana przez u\u017cytkownika wesz\u0142a w fizyczne posiadanie towar\u00f3w.<\/span><\/p><p><span style=\"font-weight: 400;\">Aby skorzysta\u0107 z prawa do odst\u0105pienia od umowy, nale\u017cy poinformowa\u0107 nas (AH PROJECTS Kft., Forraskut street 54, 9012 Gyor, W\u0119gry, hello@, Phone: +361411) o swojej decyzji o odst\u0105pieniu od niniejszej umowy w drodze wyra\u017anego o\u015bwiadczenia (np. listu wys\u0142anego poczt\u0105 lub poczt\u0105 elektroniczn\u0105). Mo\u017cna skorzysta\u0107 z za\u0142\u0105czonego wzoru formularza odst\u0105pienia od umowy, ale nie jest to obowi\u0105zkowe.<\/span><\/p><p><span style=\"font-weight: 400;\">Aby dotrzyma\u0107 terminu odst\u0105pienia od umowy, wystarczy wys\u0142a\u0107 wiadomo\u015b\u0107 dotycz\u0105c\u0105 skorzystania z prawa do odst\u0105pienia od umowy przed up\u0142ywem terminu odst\u0105pienia od umowy.<\/span><\/p><h4><strong>Skutki anulowania<\/strong><\/h4><p><span style=\"font-weight: 400;\">W przypadku odst\u0105pienia od niniejszej umowy przez u\u017cytkownika, zwr\u00f3cimy mu wszystkie otrzymane od niego p\u0142atno\u015bci, w tym koszty dostawy (z wyj\u0105tkiem dodatkowych koszt\u00f3w wynikaj\u0105cych z wyboru przez u\u017cytkownika innego rodzaju dostawy ni\u017c dostawa inna ni\u017c najta\u0144szy oferowany przez nas rodzaj standardowej dostawy), bez zb\u0119dnej zw\u0142oki, a w ka\u017cdym razie nie p\u00f3\u017aniej ni\u017c 14 dni od dnia, w kt\u00f3rym zostali\u015bmy poinformowani o decyzji u\u017cytkownika o odst\u0105pieniu od niniejszej umowy. Zwrotu p\u0142atno\u015bci dokonamy przy u\u017cyciu takich samych \u015brodk\u00f3w p\u0142atno\u015bci, jakie zosta\u0142y u\u017cyte przez u\u017cytkownika w pierwotnej transakcji, chyba \u017ce u\u017cytkownik wyra\u017anie zgodzi\u0142 si\u0119 na inne rozwi\u0105zanie; w ka\u017cdym przypadku u\u017cytkownik nie poniesie \u017cadnych op\u0142at w zwi\u0105zku z takim zwrotem. Mo\u017cemy wstrzyma\u0107 si\u0119 ze zwrotem p\u0142atno\u015bci do czasu otrzymania towar\u00f3w z powrotem lub dostarczenia przez u\u017cytkownika dowodu ich odes\u0142ania, w zale\u017cno\u015bci od tego, kt\u00f3re zdarzenie nast\u0105pi wcze\u015bniej.<\/span><\/p><p><span style=\"font-weight: 400;\">U\u017cytkownik ma obowi\u0105zek odes\u0142a\u0107 lub przekaza\u0107 nam towary bez zb\u0119dnej zw\u0142oki, a w ka\u017cdym razie nie p\u00f3\u017aniej ni\u017c 14 dni od dnia, w kt\u00f3rym poinformowa\u0142 nas o odst\u0105pieniu od niniejszej umowy. Termin jest zachowany, je\u015bli ode\u015blesz towary przed up\u0142ywem 14 dni. U\u017cytkownik b\u0119dzie musia\u0142 ponie\u015b\u0107 bezpo\u015brednie koszty zwrotu towar\u00f3w. U\u017cytkownik ponosi odpowiedzialno\u015b\u0107 wy\u0142\u0105cznie za zmniejszenie warto\u015bci towar\u00f3w wynikaj\u0105ce z obchodzenia si\u0119 z nimi w spos\u00f3b inny ni\u017c konieczny do ustalenia charakteru, cech i funkcjonowania towar\u00f3w.<\/span><\/p><table><tbody><tr><td><h4><strong>Wz\u00f3r formularza anulowania<\/strong><\/h4><p><i><span style=\"font-weight: 400;\">(Je\u015bli chcesz anulowa\u0107 umow\u0119, wype\u0142nij poni\u017cszy formularz i ode\u015blij go do nas).<\/span><\/i><\/p><p>- Do AH PROJECTS Kft, Forraskut street 54, 9012 Gyor, W\u0119gry, hello@<\/p><p><span style=\"font-weight: 400;\">- Ja\/My(*) niniejszym informuj\u0119\/informujemy(*), \u017ce odst\u0119puj\u0119\/odst\u0119pujemy(*) od umowy sprzeda\u017cy nast\u0119puj\u0105cych towar\u00f3w(*)\/o \u015bwiadczenie nast\u0119puj\u0105cej us\u0142ugi(*)<\/span><\/p><p><span style=\"font-weight: 400;\">- Zam\u00f3wione w dniu (*) \/ otrzymane w dniu (*)<\/span><\/p><p><span style=\"font-weight: 400;\">- Nazwa konsumenta(-\u00f3w)<\/span><\/p><p><span style=\"font-weight: 400;\">- Adres konsumenta(-\u00f3w)<\/span><\/p><p><span style=\"font-weight: 400;\">- Podpis konsumenta(-\u00f3w) (tylko w przypadku zg\u0142oszenia w formie papierowej)<\/span><\/p><p><span style=\"font-weight: 400;\">- Data<\/span><span style=\"font-weight: 400;\"><br \/><\/span><span style=\"font-weight: 400;\"><br \/><\/span><span style=\"font-weight: 400;\">(*) Niepotrzebne skre\u015bli\u0107<\/span><\/p><\/td><\/tr><\/tbody><\/table>\t\t\t\t\t\t\t\t<\/div>\n\t\t\t\t<\/div>\n\t\t\t\t\t<\/div>\n\t\t<\/div>\n\t\t\t\t\t<\/div>\n\t\t<\/section>\n\t\t\t\t<section class=\"elementor-section elementor-top-section elementor-element elementor-element-204d2bc5 elementor-section-boxed elementor-section-height-default elementor-section-height-default\" data-id=\"204d2bc5\" data-element_type=\"section\" data-settings=\"{&quot;shape_divider_bottom&quot;:&quot;opacity-tilt&quot;}\">\n\t\t\t\t\t<div class=\"elementor-shape elementor-shape-bottom\" aria-hidden=\"true\" data-negative=\"false\">\n\t\t\t<svg xmlns=\"http:\/\/www.w3.org\/2000\/svg\" viewbox=\"0 0 2600 131.1\" preserveaspectratio=\"none\">\n\t<path class=\"elementor-shape-fill\" d=\"M0 0L2600 0 2600 69.1 0 0z\"\/>\n\t<path class=\"elementor-shape-fill\" style=\"opacity:0.5\" d=\"M0 0L2600 0 2600 69.1 0 69.1z\"\/>\n\t<path class=\"elementor-shape-fill\" style=\"opacity:0.25\" d=\"M2600 0L0 0 0 130.1 2600 69.1z\"\/>\n<\/svg>\t\t<\/div>\n\t\t\t\t\t<div class=\"elementor-container elementor-column-gap-default\">\n\t\t\t\t\t<div class=\"elementor-column elementor-col-100 elementor-top-column elementor-element elementor-element-4e20e587\" data-id=\"4e20e587\" data-element_type=\"column\">\n\t\t\t<div class=\"elementor-widget-wrap elementor-element-populated\">\n\t\t\t\t\t\t<div class=\"elementor-element elementor-element-2b679067 elementor-widget-divider--view-line elementor-widget elementor-widget-divider\" data-id=\"2b679067\" data-element_type=\"widget\" data-widget_type=\"divider.default\">\n\t\t\t\t<div class=\"elementor-widget-container\">\n\t\t\t\t\t\t\t<div class=\"elementor-divider\">\n\t\t\t<span class=\"elementor-divider-separator\">\n\t\t\t\t\t\t<\/span>\n\t\t<\/div>\n\t\t\t\t\t\t<\/div>\n\t\t\t\t<\/div>\n\t\t\t\t<div class=\"elementor-element elementor-element-6af261e3 elementor-widget elementor-widget-heading\" data-id=\"6af261e3\" data-element_type=\"widget\" data-widget_type=\"heading.default\">\n\t\t\t\t<div class=\"elementor-widget-container\">\n\t\t\t\t\t<h2 class=\"elementor-heading-title elementor-size-default\">Opinie klient\u00f3w<\/h2>\t\t\t\t<\/div>\n\t\t\t\t<\/div>\n\t\t\t\t<div class=\"elementor-element elementor-element-1dea518 elementor-widget-divider--view-line elementor-widget elementor-widget-divider\" data-id=\"1dea518\" data-element_type=\"widget\" data-widget_type=\"divider.default\">\n\t\t\t\t<div class=\"elementor-widget-container\">\n\t\t\t\t\t\t\t<div class=\"elementor-divider\">\n\t\t\t<span class=\"elementor-divider-separator\">\n\t\t\t\t\t\t<\/span>\n\t\t<\/div>\n\t\t\t\t\t\t<\/div>\n\t\t\t\t<\/div>\n\t\t\t\t<div class=\"elementor-element elementor-element-287686e8 elementor-widget elementor-widget-html\" data-id=\"287686e8\" data-element_type=\"widget\" data-widget_type=\"html.default\">\n\t\t\t\t<div class=\"elementor-widget-container\">\n\t\t\t\t\t<!-- Begin eTrusted widget tag -->\r\n<etrusted-widget data-etrusted-widget-id=\"wdg-8303d63b-094d-4f10-aa81-b16f41f19520\"><\/etrusted-widget>\r\n<!-- End eTrusted widget tag -->\t\t\t\t<\/div>\n\t\t\t\t<\/div>\n\t\t\t\t\t<\/div>\n\t\t<\/div>\n\t\t\t\t\t<\/div>\n\t\t<\/section>\n\t\t\t\t<\/div>","protected":false},"excerpt":{"rendered":"<p>Prawo do odst\u0105pienia od umowy Instrukcje dotycz\u0105ce odst\u0105pienia od umowy Konsumenci maj\u0105 30-dniowe prawo do odst\u0105pienia od umowy. Prawo do odst\u0105pienia od umowy Konsument ma prawo do odst\u0105pienia od umowy w ci\u0105gu 30 dni bez podania przyczyny. Termin odst\u0105pienia od umowy wygasa po up\u0142ywie 30 dni od dnia, w kt\u00f3rym u\u017cytkownik naby\u0142 lub osoba trzecia inna ni\u017c [...]<\/p>","protected":false},"author":1,"featured_media":0,"parent":0,"menu_order":0,"comment_status":"closed","ping_status":"closed","template":"elementor_header_footer","meta":{"footnotes":""},"class_list":["post-3510","page","type-page","status-publish","hentry"],"yoast_head":"<!-- This site is optimized with the Yoast SEO plugin v25.3.1 - https:\/\/yoast.com\/wordpress\/plugins\/seo\/ -->\n<title>Right of Withdrawal - home-charging.eu<\/title>\n<meta name=\"robots\" content=\"index, follow, max-snippet:-1, max-image-preview:large, max-video-preview:-1\" \/>\n<link rel=\"canonical\" href=\"https:\/\/home-charging.eu\/pl\/prawo-do-odstapienia-od-umowy\/\" \/>\n<meta property=\"og:locale\" content=\"pl_PL\" \/>\n<meta property=\"og:type\" content=\"article\" \/>\n<meta property=\"og:title\" content=\"Right of Withdrawal - home-charging.eu\" \/>\n<meta property=\"og:description\" content=\"Right of Withdrawal Instructions on cancellation goods Consumers have a 30 days right to cancel. Right to cancel You have the right to cancel this contract within 30 days without giving any reason. The cancellation period will expire after 30 days from the day on which you acquire, or a third party other than the [&hellip;]\" \/>\n<meta property=\"og:url\" content=\"https:\/\/home-charging.eu\/pl\/prawo-do-odstapienia-od-umowy\/\" \/>\n<meta property=\"og:site_name\" content=\"home-charging.eu\" \/>\n<meta property=\"article:modified_time\" content=\"2023-10-31T10:38:14+00:00\" \/>\n<meta name=\"twitter:card\" content=\"summary_large_image\" \/>\n<meta name=\"twitter:label1\" content=\"Szacowany czas czytania\" \/>\n\t<meta name=\"twitter:data1\" content=\"3 minuty\" \/>\n<script type=\"application\/ld+json\" class=\"yoast-schema-graph\">{\"@context\":\"https:\/\/schema.org\",\"@graph\":[{\"@type\":\"WebPage\",\"@id\":\"https:\/\/home-charging.eu\/sk\/pravo-na-odstupenie-od-zmluvy\/\",\"url\":\"https:\/\/home-charging.eu\/sk\/pravo-na-odstupenie-od-zmluvy\/\",\"name\":\"Right of Withdrawal - home-charging.eu\",\"isPartOf\":{\"@id\":\"https:\/\/home-charging.eu\/es\/#website\"},\"datePublished\":\"2023-05-08T10:01:44+00:00\",\"dateModified\":\"2023-10-31T10:38:14+00:00\",\"breadcrumb\":{\"@id\":\"https:\/\/home-charging.eu\/sk\/pravo-na-odstupenie-od-zmluvy\/#breadcrumb\"},\"inLanguage\":\"pl-PL\",\"potentialAction\":[{\"@type\":\"ReadAction\",\"target\":[\"https:\/\/home-charging.eu\/sk\/pravo-na-odstupenie-od-zmluvy\/\"]}]},{\"@type\":\"BreadcrumbList\",\"@id\":\"https:\/\/home-charging.eu\/sk\/pravo-na-odstupenie-od-zmluvy\/#breadcrumb\",\"itemListElement\":[{\"@type\":\"ListItem\",\"position\":1,\"name\":\"Home\",\"item\":\"https:\/\/home-charging.eu\/sl\/\"},{\"@type\":\"ListItem\",\"position\":2,\"name\":\"Right of Withdrawal\"}]},{\"@type\":\"WebSite\",\"@id\":\"https:\/\/home-charging.eu\/es\/#website\",\"url\":\"https:\/\/home-charging.eu\/es\/\",\"name\":\"home-charging.eu\",\"description\":\"One-stop shop for all of your renewable energy and electric transportation needs, offering a wide range of products to suit every budget and need.\",\"publisher\":{\"@id\":\"https:\/\/home-charging.eu\/es\/#organization\"},\"potentialAction\":[{\"@type\":\"SearchAction\",\"target\":{\"@type\":\"EntryPoint\",\"urlTemplate\":\"https:\/\/home-charging.eu\/es\/?s={search_term_string}\"},\"query-input\":{\"@type\":\"PropertyValueSpecification\",\"valueRequired\":true,\"valueName\":\"search_term_string\"}}],\"inLanguage\":\"pl-PL\"},{\"@type\":\"Organization\",\"@id\":\"https:\/\/home-charging.eu\/es\/#organization\",\"name\":\"home-charging.eu\",\"url\":\"https:\/\/home-charging.eu\/es\/\",\"logo\":{\"@type\":\"ImageObject\",\"inLanguage\":\"pl-PL\",\"@id\":\"https:\/\/home-charging.eu\/es\/#\/schema\/logo\/image\/\",\"url\":\"https:\/\/home-charging.eu\/wp-content\/uploads\/2023\/03\/cropped-Logo-jo-szinu.png\",\"contentUrl\":\"https:\/\/home-charging.eu\/wp-content\/uploads\/2023\/03\/cropped-Logo-jo-szinu.png\",\"width\":929,\"height\":97,\"caption\":\"home-charging.eu\"},\"image\":{\"@id\":\"https:\/\/home-charging.eu\/es\/#\/schema\/logo\/image\/\"}}]}<\/script>\n<!-- \/ Yoast SEO plugin. -->","yoast_head_json":{"title":"Prawo do odst\u0105pienia od umowy - home-charging.eu","robots":{"index":"index","follow":"follow","max-snippet":"max-snippet:-1","max-image-preview":"max-image-preview:large","max-video-preview":"max-video-preview:-1"},"canonical":"https:\/\/home-charging.eu\/pl\/prawo-do-odstapienia-od-umowy\/","og_locale":"pl_PL","og_type":"article","og_title":"Right of Withdrawal - home-charging.eu","og_description":"Right of Withdrawal Instructions on cancellation goods Consumers have a 30 days right to cancel. Right to cancel You have the right to cancel this contract within 30 days without giving any reason. The cancellation period will expire after 30 days from the day on which you acquire, or a third party other than the [&hellip;]","og_url":"https:\/\/home-charging.eu\/pl\/prawo-do-odstapienia-od-umowy\/","og_site_name":"home-charging.eu","article_modified_time":"2023-10-31T10:38:14+00:00","twitter_card":"summary_large_image","twitter_misc":{"Szacowany czas czytania":"3 minuty"},"schema":{"@context":"https:\/\/schema.org","@graph":[{"@type":"WebPage","@id":"https:\/\/home-charging.eu\/sk\/pravo-na-odstupenie-od-zmluvy\/","url":"https:\/\/home-charging.eu\/sk\/pravo-na-odstupenie-od-zmluvy\/","name":"Prawo do odst\u0105pienia od umowy - home-charging.eu","isPartOf":{"@id":"https:\/\/home-charging.eu\/es\/#website"},"datePublished":"2023-05-08T10:01:44+00:00","dateModified":"2023-10-31T10:38:14+00:00","breadcrumb":{"@id":"https:\/\/home-charging.eu\/sk\/pravo-na-odstupenie-od-zmluvy\/#breadcrumb"},"inLanguage":"pl-PL","potentialAction":[{"@type":"ReadAction","target":["https:\/\/home-charging.eu\/sk\/pravo-na-odstupenie-od-zmluvy\/"]}]},{"@type":"BreadcrumbList","@id":"https:\/\/home-charging.eu\/sk\/pravo-na-odstupenie-od-zmluvy\/#breadcrumb","itemListElement":[{"@type":"ListItem","position":1,"name":"Home","item":"https:\/\/home-charging.eu\/sl\/"},{"@type":"ListItem","position":2,"name":"Right of Withdrawal"}]},{"@type":"WebSite","@id":"https:\/\/home-charging.eu\/es\/#website","url":"https:\/\/home-charging.eu\/es\/","name":"home-charging.eu","description":"Kompleksowy sklep dla wszystkich potrzeb zwi\u0105zanych z energi\u0105 odnawialn\u0105 i transportem elektrycznym, oferuj\u0105cy szerok\u0105 gam\u0119 produkt\u00f3w dostosowanych do ka\u017cdego bud\u017cetu i potrzeb.","publisher":{"@id":"https:\/\/home-charging.eu\/es\/#organization"},"potentialAction":[{"@type":"SearchAction","target":{"@type":"EntryPoint","urlTemplate":"https:\/\/home-charging.eu\/es\/?s={search_term_string}"},"query-input":{"@type":"PropertyValueSpecification","valueRequired":true,"valueName":"search_term_string"}}],"inLanguage":"pl-PL"},{"@type":"Organization","@id":"https:\/\/home-charging.eu\/es\/#organization","name":"home-charging.eu","url":"https:\/\/home-charging.eu\/es\/","logo":{"@type":"ImageObject","inLanguage":"pl-PL","@id":"https:\/\/home-charging.eu\/es\/#\/schema\/logo\/image\/","url":"https:\/\/home-charging.eu\/wp-content\/uploads\/2023\/03\/cropped-Logo-jo-szinu.png","contentUrl":"https:\/\/home-charging.eu\/wp-content\/uploads\/2023\/03\/cropped-Logo-jo-szinu.png","width":929,"height":97,"caption":"home-charging.eu"},"image":{"@id":"https:\/\/home-charging.eu\/es\/#\/schema\/logo\/image\/"}}]}},"_links":{"self":[{"href":"https:\/\/home-charging.eu\/pl\/wp-json\/wp\/v2\/pages\/3510","targetHints":{"allow":["GET"]}}],"collection":[{"href":"https:\/\/home-charging.eu\/pl\/wp-json\/wp\/v2\/pages"}],"about":[{"href":"https:\/\/home-charging.eu\/pl\/wp-json\/wp\/v2\/types\/page"}],"author":[{"embeddable":true,"href":"https:\/\/home-charging.eu\/pl\/wp-json\/wp\/v2\/users\/1"}],"replies":[{"embeddable":true,"href":"https:\/\/home-charging.eu\/pl\/wp-json\/wp\/v2\/comments?post=3510"}],"version-history":[{"count":46,"href":"https:\/\/home-charging.eu\/pl\/wp-json\/wp\/v2\/pages\/3510\/revisions"}],"predecessor-version":[{"id":4372,"href":"https:\/\/home-charging.eu\/pl\/wp-json\/wp\/v2\/pages\/3510\/revisions\/4372"}],"wp:attachment":[{"href":"https:\/\/home-charging.eu\/pl\/wp-json\/wp\/v2\/media?parent=3510"}],"curies":[{"name":"wp","href":"https:\/\/api.w.org\/{rel}","templated":true}]}}