{"id":3510,"date":"2023-05-08T12:01:44","date_gmt":"2023-05-08T10:01:44","guid":{"rendered":"https:\/?page_id=3510"},"modified":"2023-10-31T11:38:14","modified_gmt":"2023-10-31T10:38:14","slug":"dreptul-de-retragere","status":"publish","type":"page","link":"https:\/\/home-charging.eu\/ro\/dreptul-de-retragere\/","title":{"rendered":"Dreptul de retragere"},"content":{"rendered":"<div data-elementor-type=\"wp-page\" data-elementor-id=\"3510\" class=\"elementor elementor-3510\" data-elementor-post-type=\"page\">\n\t\t\t\t\t\t<section class=\"elementor-section elementor-top-section elementor-element elementor-element-6ea0a0a elementor-section-boxed elementor-section-height-default elementor-section-height-default\" data-id=\"6ea0a0a\" data-element_type=\"section\" data-settings=\"{&quot;shape_divider_top&quot;:&quot;opacity-tilt&quot;}\">\n\t\t\t\t\t<div class=\"elementor-shape elementor-shape-top\" aria-hidden=\"true\" data-negative=\"false\">\n\t\t\t<svg xmlns=\"http:\/\/www.w3.org\/2000\/svg\" viewbox=\"0 0 2600 131.1\" preserveaspectratio=\"none\">\n\t<path class=\"elementor-shape-fill\" d=\"M0 0L2600 0 2600 69.1 0 0z\"\/>\n\t<path class=\"elementor-shape-fill\" style=\"opacity:0.5\" d=\"M0 0L2600 0 2600 69.1 0 69.1z\"\/>\n\t<path class=\"elementor-shape-fill\" style=\"opacity:0.25\" d=\"M2600 0L0 0 0 130.1 2600 69.1z\"\/>\n<\/svg>\t\t<\/div>\n\t\t\t\t\t<div class=\"elementor-container elementor-column-gap-default\">\n\t\t\t\t\t<div class=\"elementor-column elementor-col-100 elementor-top-column elementor-element elementor-element-f37c51f\" data-id=\"f37c51f\" data-element_type=\"column\">\n\t\t\t<div class=\"elementor-widget-wrap elementor-element-populated\">\n\t\t\t\t\t\t<div class=\"elementor-element elementor-element-7a50286 elementor-widget elementor-widget-heading\" data-id=\"7a50286\" data-element_type=\"widget\" data-widget_type=\"heading.default\">\n\t\t\t\t<div class=\"elementor-widget-container\">\n\t\t\t\t\t<h2 class=\"elementor-heading-title elementor-size-default\">Dreptul de retragere<\/h2>\t\t\t\t<\/div>\n\t\t\t\t<\/div>\n\t\t\t\t<div class=\"elementor-element elementor-element-986f0ce elementor-widget-divider--view-line elementor-widget elementor-widget-divider\" data-id=\"986f0ce\" data-element_type=\"widget\" data-widget_type=\"divider.default\">\n\t\t\t\t<div class=\"elementor-widget-container\">\n\t\t\t\t\t\t\t<div class=\"elementor-divider\">\n\t\t\t<span class=\"elementor-divider-separator\">\n\t\t\t\t\t\t<\/span>\n\t\t<\/div>\n\t\t\t\t\t\t<\/div>\n\t\t\t\t<\/div>\n\t\t\t\t<div class=\"elementor-element elementor-element-c8e5102 elementor-widget elementor-widget-text-editor\" data-id=\"c8e5102\" data-element_type=\"widget\" data-widget_type=\"text-editor.default\">\n\t\t\t\t<div class=\"elementor-widget-container\">\n\t\t\t\t\t\t\t\t\t<h4><strong>Instruc\u021biuni privind anularea m\u0103rfurilor<\/strong><\/h4><p><span style=\"font-weight: 400;\">Consumatorii au un drept de anulare de 30 de zile.<\/span><\/p><h4><strong>Dreptul de anulare<\/strong><\/h4><p><span style=\"font-weight: 400;\">Ave\u021bi dreptul de a anula prezentul contract \u00een termen de 30 de zile, f\u0103r\u0103 a da niciun motiv. Perioada de reziliere va expira dup\u0103 30 de zile de la data la care dumneavoastr\u0103 sau o ter\u021b\u0103 parte, alta dec\u00e2t transportatorul \u0219i indicat\u0103 de dumneavoastr\u0103, intr\u0103 \u00een posesia fizic\u0103 a bunurilor.<\/span><\/p><p><span style=\"font-weight: 400;\">Pentru a v\u0103 exercita dreptul de anulare, trebuie s\u0103 ne informa\u021bi (AH PROJECTS Kft., Forraskut street 54, 9012 Gyor, Ungaria, hello@, Tel: +3614111411) despre decizia dumneavoastr\u0103 de a anula acest contract printr-o declara\u021bie clar\u0103 (de exemplu, o scrisoare trimis\u0103 prin po\u0219t\u0103 sau e-mail). Pute\u021bi utiliza modelul de formular de reziliere ata\u0219at, dar nu este obligatoriu.<\/span><\/p><p><span style=\"font-weight: 400;\">Pentru a respecta termenul de anulare, este suficient s\u0103 trimite\u021bi comunicarea privind exercitarea dreptului de anulare \u00eenainte de expirarea perioadei de anulare.<\/span><\/p><h4><strong>Efectele anul\u0103rii<\/strong><\/h4><p><span style=\"font-weight: 400;\">\u00cen cazul \u00een care rezilia\u021bi prezentul contract, v\u0103 vom rambursa toate pl\u0103\u021bile primite de la dumneavoastr\u0103, inclusiv costurile de livrare (cu excep\u021bia costurilor suplimentare care apar dac\u0103 a\u021bi ales un alt tip de livrare dec\u00e2t cel mai pu\u021bin costisitor tip de livrare standard oferit de noi), f\u0103r\u0103 \u00eent\u00e2rzieri nejustificate \u0219i, \u00een orice caz, nu mai t\u00e2rziu de 14 zile de la data la care suntem informa\u021bi cu privire la decizia dumneavoastr\u0103 de a renun\u021ba la prezentul contract. Vom efectua rambursarea folosind acelea\u0219i mijloace de plat\u0103 pe care le-a\u021bi utilizat pentru tranzac\u021bia ini\u021bial\u0103, cu excep\u021bia cazului \u00een care a\u021bi convenit \u00een mod expres altfel; \u00een orice caz, nu ve\u021bi suporta niciun comision ca urmare a acestei ramburs\u0103ri. Putem s\u0103 re\u021binem rambursarea p\u00e2n\u0103 c\u00e2nd primim \u00eenapoi bunurile sau p\u00e2n\u0103 c\u00e2nd ne furniza\u021bi dovada c\u0103 a\u021bi trimis \u00eenapoi bunurile, \u00een func\u021bie de care dintre acestea este mai devreme.<\/span><\/p><p><span style=\"font-weight: 400;\">Trebuie s\u0103 ne trimite\u021bi \u00eenapoi bunurile sau s\u0103 ni le preda\u021bi f\u0103r\u0103 \u00eent\u00e2rzieri nejustificate \u0219i, \u00een orice caz, nu mai t\u00e2rziu de 14 zile de la data la care ne comunica\u021bi rezilierea contractului. Termenul este respectat dac\u0103 trimite\u021bi \u00eenapoi bunurile \u00eenainte de expirarea perioadei de 14 zile. Va trebui s\u0103 suporta\u021bi costurile directe de returnare a bunurilor. Sunte\u021bi r\u0103spunz\u0103tor doar pentru orice diminuare a valorii bunurilor care rezult\u0103 din manipularea acestora, alta dec\u00e2t cea necesar\u0103 pentru a stabili natura, caracteristicile \u0219i func\u021bionarea bunurilor.<\/span><\/p><table><tbody><tr><td><h4><strong>Formular de anulare a modelului<\/strong><\/h4><p><i><span style=\"font-weight: 400;\">(Dac\u0103 dori\u021bi s\u0103 anula\u021bi contractul, v\u0103 rug\u0103m s\u0103 completa\u021bi formularul de mai jos \u0219i s\u0103 ni-l trimite\u021bi \u00eenapoi.)<\/span><\/i><\/p><p>- C\u0103tre AH PROJECTS Kft, Forraskut street 54, 9012 Gyor, Ungaria, hello@<\/p><p><span style=\"font-weight: 400;\">- Prin prezenta, eu\/noi(*) notific prin prezenta c\u0103 eu\/noi(*) reziliem contractul meu\/al nostru (*) de v\u00e2nzare a urm\u0103toarelor bunuri (*)\/pentru furnizarea urm\u0103torului serviciu(*)<\/span><\/p><p><span style=\"font-weight: 400;\">- Comandat la (*) \/ primit la (*)<\/span><\/p><p><span style=\"font-weight: 400;\">- Numele consumatorului (consumatorilor)<\/span><\/p><p><span style=\"font-weight: 400;\">- Adresa consumatorului (consumatorilor)<\/span><\/p><p><span style=\"font-weight: 400;\">- Semn\u0103tura consumatorului (consumatorilor) (numai \u00een cazul \u00een care aceasta este notificat\u0103 pe suport de h\u00e2rtie)<\/span><\/p><p><span style=\"font-weight: 400;\">- Data<\/span><span style=\"font-weight: 400;\"><br \/><\/span><span style=\"font-weight: 400;\"><br \/><\/span><span style=\"font-weight: 400;\">(*) A se \u0219terge dup\u0103 caz<\/span><\/p><\/td><\/tr><\/tbody><\/table>\t\t\t\t\t\t\t\t<\/div>\n\t\t\t\t<\/div>\n\t\t\t\t\t<\/div>\n\t\t<\/div>\n\t\t\t\t\t<\/div>\n\t\t<\/section>\n\t\t\t\t<section class=\"elementor-section elementor-top-section elementor-element elementor-element-204d2bc5 elementor-section-boxed elementor-section-height-default elementor-section-height-default\" data-id=\"204d2bc5\" data-element_type=\"section\" data-settings=\"{&quot;shape_divider_bottom&quot;:&quot;opacity-tilt&quot;}\">\n\t\t\t\t\t<div class=\"elementor-shape elementor-shape-bottom\" aria-hidden=\"true\" data-negative=\"false\">\n\t\t\t<svg xmlns=\"http:\/\/www.w3.org\/2000\/svg\" viewbox=\"0 0 2600 131.1\" preserveaspectratio=\"none\">\n\t<path class=\"elementor-shape-fill\" d=\"M0 0L2600 0 2600 69.1 0 0z\"\/>\n\t<path class=\"elementor-shape-fill\" style=\"opacity:0.5\" d=\"M0 0L2600 0 2600 69.1 0 69.1z\"\/>\n\t<path class=\"elementor-shape-fill\" style=\"opacity:0.25\" d=\"M2600 0L0 0 0 130.1 2600 69.1z\"\/>\n<\/svg>\t\t<\/div>\n\t\t\t\t\t<div class=\"elementor-container elementor-column-gap-default\">\n\t\t\t\t\t<div class=\"elementor-column elementor-col-100 elementor-top-column elementor-element elementor-element-4e20e587\" data-id=\"4e20e587\" data-element_type=\"column\">\n\t\t\t<div class=\"elementor-widget-wrap elementor-element-populated\">\n\t\t\t\t\t\t<div class=\"elementor-element elementor-element-2b679067 elementor-widget-divider--view-line elementor-widget elementor-widget-divider\" data-id=\"2b679067\" data-element_type=\"widget\" data-widget_type=\"divider.default\">\n\t\t\t\t<div class=\"elementor-widget-container\">\n\t\t\t\t\t\t\t<div class=\"elementor-divider\">\n\t\t\t<span class=\"elementor-divider-separator\">\n\t\t\t\t\t\t<\/span>\n\t\t<\/div>\n\t\t\t\t\t\t<\/div>\n\t\t\t\t<\/div>\n\t\t\t\t<div class=\"elementor-element elementor-element-6af261e3 elementor-widget elementor-widget-heading\" data-id=\"6af261e3\" data-element_type=\"widget\" data-widget_type=\"heading.default\">\n\t\t\t\t<div class=\"elementor-widget-container\">\n\t\t\t\t\t<h2 class=\"elementor-heading-title elementor-size-default\">Recenzii ale clien\u021bilor<\/h2>\t\t\t\t<\/div>\n\t\t\t\t<\/div>\n\t\t\t\t<div class=\"elementor-element elementor-element-1dea518 elementor-widget-divider--view-line elementor-widget elementor-widget-divider\" data-id=\"1dea518\" data-element_type=\"widget\" data-widget_type=\"divider.default\">\n\t\t\t\t<div class=\"elementor-widget-container\">\n\t\t\t\t\t\t\t<div class=\"elementor-divider\">\n\t\t\t<span class=\"elementor-divider-separator\">\n\t\t\t\t\t\t<\/span>\n\t\t<\/div>\n\t\t\t\t\t\t<\/div>\n\t\t\t\t<\/div>\n\t\t\t\t<div class=\"elementor-element elementor-element-287686e8 elementor-widget elementor-widget-html\" data-id=\"287686e8\" data-element_type=\"widget\" data-widget_type=\"html.default\">\n\t\t\t\t<div class=\"elementor-widget-container\">\n\t\t\t\t\t<!-- Begin eTrusted widget tag -->\r\n<etrusted-widget data-etrusted-widget-id=\"wdg-8303d63b-094d-4f10-aa81-b16f41f19520\"><\/etrusted-widget>\r\n<!-- End eTrusted widget tag -->\t\t\t\t<\/div>\n\t\t\t\t<\/div>\n\t\t\t\t\t<\/div>\n\t\t<\/div>\n\t\t\t\t\t<\/div>\n\t\t<\/section>\n\t\t\t\t<\/div>","protected":false},"excerpt":{"rendered":"<p>Dreptul de retragere Instruc\u021biuni privind bunurile de anulare Consumatorii au un drept de anulare de 30 de zile. Dreptul de anulare Ave\u021bi dreptul de a anula prezentul contract \u00een termen de 30 de zile, f\u0103r\u0103 a da niciun motiv. Perioada de anulare va expira dup\u0103 30 de zile de la data la care achizi\u021biona\u021bi, sau o ter\u021b\u0103 parte, alta dec\u00e2t [...]<\/p>","protected":false},"author":1,"featured_media":0,"parent":0,"menu_order":0,"comment_status":"closed","ping_status":"closed","template":"elementor_header_footer","meta":{"footnotes":""},"class_list":["post-3510","page","type-page","status-publish","hentry"],"yoast_head":"<!-- This site is optimized with the Yoast SEO plugin v25.3.1 - https:\/\/yoast.com\/wordpress\/plugins\/seo\/ -->\n<title>Right of Withdrawal - home-charging.eu<\/title>\n<meta name=\"robots\" content=\"index, follow, max-snippet:-1, max-image-preview:large, max-video-preview:-1\" \/>\n<link rel=\"canonical\" href=\"https:\/\/home-charging.eu\/ro\/dreptul-de-retragere\/\" \/>\n<meta property=\"og:locale\" content=\"ro_RO\" \/>\n<meta property=\"og:type\" content=\"article\" \/>\n<meta property=\"og:title\" content=\"Right of Withdrawal - home-charging.eu\" \/>\n<meta property=\"og:description\" content=\"Right of Withdrawal Instructions on cancellation goods Consumers have a 30 days right to cancel. Right to cancel You have the right to cancel this contract within 30 days without giving any reason. The cancellation period will expire after 30 days from the day on which you acquire, or a third party other than the [&hellip;]\" \/>\n<meta property=\"og:url\" content=\"https:\/\/home-charging.eu\/ro\/dreptul-de-retragere\/\" \/>\n<meta property=\"og:site_name\" content=\"home-charging.eu\" \/>\n<meta property=\"article:modified_time\" content=\"2023-10-31T10:38:14+00:00\" \/>\n<meta name=\"twitter:card\" content=\"summary_large_image\" \/>\n<meta name=\"twitter:label1\" content=\"Timp estimat pentru citire\" \/>\n\t<meta name=\"twitter:data1\" content=\"3 minute\" \/>\n<script type=\"application\/ld+json\" class=\"yoast-schema-graph\">{\"@context\":\"https:\/\/schema.org\",\"@graph\":[{\"@type\":\"WebPage\",\"@id\":\"https:\/\/home-charging.eu\/sk\/pravo-na-odstupenie-od-zmluvy\/\",\"url\":\"https:\/\/home-charging.eu\/sk\/pravo-na-odstupenie-od-zmluvy\/\",\"name\":\"Right of Withdrawal - home-charging.eu\",\"isPartOf\":{\"@id\":\"https:\/\/home-charging.eu\/es\/#website\"},\"datePublished\":\"2023-05-08T10:01:44+00:00\",\"dateModified\":\"2023-10-31T10:38:14+00:00\",\"breadcrumb\":{\"@id\":\"https:\/\/home-charging.eu\/sk\/pravo-na-odstupenie-od-zmluvy\/#breadcrumb\"},\"inLanguage\":\"ro-RO\",\"potentialAction\":[{\"@type\":\"ReadAction\",\"target\":[\"https:\/\/home-charging.eu\/sk\/pravo-na-odstupenie-od-zmluvy\/\"]}]},{\"@type\":\"BreadcrumbList\",\"@id\":\"https:\/\/home-charging.eu\/sk\/pravo-na-odstupenie-od-zmluvy\/#breadcrumb\",\"itemListElement\":[{\"@type\":\"ListItem\",\"position\":1,\"name\":\"Home\",\"item\":\"https:\/\/home-charging.eu\/sl\/\"},{\"@type\":\"ListItem\",\"position\":2,\"name\":\"Right of Withdrawal\"}]},{\"@type\":\"WebSite\",\"@id\":\"https:\/\/home-charging.eu\/es\/#website\",\"url\":\"https:\/\/home-charging.eu\/es\/\",\"name\":\"home-charging.eu\",\"description\":\"One-stop shop for all of your renewable energy and electric transportation needs, offering a wide range of products to suit every budget and need.\",\"publisher\":{\"@id\":\"https:\/\/home-charging.eu\/es\/#organization\"},\"potentialAction\":[{\"@type\":\"SearchAction\",\"target\":{\"@type\":\"EntryPoint\",\"urlTemplate\":\"https:\/\/home-charging.eu\/es\/?s={search_term_string}\"},\"query-input\":{\"@type\":\"PropertyValueSpecification\",\"valueRequired\":true,\"valueName\":\"search_term_string\"}}],\"inLanguage\":\"ro-RO\"},{\"@type\":\"Organization\",\"@id\":\"https:\/\/home-charging.eu\/es\/#organization\",\"name\":\"home-charging.eu\",\"url\":\"https:\/\/home-charging.eu\/es\/\",\"logo\":{\"@type\":\"ImageObject\",\"inLanguage\":\"ro-RO\",\"@id\":\"https:\/\/home-charging.eu\/es\/#\/schema\/logo\/image\/\",\"url\":\"https:\/\/home-charging.eu\/wp-content\/uploads\/2023\/03\/cropped-Logo-jo-szinu.png\",\"contentUrl\":\"https:\/\/home-charging.eu\/wp-content\/uploads\/2023\/03\/cropped-Logo-jo-szinu.png\",\"width\":929,\"height\":97,\"caption\":\"home-charging.eu\"},\"image\":{\"@id\":\"https:\/\/home-charging.eu\/es\/#\/schema\/logo\/image\/\"}}]}<\/script>\n<!-- \/ Yoast SEO plugin. -->","yoast_head_json":{"title":"Dreptul de retragere - home-charging.eu","robots":{"index":"index","follow":"follow","max-snippet":"max-snippet:-1","max-image-preview":"max-image-preview:large","max-video-preview":"max-video-preview:-1"},"canonical":"https:\/\/home-charging.eu\/ro\/dreptul-de-retragere\/","og_locale":"ro_RO","og_type":"article","og_title":"Right of Withdrawal - home-charging.eu","og_description":"Right of Withdrawal Instructions on cancellation goods Consumers have a 30 days right to cancel. Right to cancel You have the right to cancel this contract within 30 days without giving any reason. The cancellation period will expire after 30 days from the day on which you acquire, or a third party other than the [&hellip;]","og_url":"https:\/\/home-charging.eu\/ro\/dreptul-de-retragere\/","og_site_name":"home-charging.eu","article_modified_time":"2023-10-31T10:38:14+00:00","twitter_card":"summary_large_image","twitter_misc":{"Timp estimat pentru citire":"3 minute"},"schema":{"@context":"https:\/\/schema.org","@graph":[{"@type":"WebPage","@id":"https:\/\/home-charging.eu\/sk\/pravo-na-odstupenie-od-zmluvy\/","url":"https:\/\/home-charging.eu\/sk\/pravo-na-odstupenie-od-zmluvy\/","name":"Dreptul de retragere - home-charging.eu","isPartOf":{"@id":"https:\/\/home-charging.eu\/es\/#website"},"datePublished":"2023-05-08T10:01:44+00:00","dateModified":"2023-10-31T10:38:14+00:00","breadcrumb":{"@id":"https:\/\/home-charging.eu\/sk\/pravo-na-odstupenie-od-zmluvy\/#breadcrumb"},"inLanguage":"ro-RO","potentialAction":[{"@type":"ReadAction","target":["https:\/\/home-charging.eu\/sk\/pravo-na-odstupenie-od-zmluvy\/"]}]},{"@type":"BreadcrumbList","@id":"https:\/\/home-charging.eu\/sk\/pravo-na-odstupenie-od-zmluvy\/#breadcrumb","itemListElement":[{"@type":"ListItem","position":1,"name":"Home","item":"https:\/\/home-charging.eu\/sl\/"},{"@type":"ListItem","position":2,"name":"Right of Withdrawal"}]},{"@type":"WebSite","@id":"https:\/\/home-charging.eu\/es\/#website","url":"https:\/\/home-charging.eu\/es\/","name":"home-charging.eu","description":"Magazin unic pentru toate nevoile dumneavoastr\u0103 \u00een materie de energie regenerabil\u0103 \u0219i transport electric, oferind o gam\u0103 larg\u0103 de produse care se potrivesc oric\u0103rui buget \u0219i oric\u0103rei nevoi.","publisher":{"@id":"https:\/\/home-charging.eu\/es\/#organization"},"potentialAction":[{"@type":"SearchAction","target":{"@type":"EntryPoint","urlTemplate":"https:\/\/home-charging.eu\/es\/?s={search_term_string}"},"query-input":{"@type":"PropertyValueSpecification","valueRequired":true,"valueName":"search_term_string"}}],"inLanguage":"ro-RO"},{"@type":"Organization","@id":"https:\/\/home-charging.eu\/es\/#organization","name":"home-charging.eu","url":"https:\/\/home-charging.eu\/es\/","logo":{"@type":"ImageObject","inLanguage":"ro-RO","@id":"https:\/\/home-charging.eu\/es\/#\/schema\/logo\/image\/","url":"https:\/\/home-charging.eu\/wp-content\/uploads\/2023\/03\/cropped-Logo-jo-szinu.png","contentUrl":"https:\/\/home-charging.eu\/wp-content\/uploads\/2023\/03\/cropped-Logo-jo-szinu.png","width":929,"height":97,"caption":"home-charging.eu"},"image":{"@id":"https:\/\/home-charging.eu\/es\/#\/schema\/logo\/image\/"}}]}},"_links":{"self":[{"href":"https:\/\/home-charging.eu\/ro\/wp-json\/wp\/v2\/pages\/3510","targetHints":{"allow":["GET"]}}],"collection":[{"href":"https:\/\/home-charging.eu\/ro\/wp-json\/wp\/v2\/pages"}],"about":[{"href":"https:\/\/home-charging.eu\/ro\/wp-json\/wp\/v2\/types\/page"}],"author":[{"embeddable":true,"href":"https:\/\/home-charging.eu\/ro\/wp-json\/wp\/v2\/users\/1"}],"replies":[{"embeddable":true,"href":"https:\/\/home-charging.eu\/ro\/wp-json\/wp\/v2\/comments?post=3510"}],"version-history":[{"count":46,"href":"https:\/\/home-charging.eu\/ro\/wp-json\/wp\/v2\/pages\/3510\/revisions"}],"predecessor-version":[{"id":4372,"href":"https:\/\/home-charging.eu\/ro\/wp-json\/wp\/v2\/pages\/3510\/revisions\/4372"}],"wp:attachment":[{"href":"https:\/\/home-charging.eu\/ro\/wp-json\/wp\/v2\/media?parent=3510"}],"curies":[{"name":"wp","href":"https:\/\/api.w.org\/{rel}","templated":true}]}}