{"id":37,"date":"2022-09-13T15:29:40","date_gmt":"2022-09-13T13:29:40","guid":{"rendered":"https:\/?page_id=37"},"modified":"2023-10-31T11:39:17","modified_gmt":"2023-10-31T10:39:17","slug":"restituiri_retururi","status":"publish","type":"page","link":"https:\/\/home-charging.eu\/ro\/restituiri_retururi\/","title":{"rendered":"RETURURI \u0218I RAMBURS\u0102RI"},"content":{"rendered":"<div data-elementor-type=\"wp-page\" data-elementor-id=\"37\" class=\"elementor elementor-37\" data-elementor-post-type=\"page\">\n\t\t\t\t\t\t<section class=\"elementor-section elementor-top-section elementor-element elementor-element-1afcfb54 elementor-section-boxed elementor-section-height-default elementor-section-height-default\" data-id=\"1afcfb54\" data-element_type=\"section\" data-settings=\"{&quot;shape_divider_top&quot;:&quot;opacity-tilt&quot;}\">\n\t\t\t\t\t<div class=\"elementor-shape elementor-shape-top\" aria-hidden=\"true\" data-negative=\"false\">\n\t\t\t<svg xmlns=\"http:\/\/www.w3.org\/2000\/svg\" viewbox=\"0 0 2600 131.1\" preserveaspectratio=\"none\">\n\t<path class=\"elementor-shape-fill\" d=\"M0 0L2600 0 2600 69.1 0 0z\"\/>\n\t<path class=\"elementor-shape-fill\" style=\"opacity:0.5\" d=\"M0 0L2600 0 2600 69.1 0 69.1z\"\/>\n\t<path class=\"elementor-shape-fill\" style=\"opacity:0.25\" d=\"M2600 0L0 0 0 130.1 2600 69.1z\"\/>\n<\/svg>\t\t<\/div>\n\t\t\t\t\t<div class=\"elementor-container elementor-column-gap-no\">\n\t\t\t\t\t<div class=\"elementor-column elementor-col-100 elementor-top-column elementor-element elementor-element-128ac87\" data-id=\"128ac87\" data-element_type=\"column\">\n\t\t\t<div class=\"elementor-widget-wrap elementor-element-populated\">\n\t\t\t\t\t\t<div class=\"elementor-element elementor-element-400bd96f elementor-widget elementor-widget-heading\" data-id=\"400bd96f\" data-element_type=\"widget\" data-widget_type=\"heading.default\">\n\t\t\t\t<div class=\"elementor-widget-container\">\n\t\t\t\t\t<h2 class=\"elementor-heading-title elementor-size-default\">retururi \u0219i ramburs\u0103ri<\/h2>\t\t\t\t<\/div>\n\t\t\t\t<\/div>\n\t\t\t\t<div class=\"elementor-element elementor-element-9513e98 elementor-widget-divider--view-line elementor-widget elementor-widget-divider\" data-id=\"9513e98\" data-element_type=\"widget\" data-widget_type=\"divider.default\">\n\t\t\t\t<div class=\"elementor-widget-container\">\n\t\t\t\t\t\t\t<div class=\"elementor-divider\">\n\t\t\t<span class=\"elementor-divider-separator\">\n\t\t\t\t\t\t<\/span>\n\t\t<\/div>\n\t\t\t\t\t\t<\/div>\n\t\t\t\t<\/div>\n\t\t\t\t<div class=\"elementor-element elementor-element-7d50ceb1 elementor-widget elementor-widget-text-editor\" data-id=\"7d50ceb1\" data-element_type=\"widget\" data-widget_type=\"text-editor.default\">\n\t\t\t\t<div class=\"elementor-widget-container\">\n\t\t\t\t\t\t\t\t\t<h4><strong>Prezentare general\u0103<\/strong><\/h4>\n<p><span style=\"font-weight: 400;\">Politica noastr\u0103 de rambursare \u0219i returnare dureaz\u0103 30 de zile. Dac\u0103 au trecut 30 de zile de la achizi\u021bia dvs., nu v\u0103 putem oferi o rambursare complet\u0103 sau un schimb.<\/span><\/p>\n<p><span style=\"font-weight: 400;\">Articole suplimentare care nu se returneaz\u0103:<\/span><\/p>\n<ul>\n<li style=\"font-weight: 400;\" aria-level=\"1\">\n<p><span style=\"font-weight: 400;\">Carduri cadou<\/span><\/p>\n<\/li>\n<li style=\"font-weight: 400;\" aria-level=\"1\">\n<p><span style=\"font-weight: 400;\">Produse software desc\u0103rcabile<\/span><\/p>\n<\/li>\n<\/ul>\n<p><span style=\"font-weight: 400;\">Pentru a finaliza returnarea, avem nevoie de o chitan\u021b\u0103 sau de o dovad\u0103 de cump\u0103rare.<\/span><\/p>\n<p><span style=\"font-weight: 400;\">V\u0103 rug\u0103m s\u0103 nu ne trimite\u021bi achizi\u021bia \u00eenapoi la adresa noastr\u0103 de facturare, deoarece bunurile provin din centrele de \u00eendeplinire. V\u0103 rug\u0103m s\u0103 re\u021bine\u021bi c\u0103 clientul trebuie s\u0103 pl\u0103teasc\u0103 taxa pentru transportul de returnare.<\/span><\/p>\n<p><span style=\"font-weight: 400;\">Exist\u0103 anumite situa\u021bii \u00een care se acord\u0103 numai ramburs\u0103ri par\u021biale:<\/span><\/p>\n<ul>\n<li style=\"font-weight: 400;\" aria-level=\"1\">\n<p><span style=\"font-weight: 400;\">Orice articol care nu se afl\u0103 \u00een starea sa original\u0103, este deteriorat sau \u00eei lipsesc piese din motive care nu se datoreaz\u0103 erorii noastre.<\/span><\/p>\n<\/li>\n<li style=\"font-weight: 400;\" aria-level=\"1\">\n<p><span style=\"font-weight: 400;\">Orice articol returnat dup\u0103 mai mult de 30 de zile de la livrare<\/span><\/p>\n<\/li>\n<\/ul>\n<h4><strong>Restituiri<\/strong><\/h4>\n<p><span style=\"font-weight: 400;\">Dup\u0103 ce returnarea este primit\u0103 \u0219i inspectat\u0103, v\u0103 vom trimite un e-mail pentru a v\u0103 anun\u021ba c\u0103 am primit articolul returnat. De asemenea, v\u0103 vom informa cu privire la aprobarea sau respingerea ramburs\u0103rii dumneavoastr\u0103.<\/span><\/p>\n<p><span style=\"font-weight: 400;\">Dac\u0103 sunte\u021bi aprobat, atunci rambursarea va fi procesat\u0103, iar un credit va fi aplicat automat pe cardul de credit sau pe metoda original\u0103 de plat\u0103, \u00een termen de 3-5 zile lucr\u0103toare.<\/span><\/p>\n<p><strong>Restituiri \u00eent\u00e2rziate sau lips\u0103<\/strong><\/p>\n<p><span style=\"font-weight: 400;\">Dac\u0103 nu a\u021bi primit \u00eenc\u0103 o rambursare, mai \u00eent\u00e2i verifica\u021bi-v\u0103 din nou contul bancar.<\/span><\/p>\n<p><span style=\"font-weight: 400;\">Apoi contacta\u021bi compania de carduri de credit, poate dura ceva timp p\u00e2n\u0103 c\u00e2nd rambursarea va fi postat\u0103 oficial.<\/span><\/p>\n<p><span style=\"font-weight: 400;\">Apoi contacta\u021bi banca dumneavoastr\u0103. De multe ori, exist\u0103 o perioad\u0103 de timp de procesare \u00eenainte de a fi \u00eenregistrat\u0103 o rambursare.<\/span><\/p>\n<p><span style=\"font-weight: 400;\">Dac\u0103 a\u021bi f\u0103cut toate acestea \u0219i \u00eenc\u0103 nu a\u021bi primit rambursarea, v\u0103 rug\u0103m s\u0103 ne contacta\u021bi la hello@.<\/span><\/p>\n<h4><strong>Schimburi<\/strong><\/h4>\n<p><span style=\"font-weight: 400;\">\u00cenlocuim articolele doar dac\u0103 sunt defecte sau deteriorate. Dac\u0103 ave\u021bi nevoie s\u0103 \u00eel schimba\u021bi pentru acela\u0219i articol, trimite\u021bi-ne un e-mail la hello@.<\/span><\/p>\n<h4><strong>Return\u0103ri de transport<\/strong><\/h4>\n<p><span style=\"font-weight: 400;\">Pentru a returna produsul, ve\u021bi primi un e-mail cu instruc\u021biuni de la serviciul nostru de asisten\u021b\u0103 pentru clien\u021bi.<\/span><\/p>\n<p><span style=\"font-weight: 400;\">Ve\u021bi fi responsabil pentru plata propriilor costuri de transport pentru returnarea articolului (articolelor).\u00a0<\/span><\/p>\n<p><span style=\"font-weight: 400;\">\u00cen func\u021bie de locul \u00een care locui\u021bi, timpul necesar pentru ca produsul schimbat s\u0103 ajung\u0103 la dumneavoastr\u0103 poate varia.<\/span><\/p>\n<p><span style=\"font-weight: 400;\">Dac\u0103 returna\u021bi articole mai scumpe, pute\u021bi lua \u00een considerare posibilitatea de a utiliza un serviciu de expediere cu urm\u0103rire sau de a cump\u0103ra o asigurare de transport.\u00a0<\/span><\/p>\n<h4><strong>Ave\u021bi nevoie de ajutor?<\/strong><\/h4>\n<p><span style=\"font-weight: 400;\">Contacta\u021bi-ne la hello@ pentru \u00eentreb\u0103ri legate de ramburs\u0103ri \u0219i retururi.<\/span><\/p>\t\t\t\t\t\t\t\t<\/div>\n\t\t\t\t<\/div>\n\t\t\t\t\t<\/div>\n\t\t<\/div>\n\t\t\t\t\t<\/div>\n\t\t<\/section>\n\t\t\t\t<section class=\"elementor-section elementor-top-section elementor-element elementor-element-1baa5beb elementor-section-boxed elementor-section-height-default elementor-section-height-default\" data-id=\"1baa5beb\" data-element_type=\"section\" data-settings=\"{&quot;shape_divider_bottom&quot;:&quot;opacity-tilt&quot;}\">\n\t\t\t\t\t<div class=\"elementor-shape elementor-shape-bottom\" aria-hidden=\"true\" data-negative=\"false\">\n\t\t\t<svg xmlns=\"http:\/\/www.w3.org\/2000\/svg\" viewbox=\"0 0 2600 131.1\" preserveaspectratio=\"none\">\n\t<path class=\"elementor-shape-fill\" d=\"M0 0L2600 0 2600 69.1 0 0z\"\/>\n\t<path class=\"elementor-shape-fill\" style=\"opacity:0.5\" d=\"M0 0L2600 0 2600 69.1 0 69.1z\"\/>\n\t<path class=\"elementor-shape-fill\" style=\"opacity:0.25\" d=\"M2600 0L0 0 0 130.1 2600 69.1z\"\/>\n<\/svg>\t\t<\/div>\n\t\t\t\t\t<div class=\"elementor-container elementor-column-gap-default\">\n\t\t\t\t\t<div class=\"elementor-column elementor-col-100 elementor-top-column elementor-element elementor-element-21f68f74\" data-id=\"21f68f74\" data-element_type=\"column\">\n\t\t\t<div class=\"elementor-widget-wrap elementor-element-populated\">\n\t\t\t\t\t\t<div class=\"elementor-element elementor-element-2754604a elementor-widget-divider--view-line elementor-widget elementor-widget-divider\" data-id=\"2754604a\" data-element_type=\"widget\" data-widget_type=\"divider.default\">\n\t\t\t\t<div class=\"elementor-widget-container\">\n\t\t\t\t\t\t\t<div class=\"elementor-divider\">\n\t\t\t<span class=\"elementor-divider-separator\">\n\t\t\t\t\t\t<\/span>\n\t\t<\/div>\n\t\t\t\t\t\t<\/div>\n\t\t\t\t<\/div>\n\t\t\t\t<div class=\"elementor-element elementor-element-4409f8f6 elementor-widget elementor-widget-heading\" data-id=\"4409f8f6\" data-element_type=\"widget\" data-widget_type=\"heading.default\">\n\t\t\t\t<div class=\"elementor-widget-container\">\n\t\t\t\t\t<h2 class=\"elementor-heading-title elementor-size-default\">Recenzii ale clien\u021bilor<\/h2>\t\t\t\t<\/div>\n\t\t\t\t<\/div>\n\t\t\t\t<div class=\"elementor-element elementor-element-4e81332e elementor-widget-divider--view-line elementor-widget elementor-widget-divider\" data-id=\"4e81332e\" data-element_type=\"widget\" data-widget_type=\"divider.default\">\n\t\t\t\t<div class=\"elementor-widget-container\">\n\t\t\t\t\t\t\t<div class=\"elementor-divider\">\n\t\t\t<span class=\"elementor-divider-separator\">\n\t\t\t\t\t\t<\/span>\n\t\t<\/div>\n\t\t\t\t\t\t<\/div>\n\t\t\t\t<\/div>\n\t\t\t\t<div class=\"elementor-element elementor-element-129084ee elementor-widget elementor-widget-html\" data-id=\"129084ee\" data-element_type=\"widget\" data-widget_type=\"html.default\">\n\t\t\t\t<div class=\"elementor-widget-container\">\n\t\t\t\t\t<!-- Begin eTrusted widget tag -->\r\n<etrusted-widget data-etrusted-widget-id=\"wdg-8303d63b-094d-4f10-aa81-b16f41f19520\"><\/etrusted-widget>\r\n<!-- End eTrusted widget tag -->\t\t\t\t<\/div>\n\t\t\t\t<\/div>\n\t\t\t\t\t<\/div>\n\t\t<\/div>\n\t\t\t\t\t<\/div>\n\t\t<\/section>\n\t\t\t\t<\/div>","protected":false},"excerpt":{"rendered":"<p>retururi \u0219i ramburs\u0103ri Prezentare general\u0103 Politica noastr\u0103 de rambursare \u0219i returnare dureaz\u0103 30 de zile. Dac\u0103 au trecut 30 de zile de la achizi\u021bia dvs., nu v\u0103 putem oferi o rambursare integral\u0103 sau un schimb. Articole suplimentare care nu se returneaz\u0103: Carduri cadou Produse software desc\u0103rcabile Pentru a finaliza returnarea, avem nevoie de o chitan\u021b\u0103 sau de o dovad\u0103 de cump\u0103rare. V\u0103 rug\u0103m s\u0103 nu trimite\u021bi achizi\u021bia [...]<\/p>","protected":false},"author":1,"featured_media":0,"parent":0,"menu_order":0,"comment_status":"closed","ping_status":"closed","template":"elementor_header_footer","meta":{"footnotes":""},"class_list":["post-37","page","type-page","status-publish","hentry"],"yoast_head":"<!-- This site is optimized with the Yoast SEO plugin v25.3.1 - https:\/\/yoast.com\/wordpress\/plugins\/seo\/ -->\n<title>RETURNS AND REFUNDS - home-charging.eu<\/title>\n<meta name=\"robots\" content=\"index, follow, max-snippet:-1, max-image-preview:large, max-video-preview:-1\" \/>\n<link rel=\"canonical\" href=\"https:\/\/home-charging.eu\/ro\/restituiri_retururi\/\" \/>\n<meta property=\"og:locale\" content=\"ro_RO\" \/>\n<meta property=\"og:type\" content=\"article\" \/>\n<meta property=\"og:title\" content=\"RETURNS AND REFUNDS - home-charging.eu\" \/>\n<meta property=\"og:description\" content=\"returns and refunds Overview Our refund and returns policy lasts 30 days. If 30 days have passed since your purchase, we can\u2019t offer you a full refund or exchange. Additional non-returnable items: Gift cards Downloadable software products To complete your return, we require a receipt or proof of purchase. Please do not send your purchase [&hellip;]\" \/>\n<meta property=\"og:url\" content=\"https:\/\/home-charging.eu\/ro\/restituiri_retururi\/\" \/>\n<meta property=\"og:site_name\" content=\"home-charging.eu\" \/>\n<meta property=\"article:modified_time\" content=\"2023-10-31T10:39:17+00:00\" \/>\n<meta name=\"twitter:card\" content=\"summary_large_image\" \/>\n<meta name=\"twitter:label1\" content=\"Timp estimat pentru citire\" \/>\n\t<meta name=\"twitter:data1\" content=\"2 minute\" \/>\n<script type=\"application\/ld+json\" class=\"yoast-schema-graph\">{\"@context\":\"https:\/\/schema.org\",\"@graph\":[{\"@type\":\"WebPage\",\"@id\":\"https:\/\/home-charging.eu\/refund_returns\/\",\"url\":\"https:\/\/home-charging.eu\/refund_returns\/\",\"name\":\"RETURNS AND REFUNDS - home-charging.eu\",\"isPartOf\":{\"@id\":\"https:\/\/home-charging.eu\/es\/#website\"},\"datePublished\":\"2022-09-13T13:29:40+00:00\",\"dateModified\":\"2023-10-31T10:39:17+00:00\",\"breadcrumb\":{\"@id\":\"https:\/\/home-charging.eu\/refund_returns\/#breadcrumb\"},\"inLanguage\":\"ro-RO\",\"potentialAction\":[{\"@type\":\"ReadAction\",\"target\":[\"https:\/\/home-charging.eu\/refund_returns\/\"]}]},{\"@type\":\"BreadcrumbList\",\"@id\":\"https:\/\/home-charging.eu\/refund_returns\/#breadcrumb\",\"itemListElement\":[{\"@type\":\"ListItem\",\"position\":1,\"name\":\"Home\",\"item\":\"https:\/\/home-charging.eu\/sl\/\"},{\"@type\":\"ListItem\",\"position\":2,\"name\":\"RETURNS AND REFUNDS\"}]},{\"@type\":\"WebSite\",\"@id\":\"https:\/\/home-charging.eu\/es\/#website\",\"url\":\"https:\/\/home-charging.eu\/es\/\",\"name\":\"home-charging.eu\",\"description\":\"One-stop shop for all of your renewable energy and electric transportation needs, offering a wide range of products to suit every budget and need.\",\"publisher\":{\"@id\":\"https:\/\/home-charging.eu\/es\/#organization\"},\"potentialAction\":[{\"@type\":\"SearchAction\",\"target\":{\"@type\":\"EntryPoint\",\"urlTemplate\":\"https:\/\/home-charging.eu\/es\/?s={search_term_string}\"},\"query-input\":{\"@type\":\"PropertyValueSpecification\",\"valueRequired\":true,\"valueName\":\"search_term_string\"}}],\"inLanguage\":\"ro-RO\"},{\"@type\":\"Organization\",\"@id\":\"https:\/\/home-charging.eu\/es\/#organization\",\"name\":\"home-charging.eu\",\"url\":\"https:\/\/home-charging.eu\/es\/\",\"logo\":{\"@type\":\"ImageObject\",\"inLanguage\":\"ro-RO\",\"@id\":\"https:\/\/home-charging.eu\/es\/#\/schema\/logo\/image\/\",\"url\":\"https:\/\/home-charging.eu\/wp-content\/uploads\/2023\/03\/cropped-Logo-jo-szinu.png\",\"contentUrl\":\"https:\/\/home-charging.eu\/wp-content\/uploads\/2023\/03\/cropped-Logo-jo-szinu.png\",\"width\":929,\"height\":97,\"caption\":\"home-charging.eu\"},\"image\":{\"@id\":\"https:\/\/home-charging.eu\/es\/#\/schema\/logo\/image\/\"}}]}<\/script>\n<!-- \/ Yoast SEO plugin. -->","yoast_head_json":{"title":"RETURN\u0102RI \u0218I RESTITUIRI - home-charging.eu","robots":{"index":"index","follow":"follow","max-snippet":"max-snippet:-1","max-image-preview":"max-image-preview:large","max-video-preview":"max-video-preview:-1"},"canonical":"https:\/\/home-charging.eu\/ro\/restituiri_retururi\/","og_locale":"ro_RO","og_type":"article","og_title":"RETURNS AND REFUNDS - home-charging.eu","og_description":"returns and refunds Overview Our refund and returns policy lasts 30 days. If 30 days have passed since your purchase, we can\u2019t offer you a full refund or exchange. Additional non-returnable items: Gift cards Downloadable software products To complete your return, we require a receipt or proof of purchase. Please do not send your purchase [&hellip;]","og_url":"https:\/\/home-charging.eu\/ro\/restituiri_retururi\/","og_site_name":"home-charging.eu","article_modified_time":"2023-10-31T10:39:17+00:00","twitter_card":"summary_large_image","twitter_misc":{"Timp estimat pentru citire":"2 minute"},"schema":{"@context":"https:\/\/schema.org","@graph":[{"@type":"WebPage","@id":"https:\/\/home-charging.eu\/refund_returns\/","url":"https:\/\/home-charging.eu\/refund_returns\/","name":"RETURN\u0102RI \u0218I RESTITUIRI - home-charging.eu","isPartOf":{"@id":"https:\/\/home-charging.eu\/es\/#website"},"datePublished":"2022-09-13T13:29:40+00:00","dateModified":"2023-10-31T10:39:17+00:00","breadcrumb":{"@id":"https:\/\/home-charging.eu\/refund_returns\/#breadcrumb"},"inLanguage":"ro-RO","potentialAction":[{"@type":"ReadAction","target":["https:\/\/home-charging.eu\/refund_returns\/"]}]},{"@type":"BreadcrumbList","@id":"https:\/\/home-charging.eu\/refund_returns\/#breadcrumb","itemListElement":[{"@type":"ListItem","position":1,"name":"Home","item":"https:\/\/home-charging.eu\/sl\/"},{"@type":"ListItem","position":2,"name":"RETURNS AND REFUNDS"}]},{"@type":"WebSite","@id":"https:\/\/home-charging.eu\/es\/#website","url":"https:\/\/home-charging.eu\/es\/","name":"home-charging.eu","description":"Magazin unic pentru toate nevoile dumneavoastr\u0103 \u00een materie de energie regenerabil\u0103 \u0219i transport electric, oferind o gam\u0103 larg\u0103 de produse care se potrivesc oric\u0103rui buget \u0219i oric\u0103rei nevoi.","publisher":{"@id":"https:\/\/home-charging.eu\/es\/#organization"},"potentialAction":[{"@type":"SearchAction","target":{"@type":"EntryPoint","urlTemplate":"https:\/\/home-charging.eu\/es\/?s={search_term_string}"},"query-input":{"@type":"PropertyValueSpecification","valueRequired":true,"valueName":"search_term_string"}}],"inLanguage":"ro-RO"},{"@type":"Organization","@id":"https:\/\/home-charging.eu\/es\/#organization","name":"home-charging.eu","url":"https:\/\/home-charging.eu\/es\/","logo":{"@type":"ImageObject","inLanguage":"ro-RO","@id":"https:\/\/home-charging.eu\/es\/#\/schema\/logo\/image\/","url":"https:\/\/home-charging.eu\/wp-content\/uploads\/2023\/03\/cropped-Logo-jo-szinu.png","contentUrl":"https:\/\/home-charging.eu\/wp-content\/uploads\/2023\/03\/cropped-Logo-jo-szinu.png","width":929,"height":97,"caption":"home-charging.eu"},"image":{"@id":"https:\/\/home-charging.eu\/es\/#\/schema\/logo\/image\/"}}]}},"_links":{"self":[{"href":"https:\/\/home-charging.eu\/ro\/wp-json\/wp\/v2\/pages\/37","targetHints":{"allow":["GET"]}}],"collection":[{"href":"https:\/\/home-charging.eu\/ro\/wp-json\/wp\/v2\/pages"}],"about":[{"href":"https:\/\/home-charging.eu\/ro\/wp-json\/wp\/v2\/types\/page"}],"author":[{"embeddable":true,"href":"https:\/\/home-charging.eu\/ro\/wp-json\/wp\/v2\/users\/1"}],"replies":[{"embeddable":true,"href":"https:\/\/home-charging.eu\/ro\/wp-json\/wp\/v2\/comments?post=37"}],"version-history":[{"count":55,"href":"https:\/\/home-charging.eu\/ro\/wp-json\/wp\/v2\/pages\/37\/revisions"}],"predecessor-version":[{"id":4378,"href":"https:\/\/home-charging.eu\/ro\/wp-json\/wp\/v2\/pages\/37\/revisions\/4378"}],"wp:attachment":[{"href":"https:\/\/home-charging.eu\/ro\/wp-json\/wp\/v2\/media?parent=37"}],"curies":[{"name":"wp","href":"https:\/\/api.w.org\/{rel}","templated":true}]}}