{"id":37,"date":"2022-09-13T15:29:40","date_gmt":"2022-09-13T13:29:40","guid":{"rendered":"https:\/?page_id=37"},"modified":"2023-10-31T11:39:17","modified_gmt":"2023-10-31T10:39:17","slug":"refund_returns","status":"publish","type":"page","link":"https:\/\/home-charging.eu\/sk\/refund_returns\/","title":{"rendered":"VR\u00c1TENIE A REFUND\u00c1CIA"},"content":{"rendered":"<div data-elementor-type=\"wp-page\" data-elementor-id=\"37\" class=\"elementor elementor-37\" data-elementor-post-type=\"page\">\n\t\t\t\t\t\t<section class=\"elementor-section elementor-top-section elementor-element elementor-element-1afcfb54 elementor-section-boxed elementor-section-height-default elementor-section-height-default\" data-id=\"1afcfb54\" data-element_type=\"section\" data-settings=\"{&quot;shape_divider_top&quot;:&quot;opacity-tilt&quot;}\">\n\t\t\t\t\t<div class=\"elementor-shape elementor-shape-top\" aria-hidden=\"true\" data-negative=\"false\">\n\t\t\t<svg xmlns=\"http:\/\/www.w3.org\/2000\/svg\" viewbox=\"0 0 2600 131.1\" preserveaspectratio=\"none\">\n\t<path class=\"elementor-shape-fill\" d=\"M0 0L2600 0 2600 69.1 0 0z\"\/>\n\t<path class=\"elementor-shape-fill\" style=\"opacity:0.5\" d=\"M0 0L2600 0 2600 69.1 0 69.1z\"\/>\n\t<path class=\"elementor-shape-fill\" style=\"opacity:0.25\" d=\"M2600 0L0 0 0 130.1 2600 69.1z\"\/>\n<\/svg>\t\t<\/div>\n\t\t\t\t\t<div class=\"elementor-container elementor-column-gap-no\">\n\t\t\t\t\t<div class=\"elementor-column elementor-col-100 elementor-top-column elementor-element elementor-element-128ac87\" data-id=\"128ac87\" data-element_type=\"column\">\n\t\t\t<div class=\"elementor-widget-wrap elementor-element-populated\">\n\t\t\t\t\t\t<div class=\"elementor-element elementor-element-400bd96f elementor-widget elementor-widget-heading\" data-id=\"400bd96f\" data-element_type=\"widget\" data-widget_type=\"heading.default\">\n\t\t\t\t<div class=\"elementor-widget-container\">\n\t\t\t\t\t<h2 class=\"elementor-heading-title elementor-size-default\">vr\u00e1tenie a refund\u00e1cia<\/h2>\t\t\t\t<\/div>\n\t\t\t\t<\/div>\n\t\t\t\t<div class=\"elementor-element elementor-element-9513e98 elementor-widget-divider--view-line elementor-widget elementor-widget-divider\" data-id=\"9513e98\" data-element_type=\"widget\" data-widget_type=\"divider.default\">\n\t\t\t\t<div class=\"elementor-widget-container\">\n\t\t\t\t\t\t\t<div class=\"elementor-divider\">\n\t\t\t<span class=\"elementor-divider-separator\">\n\t\t\t\t\t\t<\/span>\n\t\t<\/div>\n\t\t\t\t\t\t<\/div>\n\t\t\t\t<\/div>\n\t\t\t\t<div class=\"elementor-element elementor-element-7d50ceb1 elementor-widget elementor-widget-text-editor\" data-id=\"7d50ceb1\" data-element_type=\"widget\" data-widget_type=\"text-editor.default\">\n\t\t\t\t<div class=\"elementor-widget-container\">\n\t\t\t\t\t\t\t\t\t<h4><strong>Preh\u013ead<\/strong><\/h4>\n<p><span style=\"font-weight: 400;\">Na\u0161a politika vr\u00e1tenia pe\u0148az\u00ed a vr\u00e1tenia tovaru trv\u00e1 30 dn\u00ed. Ak od n\u00e1kupu uplynulo 30 dn\u00ed, nem\u00f4\u017eeme v\u00e1m pon\u00faknu\u0165 vr\u00e1tenie pe\u0148az\u00ed alebo v\u00fdmenu v plnej v\u00fd\u0161ke.<\/span><\/p>\n<p><span style=\"font-weight: 400;\">\u010eal\u0161ie nevratn\u00e9 polo\u017eky:<\/span><\/p>\n<ul>\n<li style=\"font-weight: 400;\" aria-level=\"1\">\n<p><span style=\"font-weight: 400;\">Dar\u010dekov\u00e9 karty<\/span><\/p>\n<\/li>\n<li style=\"font-weight: 400;\" aria-level=\"1\">\n<p><span style=\"font-weight: 400;\">Softv\u00e9rov\u00e9 produkty na stiahnutie<\/span><\/p>\n<\/li>\n<\/ul>\n<p><span style=\"font-weight: 400;\">Na dokon\u010denie vr\u00e1tenia tovaru potrebujeme \u00fa\u010dtenku alebo doklad o k\u00fape.<\/span><\/p>\n<p><span style=\"font-weight: 400;\">Pros\u00edm, neposielajte svoj n\u00e1kup sp\u00e4\u0165 na na\u0161u faktura\u010dn\u00fa adresu, preto\u017ee tovar prich\u00e1dza z plniacich centier. Upozor\u0148ujeme, \u017ee z\u00e1kazn\u00edk mus\u00ed uhradi\u0165 poplatok za sp\u00e4tn\u00fa dopravu.<\/span><\/p>\n<p><span style=\"font-weight: 400;\">V niektor\u00fdch situ\u00e1ci\u00e1ch sa poskytuj\u00fa len \u010diasto\u010dn\u00e9 n\u00e1hrady:<\/span><\/p>\n<ul>\n<li style=\"font-weight: 400;\" aria-level=\"1\">\n<p><span style=\"font-weight: 400;\">Ak\u00fdko\u013evek tovar, ktor\u00fd nie je v p\u00f4vodnom stave, je po\u0161koden\u00fd alebo mu ch\u00fdbaj\u00fa \u010dasti z d\u00f4vodov, ktor\u00e9 neboli sp\u00f4soben\u00e9 na\u0161ou chybou.<\/span><\/p>\n<\/li>\n<li style=\"font-weight: 400;\" aria-level=\"1\">\n<p><span style=\"font-weight: 400;\">Ak\u00fdko\u013evek tovar vr\u00e1ten\u00fd po viac ako 30 d\u0148och od doru\u010denia<\/span><\/p>\n<\/li>\n<\/ul>\n<h4><strong>N\u00e1hrady<\/strong><\/h4>\n<p><span style=\"font-weight: 400;\">Po prijat\u00ed a kontrole vr\u00e1ten\u00e9ho tovaru v\u00e1m za\u0161leme e-mail s ozn\u00e1men\u00edm, \u017ee sme vr\u00e1ten\u00fd tovar prijali. Z\u00e1rove\u0148 v\u00e1s budeme informova\u0165 o schv\u00e1len\u00ed alebo zamietnut\u00ed vr\u00e1tenia pe\u0148az\u00ed.<\/span><\/p>\n<p><span style=\"font-weight: 400;\">Ak v\u00e1m bude refund\u00e1cia schv\u00e1len\u00e1, bude spracovan\u00e1 a kredit bude automaticky prip\u00edsan\u00fd na va\u0161u kreditn\u00fa kartu alebo p\u00f4vodn\u00fd sp\u00f4sob platby zvy\u010dajne do 3 a\u017e 5 pracovn\u00fdch dn\u00ed.<\/span><\/p>\n<p><strong>Oneskoren\u00e9 alebo ch\u00fdbaj\u00face n\u00e1hrady<\/strong><\/p>\n<p><span style=\"font-weight: 400;\">Ak ste e\u0161te nedostali vr\u00e1ten\u00e9 peniaze, najprv si znovu skontrolujte svoj bankov\u00fd \u00fa\u010det.<\/span><\/p>\n<p><span style=\"font-weight: 400;\">Potom sa obr\u00e1\u0165te na spolo\u010dnos\u0165 vyd\u00e1vaj\u00facu kreditn\u00e9 karty, m\u00f4\u017ee trva\u0165 ur\u010dit\u00fd \u010das, k\u00fdm bude refund\u00e1cia ofici\u00e1lne za\u00fa\u010dtovan\u00e1.<\/span><\/p>\n<p><span style=\"font-weight: 400;\">Potom kontaktujte svoju banku. \u010casto trv\u00e1 ur\u010dit\u00fd \u010das, k\u00fdm sa vr\u00e1tenie pe\u0148az\u00ed za\u00fa\u010dtuje.<\/span><\/p>\n<p><span style=\"font-weight: 400;\">Ak ste toto v\u0161etko urobili a e\u0161te st\u00e1le ste nedostali vr\u00e1ten\u00e9 peniaze, kontaktujte n\u00e1s na adrese hello@.<\/span><\/p>\n<h4><strong>V\u00fdmena<\/strong><\/h4>\n<p><span style=\"font-weight: 400;\">Polo\u017eky vymie\u0148ame len v pr\u00edpade, \u017ee s\u00fa chybn\u00e9 alebo po\u0161koden\u00e9. Ak ho potrebujete vymeni\u0165 za rovnak\u00fd tovar, po\u0161lite n\u00e1m e-mail na adresu hello@.<\/span><\/p>\n<h4><strong>Vr\u00e1tenie z\u00e1sielky<\/strong><\/h4>\n<p><span style=\"font-weight: 400;\">Ak chcete vr\u00e1ti\u0165 v\u00fdrobok, dostanete e-mail s pokynmi od na\u0161ej z\u00e1kazn\u00edckej podpory.<\/span><\/p>\n<p><span style=\"font-weight: 400;\">N\u00e1klady na vr\u00e1tenie tovaru si hrad\u00edte sami.\u00a0<\/span><\/p>\n<p><span style=\"font-weight: 400;\">V z\u00e1vislosti od miesta, kde \u017eijete, sa m\u00f4\u017ee l\u00ed\u0161i\u0165 \u010das, za ktor\u00fd sa k v\u00e1m vymie\u0148an\u00fd v\u00fdrobok dostane.<\/span><\/p>\n<p><span style=\"font-weight: 400;\">Ak vraciate drah\u0161ie polo\u017eky, m\u00f4\u017eete zv\u00e1\u017ei\u0165 pou\u017eitie sledovate\u013enej prepravnej slu\u017eby alebo zak\u00fapenie poistenia prepravy.\u00a0<\/span><\/p>\n<h4><strong>Potrebujete pomoc?<\/strong><\/h4>\n<p><span style=\"font-weight: 400;\">V pr\u00edpade ot\u00e1zok t\u00fdkaj\u00facich sa vr\u00e1tenia pe\u0148az\u00ed a vr\u00e1tenia tovaru n\u00e1s kontaktujte na adrese hello@.<\/span><\/p>\t\t\t\t\t\t\t\t<\/div>\n\t\t\t\t<\/div>\n\t\t\t\t\t<\/div>\n\t\t<\/div>\n\t\t\t\t\t<\/div>\n\t\t<\/section>\n\t\t\t\t<section class=\"elementor-section elementor-top-section elementor-element elementor-element-1baa5beb elementor-section-boxed elementor-section-height-default elementor-section-height-default\" data-id=\"1baa5beb\" data-element_type=\"section\" data-settings=\"{&quot;shape_divider_bottom&quot;:&quot;opacity-tilt&quot;}\">\n\t\t\t\t\t<div class=\"elementor-shape elementor-shape-bottom\" aria-hidden=\"true\" data-negative=\"false\">\n\t\t\t<svg xmlns=\"http:\/\/www.w3.org\/2000\/svg\" viewbox=\"0 0 2600 131.1\" preserveaspectratio=\"none\">\n\t<path class=\"elementor-shape-fill\" d=\"M0 0L2600 0 2600 69.1 0 0z\"\/>\n\t<path class=\"elementor-shape-fill\" style=\"opacity:0.5\" d=\"M0 0L2600 0 2600 69.1 0 69.1z\"\/>\n\t<path class=\"elementor-shape-fill\" style=\"opacity:0.25\" d=\"M2600 0L0 0 0 130.1 2600 69.1z\"\/>\n<\/svg>\t\t<\/div>\n\t\t\t\t\t<div class=\"elementor-container elementor-column-gap-default\">\n\t\t\t\t\t<div class=\"elementor-column elementor-col-100 elementor-top-column elementor-element elementor-element-21f68f74\" data-id=\"21f68f74\" data-element_type=\"column\">\n\t\t\t<div class=\"elementor-widget-wrap elementor-element-populated\">\n\t\t\t\t\t\t<div class=\"elementor-element elementor-element-2754604a elementor-widget-divider--view-line elementor-widget elementor-widget-divider\" data-id=\"2754604a\" data-element_type=\"widget\" data-widget_type=\"divider.default\">\n\t\t\t\t<div class=\"elementor-widget-container\">\n\t\t\t\t\t\t\t<div class=\"elementor-divider\">\n\t\t\t<span class=\"elementor-divider-separator\">\n\t\t\t\t\t\t<\/span>\n\t\t<\/div>\n\t\t\t\t\t\t<\/div>\n\t\t\t\t<\/div>\n\t\t\t\t<div class=\"elementor-element elementor-element-4409f8f6 elementor-widget elementor-widget-heading\" data-id=\"4409f8f6\" data-element_type=\"widget\" data-widget_type=\"heading.default\">\n\t\t\t\t<div class=\"elementor-widget-container\">\n\t\t\t\t\t<h2 class=\"elementor-heading-title elementor-size-default\">Recenzie z\u00e1kazn\u00edkov<\/h2>\t\t\t\t<\/div>\n\t\t\t\t<\/div>\n\t\t\t\t<div class=\"elementor-element elementor-element-4e81332e elementor-widget-divider--view-line elementor-widget elementor-widget-divider\" data-id=\"4e81332e\" data-element_type=\"widget\" data-widget_type=\"divider.default\">\n\t\t\t\t<div class=\"elementor-widget-container\">\n\t\t\t\t\t\t\t<div class=\"elementor-divider\">\n\t\t\t<span class=\"elementor-divider-separator\">\n\t\t\t\t\t\t<\/span>\n\t\t<\/div>\n\t\t\t\t\t\t<\/div>\n\t\t\t\t<\/div>\n\t\t\t\t<div class=\"elementor-element elementor-element-129084ee elementor-widget elementor-widget-html\" data-id=\"129084ee\" data-element_type=\"widget\" data-widget_type=\"html.default\">\n\t\t\t\t<div class=\"elementor-widget-container\">\n\t\t\t\t\t<!-- Begin eTrusted widget tag -->\r\n<etrusted-widget data-etrusted-widget-id=\"wdg-8303d63b-094d-4f10-aa81-b16f41f19520\"><\/etrusted-widget>\r\n<!-- End eTrusted widget tag -->\t\t\t\t<\/div>\n\t\t\t\t<\/div>\n\t\t\t\t\t<\/div>\n\t\t<\/div>\n\t\t\t\t\t<\/div>\n\t\t<\/section>\n\t\t\t\t<\/div>","protected":false},"excerpt":{"rendered":"<p>vr\u00e1tenie a refund\u00e1cia tovaru Preh\u013ead Na\u0161a politika vr\u00e1tenia a refund\u00e1cie trv\u00e1 30 dn\u00ed. Ak od v\u00e1\u0161ho n\u00e1kupu uplynulo 30 dn\u00ed, nem\u00f4\u017eeme v\u00e1m pon\u00faknu\u0165 vr\u00e1tenie pe\u0148az\u00ed alebo v\u00fdmenu v plnej v\u00fd\u0161ke. \u010eal\u0161ie polo\u017eky, ktor\u00e9 nie je mo\u017en\u00e9 vr\u00e1ti\u0165: Na dokon\u010denie vr\u00e1tenia po\u017eadujeme \u00fa\u010dtenku alebo doklad o k\u00fape. Pros\u00edm, neposielajte svoj n\u00e1kup [...]<\/p>","protected":false},"author":1,"featured_media":0,"parent":0,"menu_order":0,"comment_status":"closed","ping_status":"closed","template":"elementor_header_footer","meta":{"footnotes":""},"class_list":["post-37","page","type-page","status-publish","hentry"],"yoast_head":"<!-- This site is optimized with the Yoast SEO plugin v25.3.1 - https:\/\/yoast.com\/wordpress\/plugins\/seo\/ -->\n<title>RETURNS AND REFUNDS - home-charging.eu<\/title>\n<meta name=\"robots\" content=\"index, follow, max-snippet:-1, max-image-preview:large, max-video-preview:-1\" \/>\n<link rel=\"canonical\" href=\"https:\/\/home-charging.eu\/sk\/refund_returns\/\" \/>\n<meta property=\"og:locale\" content=\"sk_SK\" \/>\n<meta property=\"og:type\" content=\"article\" \/>\n<meta property=\"og:title\" content=\"RETURNS AND REFUNDS - home-charging.eu\" \/>\n<meta property=\"og:description\" content=\"returns and refunds Overview Our refund and returns policy lasts 30 days. If 30 days have passed since your purchase, we can\u2019t offer you a full refund or exchange. Additional non-returnable items: Gift cards Downloadable software products To complete your return, we require a receipt or proof of purchase. Please do not send your purchase [&hellip;]\" \/>\n<meta property=\"og:url\" content=\"https:\/\/home-charging.eu\/sk\/refund_returns\/\" \/>\n<meta property=\"og:site_name\" content=\"home-charging.eu\" \/>\n<meta property=\"article:modified_time\" content=\"2023-10-31T10:39:17+00:00\" \/>\n<meta name=\"twitter:card\" content=\"summary_large_image\" \/>\n<meta name=\"twitter:label1\" content=\"Predpokladan\u00fd \u010das \u010d\u00edtania\" \/>\n\t<meta name=\"twitter:data1\" content=\"2 min\u00faty\" \/>\n<script type=\"application\/ld+json\" class=\"yoast-schema-graph\">{\"@context\":\"https:\/\/schema.org\",\"@graph\":[{\"@type\":\"WebPage\",\"@id\":\"https:\/\/home-charging.eu\/refund_returns\/\",\"url\":\"https:\/\/home-charging.eu\/refund_returns\/\",\"name\":\"RETURNS AND REFUNDS - home-charging.eu\",\"isPartOf\":{\"@id\":\"https:\/\/home-charging.eu\/es\/#website\"},\"datePublished\":\"2022-09-13T13:29:40+00:00\",\"dateModified\":\"2023-10-31T10:39:17+00:00\",\"breadcrumb\":{\"@id\":\"https:\/\/home-charging.eu\/refund_returns\/#breadcrumb\"},\"inLanguage\":\"sk-SK\",\"potentialAction\":[{\"@type\":\"ReadAction\",\"target\":[\"https:\/\/home-charging.eu\/refund_returns\/\"]}]},{\"@type\":\"BreadcrumbList\",\"@id\":\"https:\/\/home-charging.eu\/refund_returns\/#breadcrumb\",\"itemListElement\":[{\"@type\":\"ListItem\",\"position\":1,\"name\":\"Home\",\"item\":\"https:\/\/home-charging.eu\/sl\/\"},{\"@type\":\"ListItem\",\"position\":2,\"name\":\"RETURNS AND REFUNDS\"}]},{\"@type\":\"WebSite\",\"@id\":\"https:\/\/home-charging.eu\/es\/#website\",\"url\":\"https:\/\/home-charging.eu\/es\/\",\"name\":\"home-charging.eu\",\"description\":\"One-stop shop for all of your renewable energy and electric transportation needs, offering a wide range of products to suit every budget and need.\",\"publisher\":{\"@id\":\"https:\/\/home-charging.eu\/es\/#organization\"},\"potentialAction\":[{\"@type\":\"SearchAction\",\"target\":{\"@type\":\"EntryPoint\",\"urlTemplate\":\"https:\/\/home-charging.eu\/es\/?s={search_term_string}\"},\"query-input\":{\"@type\":\"PropertyValueSpecification\",\"valueRequired\":true,\"valueName\":\"search_term_string\"}}],\"inLanguage\":\"sk-SK\"},{\"@type\":\"Organization\",\"@id\":\"https:\/\/home-charging.eu\/es\/#organization\",\"name\":\"home-charging.eu\",\"url\":\"https:\/\/home-charging.eu\/es\/\",\"logo\":{\"@type\":\"ImageObject\",\"inLanguage\":\"sk-SK\",\"@id\":\"https:\/\/home-charging.eu\/es\/#\/schema\/logo\/image\/\",\"url\":\"https:\/\/home-charging.eu\/wp-content\/uploads\/2023\/03\/cropped-Logo-jo-szinu.png\",\"contentUrl\":\"https:\/\/home-charging.eu\/wp-content\/uploads\/2023\/03\/cropped-Logo-jo-szinu.png\",\"width\":929,\"height\":97,\"caption\":\"home-charging.eu\"},\"image\":{\"@id\":\"https:\/\/home-charging.eu\/es\/#\/schema\/logo\/image\/\"}}]}<\/script>\n<!-- \/ Yoast SEO plugin. -->","yoast_head_json":{"title":"Vr\u00e1tenie pe\u0148az\u00ed a vr\u00e1tenie pe\u0148az\u00ed - home-charging.eu","robots":{"index":"index","follow":"follow","max-snippet":"max-snippet:-1","max-image-preview":"max-image-preview:large","max-video-preview":"max-video-preview:-1"},"canonical":"https:\/\/home-charging.eu\/sk\/refund_returns\/","og_locale":"sk_SK","og_type":"article","og_title":"RETURNS AND REFUNDS - home-charging.eu","og_description":"returns and refunds Overview Our refund and returns policy lasts 30 days. If 30 days have passed since your purchase, we can\u2019t offer you a full refund or exchange. Additional non-returnable items: Gift cards Downloadable software products To complete your return, we require a receipt or proof of purchase. Please do not send your purchase [&hellip;]","og_url":"https:\/\/home-charging.eu\/sk\/refund_returns\/","og_site_name":"home-charging.eu","article_modified_time":"2023-10-31T10:39:17+00:00","twitter_card":"summary_large_image","twitter_misc":{"Predpokladan\u00fd \u010das \u010d\u00edtania":"2 min\u00faty"},"schema":{"@context":"https:\/\/schema.org","@graph":[{"@type":"WebPage","@id":"https:\/\/home-charging.eu\/refund_returns\/","url":"https:\/\/home-charging.eu\/refund_returns\/","name":"Vr\u00e1tenie pe\u0148az\u00ed a vr\u00e1tenie pe\u0148az\u00ed - home-charging.eu","isPartOf":{"@id":"https:\/\/home-charging.eu\/es\/#website"},"datePublished":"2022-09-13T13:29:40+00:00","dateModified":"2023-10-31T10:39:17+00:00","breadcrumb":{"@id":"https:\/\/home-charging.eu\/refund_returns\/#breadcrumb"},"inLanguage":"sk-SK","potentialAction":[{"@type":"ReadAction","target":["https:\/\/home-charging.eu\/refund_returns\/"]}]},{"@type":"BreadcrumbList","@id":"https:\/\/home-charging.eu\/refund_returns\/#breadcrumb","itemListElement":[{"@type":"ListItem","position":1,"name":"Home","item":"https:\/\/home-charging.eu\/sl\/"},{"@type":"ListItem","position":2,"name":"RETURNS AND REFUNDS"}]},{"@type":"WebSite","@id":"https:\/\/home-charging.eu\/es\/#website","url":"https:\/\/home-charging.eu\/es\/","name":"home-charging.eu","description":"Jedin\u00fd obchod pre v\u0161etky va\u0161e potreby v oblasti obnovite\u013en\u00fdch zdrojov energie a elektrickej dopravy, ktor\u00fd pon\u00faka \u0161irok\u00fd sortiment produktov pre ka\u017ed\u00fd rozpo\u010det a potreby.","publisher":{"@id":"https:\/\/home-charging.eu\/es\/#organization"},"potentialAction":[{"@type":"SearchAction","target":{"@type":"EntryPoint","urlTemplate":"https:\/\/home-charging.eu\/es\/?s={search_term_string}"},"query-input":{"@type":"PropertyValueSpecification","valueRequired":true,"valueName":"search_term_string"}}],"inLanguage":"sk-SK"},{"@type":"Organization","@id":"https:\/\/home-charging.eu\/es\/#organization","name":"home-charging.eu","url":"https:\/\/home-charging.eu\/es\/","logo":{"@type":"ImageObject","inLanguage":"sk-SK","@id":"https:\/\/home-charging.eu\/es\/#\/schema\/logo\/image\/","url":"https:\/\/home-charging.eu\/wp-content\/uploads\/2023\/03\/cropped-Logo-jo-szinu.png","contentUrl":"https:\/\/home-charging.eu\/wp-content\/uploads\/2023\/03\/cropped-Logo-jo-szinu.png","width":929,"height":97,"caption":"home-charging.eu"},"image":{"@id":"https:\/\/home-charging.eu\/es\/#\/schema\/logo\/image\/"}}]}},"_links":{"self":[{"href":"https:\/\/home-charging.eu\/sk\/wp-json\/wp\/v2\/pages\/37","targetHints":{"allow":["GET"]}}],"collection":[{"href":"https:\/\/home-charging.eu\/sk\/wp-json\/wp\/v2\/pages"}],"about":[{"href":"https:\/\/home-charging.eu\/sk\/wp-json\/wp\/v2\/types\/page"}],"author":[{"embeddable":true,"href":"https:\/\/home-charging.eu\/sk\/wp-json\/wp\/v2\/users\/1"}],"replies":[{"embeddable":true,"href":"https:\/\/home-charging.eu\/sk\/wp-json\/wp\/v2\/comments?post=37"}],"version-history":[{"count":55,"href":"https:\/\/home-charging.eu\/sk\/wp-json\/wp\/v2\/pages\/37\/revisions"}],"predecessor-version":[{"id":4378,"href":"https:\/\/home-charging.eu\/sk\/wp-json\/wp\/v2\/pages\/37\/revisions\/4378"}],"wp:attachment":[{"href":"https:\/\/home-charging.eu\/sk\/wp-json\/wp\/v2\/media?parent=37"}],"curies":[{"name":"wp","href":"https:\/\/api.w.org\/{rel}","templated":true}]}}