{"id":3510,"date":"2023-05-08T12:01:44","date_gmt":"2023-05-08T10:01:44","guid":{"rendered":"https:\/?page_id=3510"},"modified":"2023-10-31T11:38:14","modified_gmt":"2023-10-31T10:38:14","slug":"pravica-do-umika","status":"publish","type":"page","link":"https:\/\/home-charging.eu\/sl\/pravica-do-umika\/","title":{"rendered":"Pravica do umika"},"content":{"rendered":"<div data-elementor-type=\"wp-page\" data-elementor-id=\"3510\" class=\"elementor elementor-3510\" data-elementor-post-type=\"page\">\n\t\t\t\t\t\t<section class=\"elementor-section elementor-top-section elementor-element elementor-element-6ea0a0a elementor-section-boxed elementor-section-height-default elementor-section-height-default\" data-id=\"6ea0a0a\" data-element_type=\"section\" data-settings=\"{&quot;shape_divider_top&quot;:&quot;opacity-tilt&quot;}\">\n\t\t\t\t\t<div class=\"elementor-shape elementor-shape-top\" aria-hidden=\"true\" data-negative=\"false\">\n\t\t\t<svg xmlns=\"http:\/\/www.w3.org\/2000\/svg\" viewbox=\"0 0 2600 131.1\" preserveaspectratio=\"none\">\n\t<path class=\"elementor-shape-fill\" d=\"M0 0L2600 0 2600 69.1 0 0z\"\/>\n\t<path class=\"elementor-shape-fill\" style=\"opacity:0.5\" d=\"M0 0L2600 0 2600 69.1 0 69.1z\"\/>\n\t<path class=\"elementor-shape-fill\" style=\"opacity:0.25\" d=\"M2600 0L0 0 0 130.1 2600 69.1z\"\/>\n<\/svg>\t\t<\/div>\n\t\t\t\t\t<div class=\"elementor-container elementor-column-gap-default\">\n\t\t\t\t\t<div class=\"elementor-column elementor-col-100 elementor-top-column elementor-element elementor-element-f37c51f\" data-id=\"f37c51f\" data-element_type=\"column\">\n\t\t\t<div class=\"elementor-widget-wrap elementor-element-populated\">\n\t\t\t\t\t\t<div class=\"elementor-element elementor-element-7a50286 elementor-widget elementor-widget-heading\" data-id=\"7a50286\" data-element_type=\"widget\" data-widget_type=\"heading.default\">\n\t\t\t\t<div class=\"elementor-widget-container\">\n\t\t\t\t\t<h2 class=\"elementor-heading-title elementor-size-default\">Pravica do umika<\/h2>\t\t\t\t<\/div>\n\t\t\t\t<\/div>\n\t\t\t\t<div class=\"elementor-element elementor-element-986f0ce elementor-widget-divider--view-line elementor-widget elementor-widget-divider\" data-id=\"986f0ce\" data-element_type=\"widget\" data-widget_type=\"divider.default\">\n\t\t\t\t<div class=\"elementor-widget-container\">\n\t\t\t\t\t\t\t<div class=\"elementor-divider\">\n\t\t\t<span class=\"elementor-divider-separator\">\n\t\t\t\t\t\t<\/span>\n\t\t<\/div>\n\t\t\t\t\t\t<\/div>\n\t\t\t\t<\/div>\n\t\t\t\t<div class=\"elementor-element elementor-element-c8e5102 elementor-widget elementor-widget-text-editor\" data-id=\"c8e5102\" data-element_type=\"widget\" data-widget_type=\"text-editor.default\">\n\t\t\t\t<div class=\"elementor-widget-container\">\n\t\t\t\t\t\t\t\t\t<h4><strong>Navodila za preklic blaga<\/strong><\/h4><p><span style=\"font-weight: 400;\">Potro\u0161niki imajo pravico do odpovedi v 30 dneh.<\/span><\/p><h4><strong>Pravica do preklica<\/strong><\/h4><p><span style=\"font-weight: 400;\">To pogodbo imate pravico odpovedati v 30 dneh brez navedbe razloga. Rok za odstop od pogodbe pote\u010de po 30 dneh od dneva, ko vi pridobite ali tretja oseba, ki ni prevoznik in ki jo navedete, pridobi fizi\u010dno posest nad blagom.<\/span><\/p><p><span style=\"font-weight: 400;\">\u010ce \u017eelite uveljavljati pravico do preklica, nas morate obvestiti (AH PROJECTS Kft., Forraskut street 54, 9012 Gyor, Mad\u017earska, hello@, tel: +361411) o svoji odlo\u010ditvi za odpoved te pogodbe z jasno izjavo (npr. z dopisom, poslanim po po\u0161ti ali elektronski po\u0161ti). Uporabite lahko prilo\u017eeni vzor\u010dni obrazec za odpoved pogodbe, vendar to ni obvezno.<\/span><\/p><p><span style=\"font-weight: 400;\">Za upo\u0161tevanje roka za preklic zadostuje, da sporo\u010dilo o uveljavljanju pravice do preklica po\u0161ljete pred iztekom roka za preklic.<\/span><\/p><h4><strong>U\u010dinki preklica<\/strong><\/h4><p><span style=\"font-weight: 400;\">\u010ce odstopite od te pogodbe, vam bomo brez nepotrebnega odla\u0161anja in v vsakem primeru najpozneje v 14 dneh od dneva, ko smo bili obve\u0161\u010deni o va\u0161i odlo\u010ditvi za odstop od te pogodbe, povrnili vsa prejeta pla\u010dila, vklju\u010dno s stro\u0161ki dostave (razen dodatnih stro\u0161kov, ki nastanejo, \u010de ste izbrali drugo vrsto dostave, kot je najcenej\u0161a vrsta standardne dostave, ki smo jo ponudili). Povra\u010dilo bomo izvedli z enakim pla\u010dilnim sredstvom, kot ste ga uporabili pri prvotni transakciji, razen \u010de ste se izrecno dogovorili druga\u010de; v vsakem primeru zaradi tak\u0161nega povra\u010dila ne boste imeli nobenih stro\u0161kov. Povra\u010dilo lahko zadr\u017eimo, dokler ne prejmemo blaga nazaj ali dokler ne predlo\u017eite dokazila o tem, da ste blago poslali nazaj, kar koli se zgodi prej.<\/span><\/p><p><span style=\"font-weight: 400;\">Brez nepotrebnega odla\u0161anja in v vsakem primeru najkasneje v 14 dneh od dneva, ko nam sporo\u010dite, da odstopate od te pogodbe, nam morate blago poslati nazaj ali nam ga izro\u010diti. Rok je upo\u0161tevan, \u010de blago po\u0161ljete nazaj pred iztekom 14-dnevnega roka. Neposredne stro\u0161ke vra\u010dila blaga boste morali kriti sami. Odgovorni ste le za zmanj\u0161ano vrednost blaga, ki je posledica ravnanja z blagom, razen tistega, ki je potrebno za ugotovitev narave, zna\u010dilnosti in delovanja blaga.<\/span><\/p><table><tbody><tr><td><h4><strong>Obrazec za preklic modela<\/strong><\/h4><p><i><span style=\"font-weight: 400;\">(\u010ce \u017eelite odpovedati pogodbo, izpolnite spodnji obrazec in nam ga po\u0161ljite nazaj.)<\/span><\/i><\/p><p>- Dru\u017ebi AH PROJECTS Kft, Forraskut street 54, 9012 Gyor, Mad\u017earska, hello@<\/p><p><span style=\"font-weight: 400;\">- S tem sporo\u010dam, da odstopam od svoje\/na\u0161e (*) prodajne pogodbe za naslednje blago (*)\/za opravljanje naslednje storitve (*)<\/span><\/p><p><span style=\"font-weight: 400;\">- Naro\u010deno (*) \/ prejeto (*)<\/span><\/p><p><span style=\"font-weight: 400;\">- Ime potro\u0161nika(-ov)<\/span><\/p><p><span style=\"font-weight: 400;\">- Naslov potro\u0161nika(-ov)<\/span><\/p><p><span style=\"font-weight: 400;\">- Podpis potro\u0161nika(-ov) (samo, \u010de se ta prijava po\u0161lje na papirju)<\/span><\/p><p><span style=\"font-weight: 400;\">- Datum<\/span><span style=\"font-weight: 400;\"><br \/><\/span><span style=\"font-weight: 400;\"><br \/><\/span><span style=\"font-weight: 400;\">(*) Neustrezno \u010drtajte<\/span><\/p><\/td><\/tr><\/tbody><\/table>\t\t\t\t\t\t\t\t<\/div>\n\t\t\t\t<\/div>\n\t\t\t\t\t<\/div>\n\t\t<\/div>\n\t\t\t\t\t<\/div>\n\t\t<\/section>\n\t\t\t\t<section class=\"elementor-section elementor-top-section elementor-element elementor-element-204d2bc5 elementor-section-boxed elementor-section-height-default elementor-section-height-default\" data-id=\"204d2bc5\" data-element_type=\"section\" data-settings=\"{&quot;shape_divider_bottom&quot;:&quot;opacity-tilt&quot;}\">\n\t\t\t\t\t<div class=\"elementor-shape elementor-shape-bottom\" aria-hidden=\"true\" data-negative=\"false\">\n\t\t\t<svg xmlns=\"http:\/\/www.w3.org\/2000\/svg\" viewbox=\"0 0 2600 131.1\" preserveaspectratio=\"none\">\n\t<path class=\"elementor-shape-fill\" d=\"M0 0L2600 0 2600 69.1 0 0z\"\/>\n\t<path class=\"elementor-shape-fill\" style=\"opacity:0.5\" d=\"M0 0L2600 0 2600 69.1 0 69.1z\"\/>\n\t<path class=\"elementor-shape-fill\" style=\"opacity:0.25\" d=\"M2600 0L0 0 0 130.1 2600 69.1z\"\/>\n<\/svg>\t\t<\/div>\n\t\t\t\t\t<div class=\"elementor-container elementor-column-gap-default\">\n\t\t\t\t\t<div class=\"elementor-column elementor-col-100 elementor-top-column elementor-element elementor-element-4e20e587\" data-id=\"4e20e587\" data-element_type=\"column\">\n\t\t\t<div class=\"elementor-widget-wrap elementor-element-populated\">\n\t\t\t\t\t\t<div class=\"elementor-element elementor-element-2b679067 elementor-widget-divider--view-line elementor-widget elementor-widget-divider\" data-id=\"2b679067\" data-element_type=\"widget\" data-widget_type=\"divider.default\">\n\t\t\t\t<div class=\"elementor-widget-container\">\n\t\t\t\t\t\t\t<div class=\"elementor-divider\">\n\t\t\t<span class=\"elementor-divider-separator\">\n\t\t\t\t\t\t<\/span>\n\t\t<\/div>\n\t\t\t\t\t\t<\/div>\n\t\t\t\t<\/div>\n\t\t\t\t<div class=\"elementor-element elementor-element-6af261e3 elementor-widget elementor-widget-heading\" data-id=\"6af261e3\" data-element_type=\"widget\" data-widget_type=\"heading.default\">\n\t\t\t\t<div class=\"elementor-widget-container\">\n\t\t\t\t\t<h2 class=\"elementor-heading-title elementor-size-default\">Mnenja strank<\/h2>\t\t\t\t<\/div>\n\t\t\t\t<\/div>\n\t\t\t\t<div class=\"elementor-element elementor-element-1dea518 elementor-widget-divider--view-line elementor-widget elementor-widget-divider\" data-id=\"1dea518\" data-element_type=\"widget\" data-widget_type=\"divider.default\">\n\t\t\t\t<div class=\"elementor-widget-container\">\n\t\t\t\t\t\t\t<div class=\"elementor-divider\">\n\t\t\t<span class=\"elementor-divider-separator\">\n\t\t\t\t\t\t<\/span>\n\t\t<\/div>\n\t\t\t\t\t\t<\/div>\n\t\t\t\t<\/div>\n\t\t\t\t<div class=\"elementor-element elementor-element-287686e8 elementor-widget elementor-widget-html\" data-id=\"287686e8\" data-element_type=\"widget\" data-widget_type=\"html.default\">\n\t\t\t\t<div class=\"elementor-widget-container\">\n\t\t\t\t\t<!-- Begin eTrusted widget tag -->\r\n<etrusted-widget data-etrusted-widget-id=\"wdg-8303d63b-094d-4f10-aa81-b16f41f19520\"><\/etrusted-widget>\r\n<!-- End eTrusted widget tag -->\t\t\t\t<\/div>\n\t\t\t\t<\/div>\n\t\t\t\t\t<\/div>\n\t\t<\/div>\n\t\t\t\t\t<\/div>\n\t\t<\/section>\n\t\t\t\t<\/div>","protected":false},"excerpt":{"rendered":"<p>Pravica do odstopa od pogodbe Navodila o preklicu blaga Potro\u0161niki imajo pravico do preklica v 30 dneh. Pravica do odstopa Od pogodbe imate pravico odstopiti v 30 dneh brez navedbe razloga. Rok za odstop od pogodbe pote\u010de po 30 dneh od dneva, ko ste vi ali tretja oseba, ki ni [...]<\/p>","protected":false},"author":1,"featured_media":0,"parent":0,"menu_order":0,"comment_status":"closed","ping_status":"closed","template":"elementor_header_footer","meta":{"footnotes":""},"class_list":["post-3510","page","type-page","status-publish","hentry"],"yoast_head":"<!-- This site is optimized with the Yoast SEO plugin v25.3.1 - https:\/\/yoast.com\/wordpress\/plugins\/seo\/ -->\n<title>Right of Withdrawal - home-charging.eu<\/title>\n<meta name=\"robots\" content=\"index, follow, max-snippet:-1, max-image-preview:large, max-video-preview:-1\" \/>\n<link rel=\"canonical\" href=\"https:\/\/home-charging.eu\/sl\/pravica-do-umika\/\" \/>\n<meta property=\"og:locale\" content=\"sl_SI\" \/>\n<meta property=\"og:type\" content=\"article\" \/>\n<meta property=\"og:title\" content=\"Right of Withdrawal - home-charging.eu\" \/>\n<meta property=\"og:description\" content=\"Right of Withdrawal Instructions on cancellation goods Consumers have a 30 days right to cancel. Right to cancel You have the right to cancel this contract within 30 days without giving any reason. The cancellation period will expire after 30 days from the day on which you acquire, or a third party other than the [&hellip;]\" \/>\n<meta property=\"og:url\" content=\"https:\/\/home-charging.eu\/sl\/pravica-do-umika\/\" \/>\n<meta property=\"og:site_name\" content=\"home-charging.eu\" \/>\n<meta property=\"article:modified_time\" content=\"2023-10-31T10:38:14+00:00\" \/>\n<meta name=\"twitter:card\" content=\"summary_large_image\" \/>\n<meta name=\"twitter:label1\" content=\"Est. reading time\" \/>\n\t<meta name=\"twitter:data1\" content=\"3 minute\" \/>\n<script type=\"application\/ld+json\" class=\"yoast-schema-graph\">{\"@context\":\"https:\/\/schema.org\",\"@graph\":[{\"@type\":\"WebPage\",\"@id\":\"https:\/\/home-charging.eu\/sk\/pravo-na-odstupenie-od-zmluvy\/\",\"url\":\"https:\/\/home-charging.eu\/sk\/pravo-na-odstupenie-od-zmluvy\/\",\"name\":\"Right of Withdrawal - home-charging.eu\",\"isPartOf\":{\"@id\":\"https:\/\/home-charging.eu\/es\/#website\"},\"datePublished\":\"2023-05-08T10:01:44+00:00\",\"dateModified\":\"2023-10-31T10:38:14+00:00\",\"breadcrumb\":{\"@id\":\"https:\/\/home-charging.eu\/sk\/pravo-na-odstupenie-od-zmluvy\/#breadcrumb\"},\"inLanguage\":\"sl-SI\",\"potentialAction\":[{\"@type\":\"ReadAction\",\"target\":[\"https:\/\/home-charging.eu\/sk\/pravo-na-odstupenie-od-zmluvy\/\"]}]},{\"@type\":\"BreadcrumbList\",\"@id\":\"https:\/\/home-charging.eu\/sk\/pravo-na-odstupenie-od-zmluvy\/#breadcrumb\",\"itemListElement\":[{\"@type\":\"ListItem\",\"position\":1,\"name\":\"Home\",\"item\":\"https:\/\/home-charging.eu\/sl\/\"},{\"@type\":\"ListItem\",\"position\":2,\"name\":\"Right of Withdrawal\"}]},{\"@type\":\"WebSite\",\"@id\":\"https:\/\/home-charging.eu\/es\/#website\",\"url\":\"https:\/\/home-charging.eu\/es\/\",\"name\":\"home-charging.eu\",\"description\":\"One-stop shop for all of your renewable energy and electric transportation needs, offering a wide range of products to suit every budget and need.\",\"publisher\":{\"@id\":\"https:\/\/home-charging.eu\/es\/#organization\"},\"potentialAction\":[{\"@type\":\"SearchAction\",\"target\":{\"@type\":\"EntryPoint\",\"urlTemplate\":\"https:\/\/home-charging.eu\/es\/?s={search_term_string}\"},\"query-input\":{\"@type\":\"PropertyValueSpecification\",\"valueRequired\":true,\"valueName\":\"search_term_string\"}}],\"inLanguage\":\"sl-SI\"},{\"@type\":\"Organization\",\"@id\":\"https:\/\/home-charging.eu\/es\/#organization\",\"name\":\"home-charging.eu\",\"url\":\"https:\/\/home-charging.eu\/es\/\",\"logo\":{\"@type\":\"ImageObject\",\"inLanguage\":\"sl-SI\",\"@id\":\"https:\/\/home-charging.eu\/es\/#\/schema\/logo\/image\/\",\"url\":\"https:\/\/home-charging.eu\/wp-content\/uploads\/2023\/03\/cropped-Logo-jo-szinu.png\",\"contentUrl\":\"https:\/\/home-charging.eu\/wp-content\/uploads\/2023\/03\/cropped-Logo-jo-szinu.png\",\"width\":929,\"height\":97,\"caption\":\"home-charging.eu\"},\"image\":{\"@id\":\"https:\/\/home-charging.eu\/es\/#\/schema\/logo\/image\/\"}}]}<\/script>\n<!-- \/ Yoast SEO plugin. -->","yoast_head_json":{"title":"Pravica do umika - home-charging.eu","robots":{"index":"index","follow":"follow","max-snippet":"max-snippet:-1","max-image-preview":"max-image-preview:large","max-video-preview":"max-video-preview:-1"},"canonical":"https:\/\/home-charging.eu\/sl\/pravica-do-umika\/","og_locale":"sl_SI","og_type":"article","og_title":"Right of Withdrawal - home-charging.eu","og_description":"Right of Withdrawal Instructions on cancellation goods Consumers have a 30 days right to cancel. Right to cancel You have the right to cancel this contract within 30 days without giving any reason. The cancellation period will expire after 30 days from the day on which you acquire, or a third party other than the [&hellip;]","og_url":"https:\/\/home-charging.eu\/sl\/pravica-do-umika\/","og_site_name":"home-charging.eu","article_modified_time":"2023-10-31T10:38:14+00:00","twitter_card":"summary_large_image","twitter_misc":{"Est. reading time":"3 minute"},"schema":{"@context":"https:\/\/schema.org","@graph":[{"@type":"WebPage","@id":"https:\/\/home-charging.eu\/sk\/pravo-na-odstupenie-od-zmluvy\/","url":"https:\/\/home-charging.eu\/sk\/pravo-na-odstupenie-od-zmluvy\/","name":"Pravica do umika - home-charging.eu","isPartOf":{"@id":"https:\/\/home-charging.eu\/es\/#website"},"datePublished":"2023-05-08T10:01:44+00:00","dateModified":"2023-10-31T10:38:14+00:00","breadcrumb":{"@id":"https:\/\/home-charging.eu\/sk\/pravo-na-odstupenie-od-zmluvy\/#breadcrumb"},"inLanguage":"sl-SI","potentialAction":[{"@type":"ReadAction","target":["https:\/\/home-charging.eu\/sk\/pravo-na-odstupenie-od-zmluvy\/"]}]},{"@type":"BreadcrumbList","@id":"https:\/\/home-charging.eu\/sk\/pravo-na-odstupenie-od-zmluvy\/#breadcrumb","itemListElement":[{"@type":"ListItem","position":1,"name":"Home","item":"https:\/\/home-charging.eu\/sl\/"},{"@type":"ListItem","position":2,"name":"Right of Withdrawal"}]},{"@type":"WebSite","@id":"https:\/\/home-charging.eu\/es\/#website","url":"https:\/\/home-charging.eu\/es\/","name":"home-charging.eu","description":"Na enem mestu boste na\u0161li vse svoje potrebe po obnovljivih virih energije in elektri\u010dnem prevozu, saj vam ponujamo \u0161iroko paleto izdelkov, ki ustrezajo vsakemu prora\u010dunu in potrebam.","publisher":{"@id":"https:\/\/home-charging.eu\/es\/#organization"},"potentialAction":[{"@type":"SearchAction","target":{"@type":"EntryPoint","urlTemplate":"https:\/\/home-charging.eu\/es\/?s={search_term_string}"},"query-input":{"@type":"PropertyValueSpecification","valueRequired":true,"valueName":"search_term_string"}}],"inLanguage":"sl-SI"},{"@type":"Organization","@id":"https:\/\/home-charging.eu\/es\/#organization","name":"home-charging.eu","url":"https:\/\/home-charging.eu\/es\/","logo":{"@type":"ImageObject","inLanguage":"sl-SI","@id":"https:\/\/home-charging.eu\/es\/#\/schema\/logo\/image\/","url":"https:\/\/home-charging.eu\/wp-content\/uploads\/2023\/03\/cropped-Logo-jo-szinu.png","contentUrl":"https:\/\/home-charging.eu\/wp-content\/uploads\/2023\/03\/cropped-Logo-jo-szinu.png","width":929,"height":97,"caption":"home-charging.eu"},"image":{"@id":"https:\/\/home-charging.eu\/es\/#\/schema\/logo\/image\/"}}]}},"_links":{"self":[{"href":"https:\/\/home-charging.eu\/sl\/wp-json\/wp\/v2\/pages\/3510","targetHints":{"allow":["GET"]}}],"collection":[{"href":"https:\/\/home-charging.eu\/sl\/wp-json\/wp\/v2\/pages"}],"about":[{"href":"https:\/\/home-charging.eu\/sl\/wp-json\/wp\/v2\/types\/page"}],"author":[{"embeddable":true,"href":"https:\/\/home-charging.eu\/sl\/wp-json\/wp\/v2\/users\/1"}],"replies":[{"embeddable":true,"href":"https:\/\/home-charging.eu\/sl\/wp-json\/wp\/v2\/comments?post=3510"}],"version-history":[{"count":46,"href":"https:\/\/home-charging.eu\/sl\/wp-json\/wp\/v2\/pages\/3510\/revisions"}],"predecessor-version":[{"id":4372,"href":"https:\/\/home-charging.eu\/sl\/wp-json\/wp\/v2\/pages\/3510\/revisions\/4372"}],"wp:attachment":[{"href":"https:\/\/home-charging.eu\/sl\/wp-json\/wp\/v2\/media?parent=3510"}],"curies":[{"name":"wp","href":"https:\/\/api.w.org\/{rel}","templated":true}]}}