{"id":37,"date":"2022-09-13T15:29:40","date_gmt":"2022-09-13T13:29:40","guid":{"rendered":"https:\/?page_id=37"},"modified":"2023-10-31T11:39:17","modified_gmt":"2023-10-31T10:39:17","slug":"refund_returns","status":"publish","type":"page","link":"https:\/\/home-charging.eu\/sl\/refund_returns\/","title":{"rendered":"VRA\u010cILA IN POVRA\u010cILA"},"content":{"rendered":"<div data-elementor-type=\"wp-page\" data-elementor-id=\"37\" class=\"elementor elementor-37\" data-elementor-post-type=\"page\">\n\t\t\t\t\t\t<section class=\"elementor-section elementor-top-section elementor-element elementor-element-1afcfb54 elementor-section-boxed elementor-section-height-default elementor-section-height-default\" data-id=\"1afcfb54\" data-element_type=\"section\" data-settings=\"{&quot;shape_divider_top&quot;:&quot;opacity-tilt&quot;}\">\n\t\t\t\t\t<div class=\"elementor-shape elementor-shape-top\" aria-hidden=\"true\" data-negative=\"false\">\n\t\t\t<svg xmlns=\"http:\/\/www.w3.org\/2000\/svg\" viewbox=\"0 0 2600 131.1\" preserveaspectratio=\"none\">\n\t<path class=\"elementor-shape-fill\" d=\"M0 0L2600 0 2600 69.1 0 0z\"\/>\n\t<path class=\"elementor-shape-fill\" style=\"opacity:0.5\" d=\"M0 0L2600 0 2600 69.1 0 69.1z\"\/>\n\t<path class=\"elementor-shape-fill\" style=\"opacity:0.25\" d=\"M2600 0L0 0 0 130.1 2600 69.1z\"\/>\n<\/svg>\t\t<\/div>\n\t\t\t\t\t<div class=\"elementor-container elementor-column-gap-no\">\n\t\t\t\t\t<div class=\"elementor-column elementor-col-100 elementor-top-column elementor-element elementor-element-128ac87\" data-id=\"128ac87\" data-element_type=\"column\">\n\t\t\t<div class=\"elementor-widget-wrap elementor-element-populated\">\n\t\t\t\t\t\t<div class=\"elementor-element elementor-element-400bd96f elementor-widget elementor-widget-heading\" data-id=\"400bd96f\" data-element_type=\"widget\" data-widget_type=\"heading.default\">\n\t\t\t\t<div class=\"elementor-widget-container\">\n\t\t\t\t\t<h2 class=\"elementor-heading-title elementor-size-default\">vra\u010dila in povra\u010dila<\/h2>\t\t\t\t<\/div>\n\t\t\t\t<\/div>\n\t\t\t\t<div class=\"elementor-element elementor-element-9513e98 elementor-widget-divider--view-line elementor-widget elementor-widget-divider\" data-id=\"9513e98\" data-element_type=\"widget\" data-widget_type=\"divider.default\">\n\t\t\t\t<div class=\"elementor-widget-container\">\n\t\t\t\t\t\t\t<div class=\"elementor-divider\">\n\t\t\t<span class=\"elementor-divider-separator\">\n\t\t\t\t\t\t<\/span>\n\t\t<\/div>\n\t\t\t\t\t\t<\/div>\n\t\t\t\t<\/div>\n\t\t\t\t<div class=\"elementor-element elementor-element-7d50ceb1 elementor-widget elementor-widget-text-editor\" data-id=\"7d50ceb1\" data-element_type=\"widget\" data-widget_type=\"text-editor.default\">\n\t\t\t\t<div class=\"elementor-widget-container\">\n\t\t\t\t\t\t\t\t\t<h4><strong>Pregled<\/strong><\/h4>\n<p><span style=\"font-weight: 400;\">Na\u0161a politika vra\u010dil in vra\u010dil traja 30 dni. \u010ce je od va\u0161ega nakupa minilo 30 dni, vam ne moremo ponuditi celotnega povra\u010dila ali zamenjave.<\/span><\/p>\n<p><span style=\"font-weight: 400;\">Dodatni predmeti, ki jih ni mogo\u010de vrniti:<\/span><\/p>\n<ul>\n<li style=\"font-weight: 400;\" aria-level=\"1\">\n<p><span style=\"font-weight: 400;\">Darilne kartice<\/span><\/p>\n<\/li>\n<li style=\"font-weight: 400;\" aria-level=\"1\">\n<p><span style=\"font-weight: 400;\">Programski izdelki, ki jih je mogo\u010de prenesti<\/span><\/p>\n<\/li>\n<\/ul>\n<p><span style=\"font-weight: 400;\">Za dokon\u010danje vra\u010dila potrebujemo ra\u010dun ali dokazilo o nakupu.<\/span><\/p>\n<p><span style=\"font-weight: 400;\">Nakupa ne po\u0161iljajte nazaj na na\u0161 naslov za izdajo ra\u010duna, saj blago prihaja iz centrov za izpolnjevanje. Upo\u0161tevajte, da mora kupec pla\u010dati pristojbino za povratno po\u0161iljanje.<\/span><\/p>\n<p><span style=\"font-weight: 400;\">V nekaterih primerih se odobrijo le delna povra\u010dila:<\/span><\/p>\n<ul>\n<li style=\"font-weight: 400;\" aria-level=\"1\">\n<p><span style=\"font-weight: 400;\">Vsak izdelek, ki ni v prvotnem stanju, je po\u0161kodovan ali mu manjkajo deli iz razlogov, ki niso posledica na\u0161e napake.<\/span><\/p>\n<\/li>\n<li style=\"font-weight: 400;\" aria-level=\"1\">\n<p><span style=\"font-weight: 400;\">Vsak izdelek, ki je vrnjen ve\u010d kot 30 dni po dostavi.<\/span><\/p>\n<\/li>\n<\/ul>\n<h4><strong>Nadomestila<\/strong><\/h4>\n<p><span style=\"font-weight: 400;\">Ko bomo prejeli in pregledali va\u0161 vrnjeni izdelek, vam bomo poslali e-po\u0161tno sporo\u010dilo, v katerem vas bomo obvestili, da smo prejeli va\u0161 vrnjeni izdelek. Obvestili vas bomo tudi o odobritvi ali zavrnitvi vra\u010dila.<\/span><\/p>\n<p><span style=\"font-weight: 400;\">\u010ce boste odobreni, bo va\u0161e povra\u010dilo obdelano, dobropis pa bo samodejno prenesen na va\u0161o kreditno kartico ali prvotni na\u010din pla\u010dila, obi\u010dajno v 3-5 delovnih dneh.<\/span><\/p>\n<p><strong>Zamujena ali manjkajo\u010da nadomestila<\/strong><\/p>\n<p><span style=\"font-weight: 400;\">\u010ce vra\u010dila \u0161e niste prejeli, najprej \u0161e enkrat preverite svoj ban\u010dni ra\u010dun.<\/span><\/p>\n<p><span style=\"font-weight: 400;\">Nato se obrnite na podjetje za kreditne kartice, saj lahko traja nekaj \u010dasa, preden bo povra\u010dilo uradno objavljeno.<\/span><\/p>\n<p><span style=\"font-weight: 400;\">Nato se obrnite na svojo banko. Pred knji\u017eenjem povra\u010dila pogosto prete\u010de nekaj \u010dasa za obdelavo.<\/span><\/p>\n<p><span style=\"font-weight: 400;\">\u010ce ste storili vse to in \u0161e vedno niste prejeli povra\u010dila, nam pi\u0161ite na hello@.<\/span><\/p>\n<h4><strong>Izmenjave<\/strong><\/h4>\n<p><span style=\"font-weight: 400;\">Izdelke zamenjamo le, \u010de so okvarjeni ali po\u0161kodovani. \u010ce ga \u017eelite zamenjati za enak izdelek, nam po\u0161ljite e-po\u0161tno sporo\u010dilo na naslov hello@.<\/span><\/p>\n<h4><strong>Vra\u010dila po\u0161iljk<\/strong><\/h4>\n<p><span style=\"font-weight: 400;\">\u010ce \u017eelite izdelek vrniti, boste od na\u0161e slu\u017ebe za podporo strankam prejeli e-po\u0161tno sporo\u010dilo z navodili.<\/span><\/p>\n<p><span style=\"font-weight: 400;\">Stro\u0161ke po\u0161iljanja za vra\u010dilo izdelka(-ov) boste pla\u010dali sami.\u00a0<\/span><\/p>\n<p><span style=\"font-weight: 400;\">Glede na to, kje \u017eivite, lahko traja, da izmenjani izdelek prispe do vas.<\/span><\/p>\n<p><span style=\"font-weight: 400;\">\u010ce vra\u010date dra\u017eje predmete, lahko razmislite o uporabi storitve za sledenje po\u0161iljk ali o nakupu zavarovanja po\u0161iljke.\u00a0<\/span><\/p>\n<h4><strong>Potrebujete pomo\u010d?<\/strong><\/h4>\n<p><span style=\"font-weight: 400;\">Za vpra\u0161anja v zvezi z vra\u010dili in vra\u010dili se obrnite na hello@.<\/span><\/p>\t\t\t\t\t\t\t\t<\/div>\n\t\t\t\t<\/div>\n\t\t\t\t\t<\/div>\n\t\t<\/div>\n\t\t\t\t\t<\/div>\n\t\t<\/section>\n\t\t\t\t<section class=\"elementor-section elementor-top-section elementor-element elementor-element-1baa5beb elementor-section-boxed elementor-section-height-default elementor-section-height-default\" data-id=\"1baa5beb\" data-element_type=\"section\" data-settings=\"{&quot;shape_divider_bottom&quot;:&quot;opacity-tilt&quot;}\">\n\t\t\t\t\t<div class=\"elementor-shape elementor-shape-bottom\" aria-hidden=\"true\" data-negative=\"false\">\n\t\t\t<svg xmlns=\"http:\/\/www.w3.org\/2000\/svg\" viewbox=\"0 0 2600 131.1\" preserveaspectratio=\"none\">\n\t<path class=\"elementor-shape-fill\" d=\"M0 0L2600 0 2600 69.1 0 0z\"\/>\n\t<path class=\"elementor-shape-fill\" style=\"opacity:0.5\" d=\"M0 0L2600 0 2600 69.1 0 69.1z\"\/>\n\t<path class=\"elementor-shape-fill\" style=\"opacity:0.25\" d=\"M2600 0L0 0 0 130.1 2600 69.1z\"\/>\n<\/svg>\t\t<\/div>\n\t\t\t\t\t<div class=\"elementor-container elementor-column-gap-default\">\n\t\t\t\t\t<div class=\"elementor-column elementor-col-100 elementor-top-column elementor-element elementor-element-21f68f74\" data-id=\"21f68f74\" data-element_type=\"column\">\n\t\t\t<div class=\"elementor-widget-wrap elementor-element-populated\">\n\t\t\t\t\t\t<div class=\"elementor-element elementor-element-2754604a elementor-widget-divider--view-line elementor-widget elementor-widget-divider\" data-id=\"2754604a\" data-element_type=\"widget\" data-widget_type=\"divider.default\">\n\t\t\t\t<div class=\"elementor-widget-container\">\n\t\t\t\t\t\t\t<div class=\"elementor-divider\">\n\t\t\t<span class=\"elementor-divider-separator\">\n\t\t\t\t\t\t<\/span>\n\t\t<\/div>\n\t\t\t\t\t\t<\/div>\n\t\t\t\t<\/div>\n\t\t\t\t<div class=\"elementor-element elementor-element-4409f8f6 elementor-widget elementor-widget-heading\" data-id=\"4409f8f6\" data-element_type=\"widget\" data-widget_type=\"heading.default\">\n\t\t\t\t<div class=\"elementor-widget-container\">\n\t\t\t\t\t<h2 class=\"elementor-heading-title elementor-size-default\">Mnenja strank<\/h2>\t\t\t\t<\/div>\n\t\t\t\t<\/div>\n\t\t\t\t<div class=\"elementor-element elementor-element-4e81332e elementor-widget-divider--view-line elementor-widget elementor-widget-divider\" data-id=\"4e81332e\" data-element_type=\"widget\" data-widget_type=\"divider.default\">\n\t\t\t\t<div class=\"elementor-widget-container\">\n\t\t\t\t\t\t\t<div class=\"elementor-divider\">\n\t\t\t<span class=\"elementor-divider-separator\">\n\t\t\t\t\t\t<\/span>\n\t\t<\/div>\n\t\t\t\t\t\t<\/div>\n\t\t\t\t<\/div>\n\t\t\t\t<div class=\"elementor-element elementor-element-129084ee elementor-widget elementor-widget-html\" data-id=\"129084ee\" data-element_type=\"widget\" data-widget_type=\"html.default\">\n\t\t\t\t<div class=\"elementor-widget-container\">\n\t\t\t\t\t<!-- Begin eTrusted widget tag -->\r\n<etrusted-widget data-etrusted-widget-id=\"wdg-8303d63b-094d-4f10-aa81-b16f41f19520\"><\/etrusted-widget>\r\n<!-- End eTrusted widget tag -->\t\t\t\t<\/div>\n\t\t\t\t<\/div>\n\t\t\t\t\t<\/div>\n\t\t<\/div>\n\t\t\t\t\t<\/div>\n\t\t<\/section>\n\t\t\t\t<\/div>","protected":false},"excerpt":{"rendered":"<p>vra\u010dila in povra\u010dila Pregled Na\u0161a politika vra\u010dil in povra\u010dil traja 30 dni. \u010ce je od va\u0161ega nakupa minilo 30 dni, vam ne moremo ponuditi celotnega povra\u010dila ali zamenjave. Dodatni izdelki, ki jih ni mogo\u010de vrniti: Za dokon\u010danje vra\u010dila potrebujemo ra\u010dun ali dokazilo o nakupu. Nakupa ne po\u0161iljajte v [...]<\/p>","protected":false},"author":1,"featured_media":0,"parent":0,"menu_order":0,"comment_status":"closed","ping_status":"closed","template":"elementor_header_footer","meta":{"footnotes":""},"class_list":["post-37","page","type-page","status-publish","hentry"],"yoast_head":"<!-- This site is optimized with the Yoast SEO plugin v25.3.1 - https:\/\/yoast.com\/wordpress\/plugins\/seo\/ -->\n<title>RETURNS AND REFUNDS - home-charging.eu<\/title>\n<meta name=\"robots\" content=\"index, follow, max-snippet:-1, max-image-preview:large, max-video-preview:-1\" \/>\n<link rel=\"canonical\" href=\"https:\/\/home-charging.eu\/sl\/refund_returns\/\" \/>\n<meta property=\"og:locale\" content=\"sl_SI\" \/>\n<meta property=\"og:type\" content=\"article\" \/>\n<meta property=\"og:title\" content=\"RETURNS AND REFUNDS - home-charging.eu\" \/>\n<meta property=\"og:description\" content=\"returns and refunds Overview Our refund and returns policy lasts 30 days. If 30 days have passed since your purchase, we can\u2019t offer you a full refund or exchange. Additional non-returnable items: Gift cards Downloadable software products To complete your return, we require a receipt or proof of purchase. Please do not send your purchase [&hellip;]\" \/>\n<meta property=\"og:url\" content=\"https:\/\/home-charging.eu\/sl\/refund_returns\/\" \/>\n<meta property=\"og:site_name\" content=\"home-charging.eu\" \/>\n<meta property=\"article:modified_time\" content=\"2023-10-31T10:39:17+00:00\" \/>\n<meta name=\"twitter:card\" content=\"summary_large_image\" \/>\n<meta name=\"twitter:label1\" content=\"Est. reading time\" \/>\n\t<meta name=\"twitter:data1\" content=\"2 minuti\" \/>\n<script type=\"application\/ld+json\" class=\"yoast-schema-graph\">{\"@context\":\"https:\/\/schema.org\",\"@graph\":[{\"@type\":\"WebPage\",\"@id\":\"https:\/\/home-charging.eu\/refund_returns\/\",\"url\":\"https:\/\/home-charging.eu\/refund_returns\/\",\"name\":\"RETURNS AND REFUNDS - home-charging.eu\",\"isPartOf\":{\"@id\":\"https:\/\/home-charging.eu\/es\/#website\"},\"datePublished\":\"2022-09-13T13:29:40+00:00\",\"dateModified\":\"2023-10-31T10:39:17+00:00\",\"breadcrumb\":{\"@id\":\"https:\/\/home-charging.eu\/refund_returns\/#breadcrumb\"},\"inLanguage\":\"sl-SI\",\"potentialAction\":[{\"@type\":\"ReadAction\",\"target\":[\"https:\/\/home-charging.eu\/refund_returns\/\"]}]},{\"@type\":\"BreadcrumbList\",\"@id\":\"https:\/\/home-charging.eu\/refund_returns\/#breadcrumb\",\"itemListElement\":[{\"@type\":\"ListItem\",\"position\":1,\"name\":\"Home\",\"item\":\"https:\/\/home-charging.eu\/sl\/\"},{\"@type\":\"ListItem\",\"position\":2,\"name\":\"RETURNS AND REFUNDS\"}]},{\"@type\":\"WebSite\",\"@id\":\"https:\/\/home-charging.eu\/es\/#website\",\"url\":\"https:\/\/home-charging.eu\/es\/\",\"name\":\"home-charging.eu\",\"description\":\"One-stop shop for all of your renewable energy and electric transportation needs, offering a wide range of products to suit every budget and need.\",\"publisher\":{\"@id\":\"https:\/\/home-charging.eu\/es\/#organization\"},\"potentialAction\":[{\"@type\":\"SearchAction\",\"target\":{\"@type\":\"EntryPoint\",\"urlTemplate\":\"https:\/\/home-charging.eu\/es\/?s={search_term_string}\"},\"query-input\":{\"@type\":\"PropertyValueSpecification\",\"valueRequired\":true,\"valueName\":\"search_term_string\"}}],\"inLanguage\":\"sl-SI\"},{\"@type\":\"Organization\",\"@id\":\"https:\/\/home-charging.eu\/es\/#organization\",\"name\":\"home-charging.eu\",\"url\":\"https:\/\/home-charging.eu\/es\/\",\"logo\":{\"@type\":\"ImageObject\",\"inLanguage\":\"sl-SI\",\"@id\":\"https:\/\/home-charging.eu\/es\/#\/schema\/logo\/image\/\",\"url\":\"https:\/\/home-charging.eu\/wp-content\/uploads\/2023\/03\/cropped-Logo-jo-szinu.png\",\"contentUrl\":\"https:\/\/home-charging.eu\/wp-content\/uploads\/2023\/03\/cropped-Logo-jo-szinu.png\",\"width\":929,\"height\":97,\"caption\":\"home-charging.eu\"},\"image\":{\"@id\":\"https:\/\/home-charging.eu\/es\/#\/schema\/logo\/image\/\"}}]}<\/script>\n<!-- \/ Yoast SEO plugin. -->","yoast_head_json":{"title":"VRA\u010cILA IN VRA\u010cILA - home-charging.eu","robots":{"index":"index","follow":"follow","max-snippet":"max-snippet:-1","max-image-preview":"max-image-preview:large","max-video-preview":"max-video-preview:-1"},"canonical":"https:\/\/home-charging.eu\/sl\/refund_returns\/","og_locale":"sl_SI","og_type":"article","og_title":"RETURNS AND REFUNDS - home-charging.eu","og_description":"returns and refunds Overview Our refund and returns policy lasts 30 days. If 30 days have passed since your purchase, we can\u2019t offer you a full refund or exchange. Additional non-returnable items: Gift cards Downloadable software products To complete your return, we require a receipt or proof of purchase. Please do not send your purchase [&hellip;]","og_url":"https:\/\/home-charging.eu\/sl\/refund_returns\/","og_site_name":"home-charging.eu","article_modified_time":"2023-10-31T10:39:17+00:00","twitter_card":"summary_large_image","twitter_misc":{"Est. reading time":"2 minuti"},"schema":{"@context":"https:\/\/schema.org","@graph":[{"@type":"WebPage","@id":"https:\/\/home-charging.eu\/refund_returns\/","url":"https:\/\/home-charging.eu\/refund_returns\/","name":"VRA\u010cILA IN VRA\u010cILA - home-charging.eu","isPartOf":{"@id":"https:\/\/home-charging.eu\/es\/#website"},"datePublished":"2022-09-13T13:29:40+00:00","dateModified":"2023-10-31T10:39:17+00:00","breadcrumb":{"@id":"https:\/\/home-charging.eu\/refund_returns\/#breadcrumb"},"inLanguage":"sl-SI","potentialAction":[{"@type":"ReadAction","target":["https:\/\/home-charging.eu\/refund_returns\/"]}]},{"@type":"BreadcrumbList","@id":"https:\/\/home-charging.eu\/refund_returns\/#breadcrumb","itemListElement":[{"@type":"ListItem","position":1,"name":"Home","item":"https:\/\/home-charging.eu\/sl\/"},{"@type":"ListItem","position":2,"name":"RETURNS AND REFUNDS"}]},{"@type":"WebSite","@id":"https:\/\/home-charging.eu\/es\/#website","url":"https:\/\/home-charging.eu\/es\/","name":"home-charging.eu","description":"Na enem mestu boste na\u0161li vse svoje potrebe po obnovljivih virih energije in elektri\u010dnem prevozu, saj vam ponujamo \u0161iroko paleto izdelkov, ki ustrezajo vsakemu prora\u010dunu in potrebam.","publisher":{"@id":"https:\/\/home-charging.eu\/es\/#organization"},"potentialAction":[{"@type":"SearchAction","target":{"@type":"EntryPoint","urlTemplate":"https:\/\/home-charging.eu\/es\/?s={search_term_string}"},"query-input":{"@type":"PropertyValueSpecification","valueRequired":true,"valueName":"search_term_string"}}],"inLanguage":"sl-SI"},{"@type":"Organization","@id":"https:\/\/home-charging.eu\/es\/#organization","name":"home-charging.eu","url":"https:\/\/home-charging.eu\/es\/","logo":{"@type":"ImageObject","inLanguage":"sl-SI","@id":"https:\/\/home-charging.eu\/es\/#\/schema\/logo\/image\/","url":"https:\/\/home-charging.eu\/wp-content\/uploads\/2023\/03\/cropped-Logo-jo-szinu.png","contentUrl":"https:\/\/home-charging.eu\/wp-content\/uploads\/2023\/03\/cropped-Logo-jo-szinu.png","width":929,"height":97,"caption":"home-charging.eu"},"image":{"@id":"https:\/\/home-charging.eu\/es\/#\/schema\/logo\/image\/"}}]}},"_links":{"self":[{"href":"https:\/\/home-charging.eu\/sl\/wp-json\/wp\/v2\/pages\/37","targetHints":{"allow":["GET"]}}],"collection":[{"href":"https:\/\/home-charging.eu\/sl\/wp-json\/wp\/v2\/pages"}],"about":[{"href":"https:\/\/home-charging.eu\/sl\/wp-json\/wp\/v2\/types\/page"}],"author":[{"embeddable":true,"href":"https:\/\/home-charging.eu\/sl\/wp-json\/wp\/v2\/users\/1"}],"replies":[{"embeddable":true,"href":"https:\/\/home-charging.eu\/sl\/wp-json\/wp\/v2\/comments?post=37"}],"version-history":[{"count":55,"href":"https:\/\/home-charging.eu\/sl\/wp-json\/wp\/v2\/pages\/37\/revisions"}],"predecessor-version":[{"id":4378,"href":"https:\/\/home-charging.eu\/sl\/wp-json\/wp\/v2\/pages\/37\/revisions\/4378"}],"wp:attachment":[{"href":"https:\/\/home-charging.eu\/sl\/wp-json\/wp\/v2\/media?parent=37"}],"curies":[{"name":"wp","href":"https:\/\/api.w.org\/{rel}","templated":true}]}}